{"id":15984,"date":"2026-03-29T13:19:39","date_gmt":"2026-03-29T12:19:39","guid":{"rendered":"https:\/\/bigbuy.tupique.com\/produto\/ladiesearrings-gucci-gg-running-2\/"},"modified":"2026-04-15T00:14:26","modified_gmt":"2026-04-14T23:14:26","slug":"ladiesearrings-gucci-gg-running-2","status":"publish","type":"product","link":"https:\/\/bigbuy.tupique.com\/en\/produto\/ladiesearrings-gucci-gg-running-2\/","title":{"rendered":"Boucles d\u00b4oreilles Femme Gucci GG RUNNING"},"content":{"rendered":"<p>Nous vons pr\u00e9sentons <b>Boucles d\u00b4oreilles Femme Gucci GG RUNNING<\/b> et une vaste gamme de bagues, bracelets, boucles d&#8217;oreilles et pendentifs etc. \u00e0 bon prix. D\u00e9couvrez d&#8217;exclusifs et \u00e9l\u00e9gants articles de bijouterie et de bijouterie fantaisie pour tous les go\u00fbts.<\/p>\n<ul>\n<li>Type: Boucles d\u00b4oreilles Femme<\/li>\n<li>Genre: Femme<\/li>\n<li>Type de fermeture: A pression<\/li>\n<li>Couleur: Argent\u00e9<\/li>\n<\/ul>","protected":false},"excerpt":{"rendered":"<p>Nous vons pr\u00e9sentons Boucles d\u00b4oreilles Femme Gucci GG RUNNING et une vaste gamme de bagues, bracelets, boucles d&#8217;oreilles et pendentifs etc. \u00e0 bon prix. D\u00e9couvrez d&#8217;exclusifs et \u00e9l\u00e9gants articles de bijouterie et de bijouterie fantaisie pour tous les go\u00fbts. Type: Boucles d\u00b4oreilles Femme Genre: Femme Type de fermeture: A pression Couleur: Argent\u00e9<\/p>","protected":false},"featured_media":15983,"comment_status":"open","ping_status":"closed","template":"","meta":[],"product_brand":[804],"product_cat":[547,548,749,544],"product_tag":[103,542],"class_list":{"0":"post-15984","1":"product","2":"type-product","3":"status-publish","4":"has-post-thumbnail","6":"product_brand-brandp_389","7":"product_cat-accessoires","8":"product_cat-bijoux","9":"product_cat-boucles-d-oreilles","10":"product_cat-mode-accessoires","11":"product_tag-tag_1261","12":"product_tag-tag_1274","14":"first","15":"instock","16":"taxable","17":"shipping-taxable","18":"purchasable","19":"product-type-simple"},"_links":{"self":[{"href":"https:\/\/bigbuy.tupique.com\/en\/wp-json\/wp\/v2\/product\/15984","targetHints":{"allow":["GET"]}}],"collection":[{"href":"https:\/\/bigbuy.tupique.com\/en\/wp-json\/wp\/v2\/product"}],"about":[{"href":"https:\/\/bigbuy.tupique.com\/en\/wp-json\/wp\/v2\/types\/product"}],"replies":[{"embeddable":true,"href":"https:\/\/bigbuy.tupique.com\/en\/wp-json\/wp\/v2\/comments?post=15984"}],"wp:featuredmedia":[{"embeddable":true,"href":"https:\/\/bigbuy.tupique.com\/en\/wp-json\/wp\/v2\/media\/15983"}],"wp:attachment":[{"href":"https:\/\/bigbuy.tupique.com\/en\/wp-json\/wp\/v2\/media?parent=15984"}],"wp:term":[{"taxonomy":"product_brand","embeddable":true,"href":"https:\/\/bigbuy.tupique.com\/en\/wp-json\/wp\/v2\/product_brand?post=15984"},{"taxonomy":"product_cat","embeddable":true,"href":"https:\/\/bigbuy.tupique.com\/en\/wp-json\/wp\/v2\/product_cat?post=15984"},{"taxonomy":"product_tag","embeddable":true,"href":"https:\/\/bigbuy.tupique.com\/en\/wp-json\/wp\/v2\/product_tag?post=15984"}],"curies":[{"name":"wp","href":"https:\/\/api.w.org\/{rel}","templated":true}]}}