{"id":15966,"date":"2026-03-29T13:19:18","date_gmt":"2026-03-29T12:19:18","guid":{"rendered":"https:\/\/bigbuy.tupique.com\/produto\/induction-hot-plate-bosch-pue611bb5e-60-cm-60-cm\/"},"modified":"2026-04-16T16:51:34","modified_gmt":"2026-04-16T15:51:34","slug":"induction-hot-plate-bosch-pue611bb5e-60-cm-60-cm","status":"publish","type":"product","link":"https:\/\/bigbuy.tupique.com\/en\/produto\/induction-hot-plate-bosch-pue611bb5e-60-cm-60-cm\/","title":{"rendered":"Plaque \u00e0 Induction BOSCH PUE611BB5E 60 cm (60 CM)"},"content":{"rendered":"<p>Si vous pensez r\u00e9nover votre cuisine, achetez <b>Plaque \u00e0 Induction BOSCH PUE611BB5E 60 cm (60 CM)<\/b> et d\u00b4autres <b>produits BOSCH<\/b> !<\/p>\n<ul>\n<li>Zones de cuisson: 4<\/li>\n<li>Largeur: 60 cm<\/li>\n<li>puissance: 4600 W<\/li>\n<li>Niveaux de puissance: 17<\/li>\n<li>Produit \u00e0 brancher: Oui<\/li>\n<li>Type de prise: Prise EU<\/li>\n<li>Fonctions: Minuterie<\/li>\n<li>Type:\n<ul>\n<li>Plaque \u00e0 Induction<\/li>\n<li>Int\u00e9gr\u00e9<\/li>\n<\/ul>\n<\/li>\n<li>Couleur: Noir<\/li>\n<li>Caract\u00e9ristiques: Verrouillage pour enfants<\/li>\n<li>Poids: 10,5 kg<\/li>\n<li>Forme: Rond<\/li>\n<li>Bloc d\u2019Alimentation:\n<ul>\n<li>\u00c9lectrique<\/li>\n<li>C\u00e2ble \u00e9lectrique<\/li>\n<\/ul>\n<\/li>\n<li>Type de commande: Tactile<\/li>\n<li>Tension: 220-240 V<\/li>\n<li>Design: Sans cadre<\/li>\n<\/ul>","protected":false},"excerpt":{"rendered":"<p>Si vous pensez r\u00e9nover votre cuisine, achetez Plaque \u00e0 Induction BOSCH PUE611BB5E 60 cm (60 CM) et d\u00b4autres produits BOSCH ! Zones de cuisson: 4 Largeur: 60 cm puissance: 4600 W Niveaux de puissance: 17 Produit \u00e0 brancher: Oui Type de prise: Prise EU Fonctions: Minuterie Type: Plaque \u00e0 Induction Int\u00e9gr\u00e9 Couleur: Noir Caract\u00e9ristiques: Verrouillage [&hellip;]<\/p>\n","protected":false},"featured_media":15963,"comment_status":"open","ping_status":"closed","template":"","meta":[],"product_brand":[162],"product_cat":[60,77,78],"product_tag":[55,59,56],"class_list":{"0":"post-15966","1":"product","2":"type-product","3":"status-publish","4":"has-post-thumbnail","6":"product_brand-brandp_959","7":"product_cat-cuisine-gourmet","8":"product_cat-petit-electromenager","9":"product_cat-plaques-de-cuisson","10":"product_tag-tag_926","11":"product_tag-tag_1304","12":"product_tag-tag_930","14":"first","15":"instock","16":"taxable","17":"shipping-taxable","18":"purchasable","19":"product-type-simple"},"_links":{"self":[{"href":"https:\/\/bigbuy.tupique.com\/en\/wp-json\/wp\/v2\/product\/15966","targetHints":{"allow":["GET"]}}],"collection":[{"href":"https:\/\/bigbuy.tupique.com\/en\/wp-json\/wp\/v2\/product"}],"about":[{"href":"https:\/\/bigbuy.tupique.com\/en\/wp-json\/wp\/v2\/types\/product"}],"replies":[{"embeddable":true,"href":"https:\/\/bigbuy.tupique.com\/en\/wp-json\/wp\/v2\/comments?post=15966"}],"wp:featuredmedia":[{"embeddable":true,"href":"https:\/\/bigbuy.tupique.com\/en\/wp-json\/wp\/v2\/media\/15963"}],"wp:attachment":[{"href":"https:\/\/bigbuy.tupique.com\/en\/wp-json\/wp\/v2\/media?parent=15966"}],"wp:term":[{"taxonomy":"product_brand","embeddable":true,"href":"https:\/\/bigbuy.tupique.com\/en\/wp-json\/wp\/v2\/product_brand?post=15966"},{"taxonomy":"product_cat","embeddable":true,"href":"https:\/\/bigbuy.tupique.com\/en\/wp-json\/wp\/v2\/product_cat?post=15966"},{"taxonomy":"product_tag","embeddable":true,"href":"https:\/\/bigbuy.tupique.com\/en\/wp-json\/wp\/v2\/product_tag?post=15966"}],"curies":[{"name":"wp","href":"https:\/\/api.w.org\/{rel}","templated":true}]}}