{"id":15938,"date":"2026-03-29T13:18:43","date_gmt":"2026-03-29T12:18:43","guid":{"rendered":"https:\/\/bigbuy.tupique.com\/produto\/food-processor-ninja-op500-75-l-1760-w\/"},"modified":"2026-04-16T20:16:39","modified_gmt":"2026-04-16T19:16:39","slug":"food-processor-ninja-op500-75-l-1760-w","status":"publish","type":"product","link":"https:\/\/bigbuy.tupique.com\/en\/produto\/food-processor-ninja-op500-75-l-1760-w\/","title":{"rendered":"Robot culinaire NINJA OP500 7,5 L 1760 W"},"content":{"rendered":"<p>Si vous recherchez des \u00e9lectrom\u00e9nagers pour votre maison aux meilleurs prix, ne manquez pas <b>Robot culinaire NINJA OP500 7,5 L 1760 W<\/b> et une large s\u00e9lection de petits \u00e9lectrom\u00e9nagers de qualit\u00e9 !<\/p>\n<p>Le <b>Ninja Foodi MAX OP500<\/b> est un <b>robot de cuisine<\/b> multifonction qui combine l\u2019efficacit\u00e9 d\u2019une <b>cocotte \u00e9lectrique programmable<\/b> avec une capacit\u00e9 exceptionnelle de <b>7,5 litres<\/b>, id\u00e9ale pour pr\u00e9parer des rago\u00fbts comme des plats croustillants pour toute la famille. Avec une puissance de <b>1760 W<\/b>, cet appareil permet une cuisson rapide et uniforme gr\u00e2ce \u00e0 sa technologie exclusive <b>TenderCrisp<\/b>, qui offre des textures croustillantes \u00e0 l\u2019ext\u00e9rieur et juteuses \u00e0 l\u2019int\u00e9rieur. Sa polyvalence se manifeste par ses nombreuses fonctions int\u00e9gr\u00e9es, incluant la <b>cuisson sous pression, Air Crisp, cuisson lente, vapeur, sautage, cuisson au four\/r\u00f4tissage, grill, yaourt et d\u00e9shydratation<\/b>, couvrant ainsi un large \u00e9ventail de techniques culinaires avec un seul appareil. De plus, il int\u00e8gre <b>deux paniers r\u00e9versibles \u00e0 niveaux<\/b> pour faciliter la pr\u00e9paration simultan\u00e9e de plusieurs aliments et un r\u00e9cipient antiadh\u00e9sif facile \u00e0 nettoyer, compatible lave-vaisselle, pour une utilisation plus pratique. Son design associe des tons <b>noir<\/b>, <b>argent\u00e9<\/b> et <b>noir<\/b>, alliant modernit\u00e9 et robustesse, avec des d\u00e9tails pratiques comme la <b>poign\u00e9e de transport<\/b> et le <b>bouton pause<\/b> pour contr\u00f4ler la cuisson \u00e0 tout moment. Son <b>interrupteur marche\/arr\u00eat<\/b> garantit une manipulation simple et s\u00fbre, r\u00e9pondant aux besoins des foyers recherchant efficacit\u00e9 et automatisation sans complication. Le Ninja Foodi MAX OP500 se positionne comme une solution compl\u00e8te pour ceux qui valorisent capacit\u00e9, puissance et vari\u00e9t\u00e9 fonctionnelle dans un seul appareil, id\u00e9al pour optimiser le temps en cuisine sans sacrifier la qualit\u00e9 des r\u00e9sultats culinaires.<\/p>\n<ul>\n<li>Type: Casserole \u00e9lectrique programmable<\/li>\n<li>Capacit\u00e9:\n<ul>\n<li>7,5 L<\/li>\n<li>6<\/li>\n<\/ul>\n<\/li>\n<li>Couleur:\n<ul>\n<li>Noir<\/li>\n<li>Argent\u00e9<\/li>\n<li>noir<\/li>\n<\/ul>\n<\/li>\n<li>puissance: 1760 W<\/li>\n<li>Produit \u00e0 brancher: Oui<\/li>\n<li>Type de prise: Prise EU<\/li>\n<li>Bloc d\u2019Alimentation: r\u00e9seau \u00e9lectrique<\/li>\n<li>Largeur: 39 cm<\/li>\n<li>Caract\u00e9ristiques:\n<ul>\n<li>Bouton de Pause<\/li>\n<li>Anse de transport<\/li>\n<li>Anti-adh\u00e9rente<\/li>\n<li>Interrupteur marche\/arr\u00eat<\/li>\n<li>Base antid\u00e9rapante<\/li>\n<li>\u00c9cran integr\u00e9<\/li>\n<li>Facile \u00e0 nettoyer<\/li>\n<\/ul>\n<\/li>\n<li>Mode d&#8217;\u00e9clairage: T\u00e9moin<\/li>\n<li>Type de commande: Plaque Tournante<\/li>\n<li>Inclut: Minuterie<\/li>\n<li>\u00c9lev\u00e9: 35 cm<\/li>\n<\/ul>","protected":false},"excerpt":{"rendered":"<p>Si vous recherchez des \u00e9lectrom\u00e9nagers pour votre maison aux meilleurs prix, ne manquez pas Robot culinaire NINJA OP500 7,5 L 1760 W et une large s\u00e9lection de petits \u00e9lectrom\u00e9nagers de qualit\u00e9 ! Le Ninja Foodi MAX OP500 est un robot de cuisine multifonction qui combine l\u2019efficacit\u00e9 d\u2019une cocotte \u00e9lectrique programmable avec une capacit\u00e9 exceptionnelle de [&hellip;]<\/p>\n","protected":false},"featured_media":15936,"comment_status":"open","ping_status":"closed","template":"","meta":[],"product_brand":[287],"product_cat":[60,77,745],"product_tag":[55,59],"class_list":{"0":"post-15938","1":"product","2":"type-product","3":"status-publish","4":"has-post-thumbnail","6":"product_brand-brandp_6527","7":"product_cat-cuisine-gourmet","8":"product_cat-petit-electromenager","9":"product_cat-poeles-electriques","10":"product_tag-tag_926","11":"product_tag-tag_1304","13":"first","14":"instock","15":"taxable","16":"shipping-taxable","17":"purchasable","18":"product-type-simple"},"_links":{"self":[{"href":"https:\/\/bigbuy.tupique.com\/en\/wp-json\/wp\/v2\/product\/15938","targetHints":{"allow":["GET"]}}],"collection":[{"href":"https:\/\/bigbuy.tupique.com\/en\/wp-json\/wp\/v2\/product"}],"about":[{"href":"https:\/\/bigbuy.tupique.com\/en\/wp-json\/wp\/v2\/types\/product"}],"replies":[{"embeddable":true,"href":"https:\/\/bigbuy.tupique.com\/en\/wp-json\/wp\/v2\/comments?post=15938"}],"wp:featuredmedia":[{"embeddable":true,"href":"https:\/\/bigbuy.tupique.com\/en\/wp-json\/wp\/v2\/media\/15936"}],"wp:attachment":[{"href":"https:\/\/bigbuy.tupique.com\/en\/wp-json\/wp\/v2\/media?parent=15938"}],"wp:term":[{"taxonomy":"product_brand","embeddable":true,"href":"https:\/\/bigbuy.tupique.com\/en\/wp-json\/wp\/v2\/product_brand?post=15938"},{"taxonomy":"product_cat","embeddable":true,"href":"https:\/\/bigbuy.tupique.com\/en\/wp-json\/wp\/v2\/product_cat?post=15938"},{"taxonomy":"product_tag","embeddable":true,"href":"https:\/\/bigbuy.tupique.com\/en\/wp-json\/wp\/v2\/product_tag?post=15938"}],"curies":[{"name":"wp","href":"https:\/\/api.w.org\/{rel}","templated":true}]}}