{"id":15931,"date":"2026-03-29T13:18:36","date_gmt":"2026-03-29T12:18:36","guid":{"rendered":"https:\/\/bigbuy.tupique.com\/produto\/food-processor-ninja-op300-6-l-1460-w\/"},"modified":"2026-04-16T20:16:38","modified_gmt":"2026-04-16T19:16:38","slug":"food-processor-ninja-op300-6-l-1460-w","status":"publish","type":"product","link":"https:\/\/bigbuy.tupique.com\/en\/produto\/food-processor-ninja-op300-6-l-1460-w\/","title":{"rendered":"Robot culinaire NINJA OP300 6 L 1460 W"},"content":{"rendered":"<p>Si vous recherchez des \u00e9lectrom\u00e9nagers pour votre maison aux meilleurs prix, ne manquez pas <b>Robot culinaire NINJA OP300 6 L 1460 W<\/b> et une large s\u00e9lection de petits \u00e9lectrom\u00e9nagers de qualit\u00e9 !<\/p>\n<ul>\n<li>Type: Casserole \u00e9lectrique programmable<\/li>\n<li>Capacit\u00e9: 6 L<\/li>\n<li>Couleur:\n<ul>\n<li>Noir<\/li>\n<li>Argent\u00e9<\/li>\n<li>Gris<\/li>\n<li>noir<\/li>\n<\/ul>\n<\/li>\n<li>puissance: 1460 W<\/li>\n<li>Produit \u00e0 brancher: Oui<\/li>\n<li>Type de prise: Prise EU<\/li>\n<li>Bloc d\u2019Alimentation: r\u00e9seau \u00e9lectrique<\/li>\n<li>Largeur: 43 cm<\/li>\n<li>Long: 36 cm<\/li>\n<li>Mati\u00e8re: Plastique<\/li>\n<li>Caract\u00e9ristiques:\n<ul>\n<li>Bouton de Pause<\/li>\n<li>Anse de transport<\/li>\n<li>Anti-adh\u00e9rente<\/li>\n<li>Base antid\u00e9rapante<\/li>\n<li>\u00c9cran integr\u00e9<\/li>\n<li>Facile \u00e0 nettoyer<\/li>\n<li>Sans BPA<\/li>\n<\/ul>\n<\/li>\n<li>Mode d&#8217;\u00e9clairage: T\u00e9moin<\/li>\n<li>Type de commande: Tactile<\/li>\n<li>Inclut: Minuterie<\/li>\n<\/ul>","protected":false},"excerpt":{"rendered":"<p><span class=\"unit-info\">54.8317 &euro; \/ 1 l<\/span><\/p>","protected":false},"featured_media":15930,"comment_status":"open","ping_status":"closed","template":"","meta":[],"product_brand":[287],"product_cat":[60,77,745],"product_tag":[55,59],"class_list":{"0":"post-15931","1":"product","2":"type-product","3":"status-publish","4":"has-post-thumbnail","6":"product_brand-brandp_6527","7":"product_cat-cuisine-gourmet","8":"product_cat-petit-electromenager","9":"product_cat-poeles-electriques","10":"product_tag-tag_926","11":"product_tag-tag_1304","13":"first","14":"instock","15":"taxable","16":"shipping-taxable","17":"purchasable","18":"product-type-simple"},"_links":{"self":[{"href":"https:\/\/bigbuy.tupique.com\/en\/wp-json\/wp\/v2\/product\/15931","targetHints":{"allow":["GET"]}}],"collection":[{"href":"https:\/\/bigbuy.tupique.com\/en\/wp-json\/wp\/v2\/product"}],"about":[{"href":"https:\/\/bigbuy.tupique.com\/en\/wp-json\/wp\/v2\/types\/product"}],"replies":[{"embeddable":true,"href":"https:\/\/bigbuy.tupique.com\/en\/wp-json\/wp\/v2\/comments?post=15931"}],"wp:featuredmedia":[{"embeddable":true,"href":"https:\/\/bigbuy.tupique.com\/en\/wp-json\/wp\/v2\/media\/15930"}],"wp:attachment":[{"href":"https:\/\/bigbuy.tupique.com\/en\/wp-json\/wp\/v2\/media?parent=15931"}],"wp:term":[{"taxonomy":"product_brand","embeddable":true,"href":"https:\/\/bigbuy.tupique.com\/en\/wp-json\/wp\/v2\/product_brand?post=15931"},{"taxonomy":"product_cat","embeddable":true,"href":"https:\/\/bigbuy.tupique.com\/en\/wp-json\/wp\/v2\/product_cat?post=15931"},{"taxonomy":"product_tag","embeddable":true,"href":"https:\/\/bigbuy.tupique.com\/en\/wp-json\/wp\/v2\/product_tag?post=15931"}],"curies":[{"name":"wp","href":"https:\/\/api.w.org\/{rel}","templated":true}]}}