{"id":15927,"date":"2026-03-29T13:18:32","date_gmt":"2026-03-29T12:18:32","guid":{"rendered":"https:\/\/bigbuy.tupique.com\/produto\/food-processor-kenwood-kvl4110s-steel-1200-w\/"},"modified":"2026-04-16T19:06:12","modified_gmt":"2026-04-16T18:06:12","slug":"food-processor-kenwood-kvl4110s-steel-1200-w","status":"publish","type":"product","link":"https:\/\/bigbuy.tupique.com\/en\/produto\/food-processor-kenwood-kvl4110s-steel-1200-w\/","title":{"rendered":"Robot culinaire Kenwood KVL4110S Acier 1200 W"},"content":{"rendered":"<p>Si vous recherchez des \u00e9lectrom\u00e9nagers pour votre maison aux meilleurs prix, ne manquez pas <b>Robot culinaire Kenwood KVL4110S Acier 1200 W<\/b> et une large s\u00e9lection de petits \u00e9lectrom\u00e9nagers de qualit\u00e9 !<\/p>\n<p>Le <b>Kenwood KVL4110S<\/b> est un <b>robot de cuisine<\/b> con\u00e7u pour r\u00e9pondre aux besoins des amateurs comme des professionnels de la p\u00e2tisserie et de la cuisine en g\u00e9n\u00e9ral, se distinguant par sa construction robuste et des mat\u00e9riaux de haute qualit\u00e9 tels que le <b>m\u00e9tal<\/b> et l\u2019<b>acier inoxydable<\/b> avec une finition <b>gris et argent\u00e9<\/b> garantissant durabilit\u00e9 et esth\u00e9tique moderne. \u00c9quip\u00e9 d\u2019un moteur puissant de <b>1200 W<\/b>, il offre une performance optimale pour traiter de grandes quantit\u00e9s, facilit\u00e9 par un <b>bol grande capacit\u00e9 de 6,7 litres<\/b> permettant de pr\u00e9parer des p\u00e2tes et m\u00e9langes volumineux, ainsi qu\u2019un <b>blender additionnel de 1,7 litre<\/b> qui \u00e9tend les fonctionnalit\u00e9s de l\u2019appareil. Ce mod\u00e8le int\u00e8gre un <b>variateur de vitesse \u00e9lectronique<\/b> pour un contr\u00f4le pr\u00e9cis, avec une <b>fonction pulse<\/b> apportant plus de polyvalence pour les ingr\u00e9dients d\u00e9licats ou les textures sp\u00e9cifiques. Son <b>mouvement plan\u00e9taire<\/b> assure un m\u00e9lange uniforme et efficace des fouets, tandis que l\u2019<b>ouverture assist\u00e9e de la t\u00eate<\/b> facilite l\u2019acc\u00e8s au bol, am\u00e9liorant confort et s\u00e9curit\u00e9 d\u2019utilisation. La structure du robot est compos\u00e9e d\u2019un <b>corps m\u00e9tallique<\/b> solide contribuant \u00e0 sa stabilit\u00e9 et long\u00e9vit\u00e9, et d\u2019un moteur silencieux r\u00e9duisant le bruit habituel de ce type d\u2019appareils. Il est livr\u00e9 avec un kit complet de p\u00e2tisserie comprenant fouet, batteur et p\u00e9trin, ainsi qu\u2019un livre de recettes pour inspirer l\u2019utilisateur et un couvercle anti-projection pour maintenir la propret\u00e9 pendant la pr\u00e9paration. Ce <b>Kenwood Chef XL<\/b> allie puissance, capacit\u00e9 et fonctionnalit\u00e9 dans un appareil con\u00e7u pour optimiser les t\u00e2ches culinaires quotidiennes avec une qualit\u00e9 professionnelle et une garantie de 2 ans. C\u2019est une solution compl\u00e8te pour ceux qui recherchent un robot fiable et polyvalent avec de nombreux accessoires et une construction robuste.<\/p>\n<ul>\n<li>Couleur:\n<ul>\n<li>Acier<\/li>\n<li>Gris<\/li>\n<li>Silver<\/li>\n<li>Argent\u00e9<\/li>\n<\/ul>\n<\/li>\n<li>Produit \u00e0 brancher: Oui<\/li>\n<li>Type de prise: Prise EU<\/li>\n<li>Bloc d\u2019Alimentation: r\u00e9seau \u00e9lectrique<\/li>\n<li>Dimensions approx.:\n<ul>\n<li>38 cm<\/li>\n<li>28,5 cm<\/li>\n<\/ul>\n<\/li>\n<li>Mati\u00e8re:\n<ul>\n<li>M\u00e9tal<\/li>\n<li>Acier inoxydable<\/li>\n<\/ul>\n<\/li>\n<li>puissance: 1200 W<\/li>\n<\/ul>","protected":false},"excerpt":{"rendered":"<p>Si vous recherchez des \u00e9lectrom\u00e9nagers pour votre maison aux meilleurs prix, ne manquez pas Robot culinaire Kenwood KVL4110S Acier 1200 W et une large s\u00e9lection de petits \u00e9lectrom\u00e9nagers de qualit\u00e9 ! Le Kenwood KVL4110S est un robot de cuisine con\u00e7u pour r\u00e9pondre aux besoins des amateurs comme des professionnels de la p\u00e2tisserie et de la [&hellip;]<\/p>\n","protected":false},"featured_media":15923,"comment_status":"open","ping_status":"closed","template":"","meta":[],"product_brand":[318],"product_cat":[60,77,724],"product_tag":[55,59,56],"class_list":{"0":"post-15927","1":"product","2":"type-product","3":"status-publish","4":"has-post-thumbnail","6":"product_brand-brandp_1023","7":"product_cat-cuisine-gourmet","8":"product_cat-petit-electromenager","9":"product_cat-robots-de-cuisine","10":"product_tag-tag_926","11":"product_tag-tag_1304","12":"product_tag-tag_930","14":"first","15":"instock","16":"taxable","17":"shipping-taxable","18":"purchasable","19":"product-type-simple"},"_links":{"self":[{"href":"https:\/\/bigbuy.tupique.com\/en\/wp-json\/wp\/v2\/product\/15927","targetHints":{"allow":["GET"]}}],"collection":[{"href":"https:\/\/bigbuy.tupique.com\/en\/wp-json\/wp\/v2\/product"}],"about":[{"href":"https:\/\/bigbuy.tupique.com\/en\/wp-json\/wp\/v2\/types\/product"}],"replies":[{"embeddable":true,"href":"https:\/\/bigbuy.tupique.com\/en\/wp-json\/wp\/v2\/comments?post=15927"}],"wp:featuredmedia":[{"embeddable":true,"href":"https:\/\/bigbuy.tupique.com\/en\/wp-json\/wp\/v2\/media\/15923"}],"wp:attachment":[{"href":"https:\/\/bigbuy.tupique.com\/en\/wp-json\/wp\/v2\/media?parent=15927"}],"wp:term":[{"taxonomy":"product_brand","embeddable":true,"href":"https:\/\/bigbuy.tupique.com\/en\/wp-json\/wp\/v2\/product_brand?post=15927"},{"taxonomy":"product_cat","embeddable":true,"href":"https:\/\/bigbuy.tupique.com\/en\/wp-json\/wp\/v2\/product_cat?post=15927"},{"taxonomy":"product_tag","embeddable":true,"href":"https:\/\/bigbuy.tupique.com\/en\/wp-json\/wp\/v2\/product_tag?post=15927"}],"curies":[{"name":"wp","href":"https:\/\/api.w.org\/{rel}","templated":true}]}}