{"id":15919,"date":"2026-03-29T13:18:21","date_gmt":"2026-03-29T12:18:21","guid":{"rendered":"https:\/\/bigbuy.tupique.com\/produto\/microwave-with-grill-samsung-mg20a7013cb-20-l-1100-w\/"},"modified":"2026-04-16T21:20:56","modified_gmt":"2026-04-16T20:20:56","slug":"microwave-with-grill-samsung-mg20a7013cb-20-l-1100-w","status":"publish","type":"product","link":"https:\/\/bigbuy.tupique.com\/en\/produto\/microwave-with-grill-samsung-mg20a7013cb-20-l-1100-w\/","title":{"rendered":"Micro-ondes avec Gril Samsung MG20A7013CB 20 L 1100 W"},"content":{"rendered":"<p>Si vous recherchez des \u00e9lectrom\u00e9nagers pour votre maison aux meilleurs prix, ne manquez pas <b>Micro-ondes avec Gril Samsung MG20A7013CB 20 L 1100 W<\/b> et une large s\u00e9lection de petits \u00e9lectrom\u00e9nagers de qualit\u00e9 !<\/p>\n<p>Le <b>micro-ondes avec grill Samsung MG20A7013CB<\/b> d\u2019une capacit\u00e9 de <b>20 litres<\/b> allie fonctionnalit\u00e9 et design pour s\u2019adapter aux cuisines modernes, offrant des performances con\u00e7ues pour faciliter les t\u00e2ches quotidiennes \u00e0 la maison. Sa structure en <b>acier inoxydable<\/b> garantit non seulement durabilit\u00e9 et r\u00e9sistance \u00e0 la corrosion, mais apporte aussi une finition \u00e9l\u00e9gante qui s\u2019int\u00e8gre parfaitement dans les environnements encastrables. Avec une puissance de <b>grill de 1100 W<\/b>, ce micro-ondes permet de griller et gratiner les aliments, offrant une finition croustillante et dor\u00e9e qui compl\u00e8te la fonction classique de r\u00e9chauffage. Le plateau tournant de 25,5 cm optimise la r\u00e9partition de la chaleur, assurant une cuisson homog\u00e8ne et une efficacit\u00e9 maximale \u00e0 chaque utilisation. Il int\u00e8gre \u00e9galement des modes sp\u00e9cifiques pour une d\u00e9cong\u00e9lation rapide et contr\u00f4l\u00e9e, facilitant la pr\u00e9paration des ingr\u00e9dients surgel\u00e9s sans perte de texture ni de saveur. Parmi ses fonctionnalit\u00e9s, on trouve un verrouillage enfant garantissant la s\u00e9curit\u00e9 \u00e0 domicile, un contr\u00f4le par boutons pour une utilisation intuitive et pr\u00e9cise, ainsi qu\u2019un \u00e9cran int\u00e9gr\u00e9 facilitant la visualisation des temps et modes s\u00e9lectionn\u00e9s. Le design encastrable permet d\u2019int\u00e9grer le micro-ondes dans les meubles, \u00e9conomisant de l\u2019espace et favorisant une esth\u00e9tique soign\u00e9e et ordonn\u00e9e dans la cuisine. En r\u00e9sum\u00e9, le Samsung MG20A7013CB est un appareil pratique et robuste, id\u00e9al pour ceux qui recherchent un micro-ondes avec grill polyvalent et fiable, alliant confort et performance sans compromis sur la qualit\u00e9 ni le design contemporain.<\/p>\n<ul>\n<li>Type: Micro-ondes avec Gril<\/li>\n<li>Produit \u00e0 brancher: Oui<\/li>\n<li>Capacit\u00e9: 20 L<\/li>\n<li>Grill: 1100 W<\/li>\n<li>Type de prise: Prise EU<\/li>\n<li>Caract\u00e9ristiques:\n<ul>\n<li>Encastrable<\/li>\n<li>Verrouillage pour enfants<\/li>\n<li>Commande par boutons<\/li>\n<li>\u00c9cran integr\u00e9<\/li>\n<li>6 niveaux<\/li>\n<\/ul>\n<\/li>\n<li>Bloc d\u2019Alimentation: r\u00e9seau \u00e9lectrique<\/li>\n<li>Dimensions approx.: 46 x 45 x 66 cm<\/li>\n<li>Mati\u00e8re: Acier inoxydable<\/li>\n<li>Technologie: LED<\/li>\n<li>Fr\u00e9quence: 50 Hz<\/li>\n<li>Inclut: Minuterie<\/li>\n<li>Tension d&#8217;entr\u00e9e AC: 230 V<\/li>\n<\/ul>","protected":false},"excerpt":{"rendered":"<p><span class=\"unit-info\">16.5495 &euro; \/ 1 l<\/span><\/p>","protected":false},"featured_media":15915,"comment_status":"open","ping_status":"closed","template":"","meta":[],"product_brand":[183],"product_cat":[60,727,77],"product_tag":[55,59,56],"class_list":{"0":"post-15919","1":"product","2":"type-product","3":"status-publish","4":"has-post-thumbnail","6":"product_brand-brandp_576","7":"product_cat-cuisine-gourmet","8":"product_cat-micro-ondes","9":"product_cat-petit-electromenager","10":"product_tag-tag_926","11":"product_tag-tag_1304","12":"product_tag-tag_930","14":"first","15":"instock","16":"taxable","17":"shipping-taxable","18":"purchasable","19":"product-type-simple"},"_links":{"self":[{"href":"https:\/\/bigbuy.tupique.com\/en\/wp-json\/wp\/v2\/product\/15919","targetHints":{"allow":["GET"]}}],"collection":[{"href":"https:\/\/bigbuy.tupique.com\/en\/wp-json\/wp\/v2\/product"}],"about":[{"href":"https:\/\/bigbuy.tupique.com\/en\/wp-json\/wp\/v2\/types\/product"}],"replies":[{"embeddable":true,"href":"https:\/\/bigbuy.tupique.com\/en\/wp-json\/wp\/v2\/comments?post=15919"}],"wp:featuredmedia":[{"embeddable":true,"href":"https:\/\/bigbuy.tupique.com\/en\/wp-json\/wp\/v2\/media\/15915"}],"wp:attachment":[{"href":"https:\/\/bigbuy.tupique.com\/en\/wp-json\/wp\/v2\/media?parent=15919"}],"wp:term":[{"taxonomy":"product_brand","embeddable":true,"href":"https:\/\/bigbuy.tupique.com\/en\/wp-json\/wp\/v2\/product_brand?post=15919"},{"taxonomy":"product_cat","embeddable":true,"href":"https:\/\/bigbuy.tupique.com\/en\/wp-json\/wp\/v2\/product_cat?post=15919"},{"taxonomy":"product_tag","embeddable":true,"href":"https:\/\/bigbuy.tupique.com\/en\/wp-json\/wp\/v2\/product_tag?post=15919"}],"curies":[{"name":"wp","href":"https:\/\/api.w.org\/{rel}","templated":true}]}}