{"id":159131,"date":"2026-04-09T20:11:20","date_gmt":"2026-04-09T19:11:20","guid":{"rendered":"https:\/\/bigbuy.tupique.com\/produto\/hard-drive-kingston-kc3000-1-tb-ssd-2\/"},"modified":"2026-04-16T20:26:26","modified_gmt":"2026-04-16T19:26:26","slug":"hard-drive-kingston-kc3000-1-tb-ssd-2","status":"publish","type":"product","link":"https:\/\/bigbuy.tupique.com\/en\/produto\/hard-drive-kingston-kc3000-1-tb-ssd-2\/","title":{"rendered":"Disque dur Kingston KC3000 1 TB SSD"},"content":{"rendered":"<p>Si vous \u00eates passionn\u00e9 d&#8217;<b>informatique et d&#8217;\u00e9lectronique<\/b>, si vous \u00eates \u00e0 la pointe de la technologie et qu&#8217;aucun d\u00e9tail ne vous \u00e9chappe, achetez <b>Disque dur Kingston KC3000 1 TB SSD<\/b> au meilleur prix.<\/p>\n<p>Le <b>disque SSD Kingston KC3000<\/b> est un disque \u00e0 semi\u2011conducteurs haute performance con\u00e7u pour mettre \u00e0 niveau les PC de bureau et ordinateurs portables qui exigent une grande vitesse et r\u00e9activit\u00e9. Il utilise l\u2019interface <b>M.2<\/b> et le protocole <b>PCI Express 4.0 NVMe<\/b> pour exploiter pleinement les cartes m\u00e8res et syst\u00e8mes modernes. Ce mod\u00e8le offre une <b>capacit\u00e9 de 1 To SSD<\/b>, id\u00e9ale pour installer le syst\u00e8me d\u2019exploitation, des applications professionnelles, des biblioth\u00e8ques de jeux et de gros volumes de donn\u00e9es, avec une m\u00e9moire <b>3D TLC<\/b> qui associe bon niveau de performances et fiabilit\u00e9. Il se distingue par des vitesses s\u00e9quentielles allant jusqu\u2019\u00e0 <b>7 000 Mo\/s en lecture<\/b> et <b>6 000 Mo\/s en \u00e9criture<\/b>, ce qui se traduit par des temps de d\u00e9marrage tr\u00e8s r\u00e9duits, des chargements rapides de programmes exigeants et une nette am\u00e9lioration des flux de travail impliquant montage vid\u00e9o 4K, cr\u00e9ation de contenu, mod\u00e9lisation 3D ou gestion de fichiers lourds. Son format <b>M.2 2280 compact (80 mm)<\/b> facilite l\u2019int\u00e9gration dans les <b>PC et ordinateurs portables<\/b>, en optimisant l\u2019espace interne sans c\u00e2bles suppl\u00e9mentaires, et il est con\u00e7u pour fonctionner de mani\u00e8re stable dans une plage thermique d\u2019environ <b>0 \u00b0C \u00e0 70 \u00b0C<\/b>, adapt\u00e9e \u00e0 un usage intensif sur configurations hautes performances. Compatible avec les syst\u00e8mes <b>PC\/Notebook<\/b>, ce SSD NVMe s\u2019impose comme une solution fiable pour ceux qui souhaitent am\u00e9liorer clairement la vitesse globale de leur syst\u00e8me par rapport aux disques durs traditionnels ou aux SSD SATA, tout en conservant un format compact et moderne. Le Kingston KC3000 vise les utilisateurs qui ont besoin d\u2019un stockage fiable, rapide et pr\u00eat pour des charges de travail avanc\u00e9es sur des \u00e9quipements actuels.<\/p>\n<ul>\n<li>vitesse:\n<ul>\n<li>7000 MB\/s<\/li>\n<li>6000 MB\/s<\/li>\n<\/ul>\n<\/li>\n<li>Type:\n<ul>\n<li>SSD<\/li>\n<li>Interne<\/li>\n<\/ul>\n<\/li>\n<li>Connexions:\n<ul>\n<li>PCIe<\/li>\n<li>M.2 2280<\/li>\n<li>M.2<\/li>\n<li>PCI Express 4.0<\/li>\n<li>USB x 3<\/li>\n<\/ul>\n<\/li>\n<li>Utilisation recommand\u00e9e: Ordinateur Portable<\/li>\n<li>Largeur: 80 mm<\/li>\n<li>Disque dur: 1 TB SSD<\/li>\n<li>Dimensions approx.:\n<ul>\n<li>80 mm<\/li>\n<li>22 mm<\/li>\n<\/ul>\n<\/li>\n<li>Poids approx.: 7 g<\/li>\n<li>Long: 2,2 cm<\/li>\n<li>\u00c9lev\u00e9: 2.2 cm<\/li>\n<li>Couleur:\n<ul>\n<li>Noir<\/li>\n<li>Multicouleur<\/li>\n<\/ul>\n<\/li>\n<li>Mati\u00e8re: Plastique<\/li>\n<li>Caract\u00e9ristiques: Sans fil<\/li>\n<li>Compatible:\n<ul>\n<li>SSD NVMe<\/li>\n<li>PC\/Notebook<\/li>\n<\/ul>\n<\/li>\n<li>Facteur de forme: Compact<\/li>\n<li>Plage de temp\u00e9ratures de travail: 0\u00ba \/ 70\u00ba<\/li>\n<li>Type de m\u00e9moire: 3D TLC<\/li>\n<li>Type de stockage: SSD<\/li>\n<\/ul>","protected":false},"excerpt":{"rendered":"<p>Si vous \u00eates passionn\u00e9 d&#8217;informatique et d&#8217;\u00e9lectronique, si vous \u00eates \u00e0 la pointe de la technologie et qu&#8217;aucun d\u00e9tail ne vous \u00e9chappe, achetez Disque dur Kingston KC3000 1 TB SSD au meilleur prix. Le disque SSD Kingston KC3000 est un disque \u00e0 semi\u2011conducteurs haute performance con\u00e7u pour mettre \u00e0 niveau les PC de bureau et [&hellip;]<\/p>\n","protected":false},"featured_media":159287,"comment_status":"open","ping_status":"closed","template":"","meta":[],"product_brand":[638],"product_cat":[588,65,584],"product_tag":[106],"class_list":{"0":"post-159131","1":"product","2":"type-product","3":"status-publish","4":"has-post-thumbnail","6":"product_brand-brandp_557","7":"product_cat-disques-durs","8":"product_cat-informatique-electronique","9":"product_cat-informatique-reseaux-et-composants","10":"product_tag-tag_1295","12":"first","13":"instock","14":"taxable","15":"shipping-taxable","16":"purchasable","17":"product-type-simple"},"_links":{"self":[{"href":"https:\/\/bigbuy.tupique.com\/en\/wp-json\/wp\/v2\/product\/159131","targetHints":{"allow":["GET"]}}],"collection":[{"href":"https:\/\/bigbuy.tupique.com\/en\/wp-json\/wp\/v2\/product"}],"about":[{"href":"https:\/\/bigbuy.tupique.com\/en\/wp-json\/wp\/v2\/types\/product"}],"replies":[{"embeddable":true,"href":"https:\/\/bigbuy.tupique.com\/en\/wp-json\/wp\/v2\/comments?post=159131"}],"wp:featuredmedia":[{"embeddable":true,"href":"https:\/\/bigbuy.tupique.com\/en\/wp-json\/wp\/v2\/media\/159287"}],"wp:attachment":[{"href":"https:\/\/bigbuy.tupique.com\/en\/wp-json\/wp\/v2\/media?parent=159131"}],"wp:term":[{"taxonomy":"product_brand","embeddable":true,"href":"https:\/\/bigbuy.tupique.com\/en\/wp-json\/wp\/v2\/product_brand?post=159131"},{"taxonomy":"product_cat","embeddable":true,"href":"https:\/\/bigbuy.tupique.com\/en\/wp-json\/wp\/v2\/product_cat?post=159131"},{"taxonomy":"product_tag","embeddable":true,"href":"https:\/\/bigbuy.tupique.com\/en\/wp-json\/wp\/v2\/product_tag?post=159131"}],"curies":[{"name":"wp","href":"https:\/\/api.w.org\/{rel}","templated":true}]}}