{"id":15898,"date":"2026-03-29T13:17:56","date_gmt":"2026-03-29T12:17:56","guid":{"rendered":"https:\/\/bigbuy.tupique.com\/produto\/switch-netgear-gsm4210px-100eus\/"},"modified":"2026-04-15T00:14:16","modified_gmt":"2026-04-14T23:14:16","slug":"switch-netgear-gsm4210px-100eus","status":"publish","type":"product","link":"https:\/\/bigbuy.tupique.com\/en\/produto\/switch-netgear-gsm4210px-100eus\/","title":{"rendered":"Switch Netgear GSM4210PX-100EUS"},"content":{"rendered":"<p>Si vous \u00eates passionn\u00e9 d&#8217;<b>informatique et d&#8217;\u00e9lectronique<\/b>, si vous \u00eates \u00e0 la pointe de la technologie et qu&#8217;aucun d\u00e9tail ne vous \u00e9chappe, achetez <b>Switch Netgear GSM4210PX-100EUS<\/b> au meilleur prix.<\/p>\n<p>Le <b>Netgear GSM4210PX-100EUS<\/b> est un <b>switch manageable<\/b> haute capacit\u00e9 con\u00e7u pour des environnements professionnels n\u00e9cessitant un r\u00e9seau efficace et s\u00e9curis\u00e9. Cet appareil fonctionne aux couches <b>L2\/L3<\/b>, permettant une gestion avanc\u00e9e du trafic de donn\u00e9es en r\u00e9seaux d\u2019entreprise et am\u00e9liorant les performances gr\u00e2ce aux fonctions de routage. Il dispose de <b>8 ports Gigabit Ethernet RJ-45 (10\/100\/1000 Mbps)<\/b>, tous compatibles avec le <b>PoE (Power over Ethernet)<\/b> pour alimenter des appareils connect\u00e9s comme des cam\u00e9ras IP ou points d\u2019acc\u00e8s sans c\u00e2bles d\u2019alimentation suppl\u00e9mentaires. Son design robuste en <b>noir<\/b> est pr\u00e9vu pour un montage en rack, facilitant l\u2019int\u00e9gration dans des infrastructures r\u00e9seau professionnelles. La capacit\u00e9 de commutation est de <b>24 Gbit\/s<\/b>, assurant un transfert rapide et efficace, tandis que sa table d\u2019adresses MAC supporte jusqu\u2019\u00e0 <b>16 000 entr\u00e9es<\/b>, permettant une gestion pr\u00e9cise et \u00e9volutive des adresses dans des r\u00e9seaux complexes. Il prend en charge les standards IEEE majeurs tels que <b>802.1D, 802.1Q, 802.1ab, 802.1s, 802.1w, 802.1x et 802.3ad<\/b>, garantissant interop\u00e9rabilit\u00e9, s\u00e9curit\u00e9 et \u00e9quilibrage de charge par agr\u00e9gation de liens. Sa m\u00e9moire interne de <b>2 Go<\/b> et la puissance PoE jusqu\u2019\u00e0 <b>30 W<\/b> par port renforcent sa capacit\u00e9 \u00e0 maintenir des connexions stables et optimales dans des environnements exigeants. La connexion r\u00e9seau est full duplex, optimisant la communication simultan\u00e9e entre appareils. En r\u00e9sum\u00e9, ce switch Netgear constitue une solution fiable et avanc\u00e9e pour les entreprises souhaitant am\u00e9liorer la gestion et les performances de leur r\u00e9seau local avec une technologie moderne et une int\u00e9gration ais\u00e9e dans des infrastructures LAN complexes.<\/p>\n<ul>\n<li>Connexions:\n<ul>\n<li>RJ45<\/li>\n<li>8<\/li>\n<li>PoE<\/li>\n<li>Ethernet LAN<\/li>\n<li>rj45 x 8<\/li>\n<\/ul>\n<\/li>\n<li>Type: Switch<\/li>\n<li>Produit \u00e0 brancher: Oui<\/li>\n<li>Type de prise: Prise EU<\/li>\n<li>Bloc d\u2019Alimentation:\n<ul>\n<li>r\u00e9seau \u00e9lectrique<\/li>\n<li>Incluses<\/li>\n<\/ul>\n<\/li>\n<li>Couleur: Noir<\/li>\n<li>Fr\u00e9quence:\n<ul>\n<li>50-60 Hz<\/li>\n<li>50 &#8211; 60 Hz<\/li>\n<\/ul>\n<\/li>\n<li>Support: Multisupport<\/li>\n<li>puissance: 30 W<\/li>\n<li>Processeur: ARM Cortex A9<\/li>\n<li>Tension: 200-240 V<\/li>\n<li>Pr\u00e9cision (humidit\u00e9 relative): 0 % &#8211; 90 %<\/li>\n<li>Temp\u00e9rature approximative: &#8211; 20\u00baC \/ 70\u00b0C<\/li>\n<li>S\u00e9curit\u00e9: IGMP<\/li>\n<li>M\u00e9moire RAM: 2 GB<\/li>\n<\/ul>","protected":false},"excerpt":{"rendered":"<p>Si vous \u00eates passionn\u00e9 d&#8217;informatique et d&#8217;\u00e9lectronique, si vous \u00eates \u00e0 la pointe de la technologie et qu&#8217;aucun d\u00e9tail ne vous \u00e9chappe, achetez Switch Netgear GSM4210PX-100EUS au meilleur prix. Le Netgear GSM4210PX-100EUS est un switch manageable haute capacit\u00e9 con\u00e7u pour des environnements professionnels n\u00e9cessitant un r\u00e9seau efficace et s\u00e9curis\u00e9. Cet appareil fonctionne aux couches L2\/L3, [&hellip;]<\/p>\n","protected":false},"featured_media":15896,"comment_status":"open","ping_status":"closed","template":"","meta":[],"product_brand":[633],"product_cat":[65,584,585],"product_tag":[106],"class_list":{"0":"post-15898","1":"product","2":"type-product","3":"status-publish","4":"has-post-thumbnail","6":"product_brand-brandp_567","7":"product_cat-informatique-electronique","8":"product_cat-informatique-reseaux-et-composants","9":"product_cat-switch","10":"product_tag-tag_1295","12":"first","13":"instock","14":"taxable","15":"shipping-taxable","16":"purchasable","17":"product-type-simple"},"_links":{"self":[{"href":"https:\/\/bigbuy.tupique.com\/en\/wp-json\/wp\/v2\/product\/15898","targetHints":{"allow":["GET"]}}],"collection":[{"href":"https:\/\/bigbuy.tupique.com\/en\/wp-json\/wp\/v2\/product"}],"about":[{"href":"https:\/\/bigbuy.tupique.com\/en\/wp-json\/wp\/v2\/types\/product"}],"replies":[{"embeddable":true,"href":"https:\/\/bigbuy.tupique.com\/en\/wp-json\/wp\/v2\/comments?post=15898"}],"wp:featuredmedia":[{"embeddable":true,"href":"https:\/\/bigbuy.tupique.com\/en\/wp-json\/wp\/v2\/media\/15896"}],"wp:attachment":[{"href":"https:\/\/bigbuy.tupique.com\/en\/wp-json\/wp\/v2\/media?parent=15898"}],"wp:term":[{"taxonomy":"product_brand","embeddable":true,"href":"https:\/\/bigbuy.tupique.com\/en\/wp-json\/wp\/v2\/product_brand?post=15898"},{"taxonomy":"product_cat","embeddable":true,"href":"https:\/\/bigbuy.tupique.com\/en\/wp-json\/wp\/v2\/product_cat?post=15898"},{"taxonomy":"product_tag","embeddable":true,"href":"https:\/\/bigbuy.tupique.com\/en\/wp-json\/wp\/v2\/product_tag?post=15898"}],"curies":[{"name":"wp","href":"https:\/\/api.w.org\/{rel}","templated":true}]}}