{"id":158792,"date":"2026-04-09T19:44:51","date_gmt":"2026-04-09T18:44:51","guid":{"rendered":"https:\/\/bigbuy.tupique.com\/produto\/smartphone-xiaomi-redmi-note-15-pro-5g-683-octa-core-8-gb-ram-256-gb-silver\/"},"modified":"2026-04-16T01:23:43","modified_gmt":"2026-04-16T00:23:43","slug":"smartphone-xiaomi-redmi-note-15-pro-5g-683-octa-core-8-gb-ram-256-gb-silver","status":"publish","type":"product","link":"https:\/\/bigbuy.tupique.com\/en\/produto\/smartphone-xiaomi-redmi-note-15-pro-5g-683-octa-core-8-gb-ram-256-gb-silver\/","title":{"rendered":"Smartphone Xiaomi Redmi Note 15 Pro 5G 6,83&#8243; Octa Core 8 GB RAM 256 GB Argent\u00e9"},"content":{"rendered":"<p>Si vous \u00eates \u00e0 la recherche de nouvelles tendances sur le march\u00e9, nous vous pr\u00e9sentons <b>Smartphone Xiaomi Redmi Note 15 Pro 5G 6,83&#8243; Octa Core 8 GB RAM 256 GB Argent\u00e9<\/b> !<\/p>\n<p>Le <b>Redmi Note 15 Pro 5G<\/b> de <b>Xiaomi<\/b> est un <b>smartphone<\/b> qui associe des sp\u00e9cifications solides \u00e0 un design moderne avec des finitions distinctives en <b>couleur titane<\/b> et argent\u00e9, offrant une allure \u00e9l\u00e9gante et contemporaine. Son large <b>\u00e9cran de 6,83\u201d<\/b> optimise l\u2019exp\u00e9rience visuelle, dot\u00e9 de la <b>technologie HDR<\/b> pour des couleurs vives et un contraste \u00e9lev\u00e9, id\u00e9al pour profiter de contenus multim\u00e9dias, de jeux et de la navigation web en haute qualit\u00e9. Il est \u00e9quip\u00e9 de <b>8 Go de RAM<\/b>, garantissant des performances fluides m\u00eame lors de l\u2019utilisation de plusieurs applications, tandis que ses <b>256 Go de stockage interne<\/b> offrent un espace g\u00e9n\u00e9reux pour toutes vos photos, vid\u00e9os et applications sans souci de capacit\u00e9. L\u2019appareil photo principal arri\u00e8re de <b>20 m\u00e9gapixels<\/b> permet de capturer des images et vid\u00e9os d\u00e9taill\u00e9es, adapt\u00e9es aux situations quotidiennes et cr\u00e9atives. Il int\u00e8gre la <b>connectivit\u00e9 5G<\/b> pour des t\u00e9l\u00e9chargements ultra-rapides et une navigation avanc\u00e9e, ainsi qu\u2019un <b>port USB-C<\/b> pour une charge efficace et un transfert de donn\u00e9es rapide. De plus, un guide d\u2019installation et une garantie sont inclus pour une mise en service et une utilisation en toute s\u00e9r\u00e9nit\u00e9. Ce mod\u00e8le incarne l\u2019\u00e9quilibre de Xiaomi entre technologie avanc\u00e9e et excellent rapport qualit\u00e9-prix, s\u2019imposant comme un choix fiable et complet pour les utilisateurs recherchant des fonctionnalit\u00e9s actuelles au quotidien.<\/p>\n<ul>\n<li>Type:\n<ul>\n<li>Smartphone<\/li>\n<li>LPDDR4X<\/li>\n<\/ul>\n<\/li>\n<li>Produit \u00e0 brancher: Oui<\/li>\n<li>Type de prise: Prise EU<\/li>\n<li>Bloc d\u2019Alimentation: r\u00e9seau \u00e9lectrique<\/li>\n<li>Technologie: AMOLED<\/li>\n<li>Ecran: 6,83&#8243;<\/li>\n<li>Syst\u00e8me d&#8217;exploitation: Android<\/li>\n<li>puissance: 45 W<\/li>\n<li>Connectivit\u00e9:\n<ul>\n<li>NFC<\/li>\n<li>5G<\/li>\n<li>Wi-Fi 6 GHz<\/li>\n<\/ul>\n<\/li>\n<li>Cam\u00e9ra\/Appareil Photo:\n<ul>\n<li>20 mpx<\/li>\n<li>8 MP<\/li>\n<li>Frontal<\/li>\n<li>20 Mp<\/li>\n<li>Triple<\/li>\n<\/ul>\n<\/li>\n<li>Connexions: USB-C<\/li>\n<li>Processeur: Octa Core<\/li>\n<li>M\u00e9moire RAM: 8 GB RAM<\/li>\n<li>M\u00e9moire interne: 256 GB<\/li>\n<li>Couleur:\n<ul>\n<li>Argent\u00e9<\/li>\n<li>Titane<\/li>\n<\/ul>\n<\/li>\n<li>Caract\u00e9ristiques:\n<ul>\n<li>HDR<\/li>\n<li>Garantie<\/li>\n<li>Guide d&#8217;installation inclus<\/li>\n<li>Chargement rapide et fiable<\/li>\n<li>Syst\u00e8me de reconnaissance faciale<\/li>\n<li>Gorilla Glass<\/li>\n<\/ul>\n<\/li>\n<li>Classification \u00e9nerg\u00e9tique: B<\/li>\n<li>vitesse: 2 GHz<\/li>\n<li>Design: Courbe<\/li>\n<li>Inclut: \u00c9tui de protection<\/li>\n<li>Non Inclus: Adaptateur AC<\/li>\n<li>Fr\u00e9quence: 120 Hz<\/li>\n<li>Ouverture: F\/1,7<\/li>\n<li>Noyaux: 8 Noyaux<\/li>\n<li>Famille de processeurs: MediaTek Dimensity<\/li>\n<\/ul>","protected":false},"excerpt":{"rendered":"<p>Si vous \u00eates \u00e0 la recherche de nouvelles tendances sur le march\u00e9, nous vous pr\u00e9sentons Smartphone Xiaomi Redmi Note 15 Pro 5G 6,83&#8243; Octa Core 8 GB RAM 256 GB Argent\u00e9 ! Le Redmi Note 15 Pro 5G de Xiaomi est un smartphone qui associe des sp\u00e9cifications solides \u00e0 un design moderne avec des finitions [&hellip;]<\/p>\n","protected":false},"featured_media":192036,"comment_status":"open","ping_status":"closed","template":"","meta":[],"product_brand":[525],"product_cat":[575,65,960],"product_tag":[213,566,106],"class_list":{"0":"post-158792","1":"product","2":"type-product","3":"status-publish","4":"has-post-thumbnail","6":"product_brand-brandp_1269","7":"product_cat-electronique-telephonie-et-tablettes","8":"product_cat-informatique-electronique","9":"product_cat-telephones-portables","10":"product_tag-tag_933","11":"product_tag-tag_547","12":"product_tag-tag_1295","14":"first","15":"instock","16":"taxable","17":"shipping-taxable","18":"purchasable","19":"product-type-simple"},"_links":{"self":[{"href":"https:\/\/bigbuy.tupique.com\/en\/wp-json\/wp\/v2\/product\/158792","targetHints":{"allow":["GET"]}}],"collection":[{"href":"https:\/\/bigbuy.tupique.com\/en\/wp-json\/wp\/v2\/product"}],"about":[{"href":"https:\/\/bigbuy.tupique.com\/en\/wp-json\/wp\/v2\/types\/product"}],"replies":[{"embeddable":true,"href":"https:\/\/bigbuy.tupique.com\/en\/wp-json\/wp\/v2\/comments?post=158792"}],"wp:featuredmedia":[{"embeddable":true,"href":"https:\/\/bigbuy.tupique.com\/en\/wp-json\/wp\/v2\/media\/192036"}],"wp:attachment":[{"href":"https:\/\/bigbuy.tupique.com\/en\/wp-json\/wp\/v2\/media?parent=158792"}],"wp:term":[{"taxonomy":"product_brand","embeddable":true,"href":"https:\/\/bigbuy.tupique.com\/en\/wp-json\/wp\/v2\/product_brand?post=158792"},{"taxonomy":"product_cat","embeddable":true,"href":"https:\/\/bigbuy.tupique.com\/en\/wp-json\/wp\/v2\/product_cat?post=158792"},{"taxonomy":"product_tag","embeddable":true,"href":"https:\/\/bigbuy.tupique.com\/en\/wp-json\/wp\/v2\/product_tag?post=158792"}],"curies":[{"name":"wp","href":"https:\/\/api.w.org\/{rel}","templated":true}]}}