{"id":15875,"date":"2026-03-29T13:17:26","date_gmt":"2026-03-29T12:17:26","guid":{"rendered":"https:\/\/bigbuy.tupique.com\/produto\/food-processor-kenwood-0w20011138-inox-5-l-1000w-1000-w-5-l-black-red\/"},"modified":"2026-04-16T18:35:50","modified_gmt":"2026-04-16T17:35:50","slug":"food-processor-kenwood-0w20011138-inox-5-l-1000w-1000-w-5-l-black-red","status":"publish","type":"product","link":"https:\/\/bigbuy.tupique.com\/en\/produto\/food-processor-kenwood-0w20011138-inox-5-l-1000w-1000-w-5-l-black-red\/","title":{"rendered":"Robot culinaire Kenwood 0W20011138 Inox 5 L 1000W 1000 W 5 L Noir Rouge"},"content":{"rendered":"<p>Si vous recherchez des \u00e9lectrom\u00e9nagers pour votre maison aux meilleurs prix, ne manquez pas <b>Robot culinaire Kenwood 0W20011138 Inox 5 L 1000W 1000 W 5 L Noir Rouge<\/b> et une large s\u00e9lection de petits \u00e9lectrom\u00e9nagers de qualit\u00e9 !<\/p>\n<p>Le <b>robot de cuisine Kenwood mod\u00e8le 0W20011138<\/b> est un appareil con\u00e7u pour offrir polyvalence et puissance en cuisine gr\u00e2ce \u00e0 son <b>moteur de 1000 W<\/b>, garantissant une performance efficace pour diverses t\u00e2ches. Il dispose d\u2019un <b>bol en acier inoxydable d\u2019une capacit\u00e9 de 5 litres<\/b>, id\u00e9al pour m\u00e9langer de grandes quantit\u00e9s et faciliter la pr\u00e9paration de p\u00e2tes, smoothies ou cr\u00e8mes, tout en assurant r\u00e9sistance et durabilit\u00e9 face \u00e0 un usage fr\u00e9quent. Son design associe les couleurs <b>noir et rouge<\/b>, apportant une touche moderne et sophistiqu\u00e9e qui s\u2019int\u00e8gre \u00e0 toute cuisine contemporaine. La construction en <b>m\u00e9tal et acier inoxydable<\/b> assure non seulement robustesse mais aussi une meilleure hygi\u00e8ne et facilit\u00e9 de nettoyage. Parmi ses caract\u00e9ristiques techniques, on trouve un contr\u00f4le par <b>commande rotative<\/b> permettant d\u2019ajuster pr\u00e9cis\u00e9ment la vitesse pour des r\u00e9sultats optimaux \u00e0 chaque pr\u00e9paration. Ce robot de cuisine est \u00e9quip\u00e9 d\u2019un fouet, \u00e9largissant ses fonctions pour m\u00e9langer des ingr\u00e9dients avec une texture homog\u00e8ne et a\u00e9r\u00e9e, s\u2019adaptant \u00e0 diverses recettes et besoins culinaires. L\u2019alliance d\u2019un moteur puissant, de mat\u00e9riaux de qualit\u00e9 et d\u2019un design fonctionnel fait de cet appareil une option fiable et pratique pour les utilisateurs recherchant un \u00e9lectrom\u00e9nager robuste, efficace et facile \u00e0 utiliser au quotidien. En r\u00e9sum\u00e9, le Kenwood 0W20011138 offre une solution \u00e9quilibr\u00e9e pour ceux qui valorisent performance et durabilit\u00e9 dans un robot de cuisine au style harmonieux, adapt\u00e9 \u00e0 tout environnement.<\/p>\n<ul>\n<li>puissance: 1000 W<\/li>\n<li>Capacit\u00e9: 5 L<\/li>\n<li>Acier inoxydable: Oui<\/li>\n<li>Robot P\u00e2tissier avec Bol: Oui<\/li>\n<li>Produit \u00e0 brancher: Oui<\/li>\n<li>Type de prise: Prise EU<\/li>\n<li>Vitesse:\n<ul>\n<li>6 vitesses<\/li>\n<li>6<\/li>\n<\/ul>\n<\/li>\n<li>Bloc d\u2019Alimentation: r\u00e9seau \u00e9lectrique<\/li>\n<li>Couleur:\n<ul>\n<li>Rouge<\/li>\n<li>rouge<\/li>\n<li>Noir<\/li>\n<\/ul>\n<\/li>\n<li>Inclut:\n<ul>\n<li>Tiges de m\u00e9lange<\/li>\n<li>Tiges de p\u00e9trissage<\/li>\n<\/ul>\n<\/li>\n<li>Dimensions approx.:\n<ul>\n<li>24 cm<\/li>\n<li>35,5 cm<\/li>\n<li>38,5 cm<\/li>\n<\/ul>\n<\/li>\n<li>Type: Fouet<\/li>\n<li>Mati\u00e8re:\n<ul>\n<li>M\u00e9tal<\/li>\n<li>Acier inoxydable<\/li>\n<\/ul>\n<\/li>\n<li>Caract\u00e9ristiques:\n<ul>\n<li>Commande rotative<\/li>\n<li>Diff\u00e9rentes vitesses<\/li>\n<li>Facile \u00e0 nettoyer<\/li>\n<li>Verrou de s\u00e9curit\u00e9<\/li>\n<li>Rangement du c\u00e2ble<\/li>\n<\/ul>\n<\/li>\n<li>Tension: 220 V<\/li>\n<li>\u00c9cran integr\u00e9: Non<\/li>\n<\/ul>\n<p><\/p>\n<p><b>Une touche de design dans votre cuisine<\/b><br \/>Le robot kMix Collection Rouge est \u00e0 la fois design, robuste et performant. Pour un plus grand confort d&#8217;utilisation, les commandes sont toutes situ\u00e9es du m\u00eame c\u00f4t\u00e9. Inutile de bouger votre robot sur le plan de travail lorsque vous voulez l&#8217;utiliser ! <br \/>Et maintenant il est encore plus puissant !<\/p>\n<p><b>Un v\u00e9ritable robot p\u00e2tissier<\/b><br \/>Avec son bol en acier inoxydable de 5 litres, son moteur de 1000W, son mouvement plan\u00e9taire et son kit p\u00e2tisserie, le robot p\u00e2tissier multifonction kMix est capable de travailler les p\u00e2tes m\u00eame les plus lourdes.<\/p>\n<p><b>La fonction m\u00e9lange d\u00e9licat vous permet \u00e9galement de travailler les pr\u00e9parations les plus d\u00e9licates sans les abimer.<\/b><br \/>Un v\u00e9ritable robot de cuisine<br \/>De nombreux accessoires sont adaptables sur le robot kMix afin de vous permettre de laisser libre court \u00e0 votre imagination : r\u00e2pe, hachoir, appareil \u00e0 p\u00e2tes fra\u00eeches&#8230;<\/p>\n<p><b>Efficace et s\u00fbr<\/b><br \/>Le contr\u00f4le \u00e9lectronique de la vitesse vous garantit une vitesse r\u00e9guli\u00e8re et constante pour des pr\u00e9parations r\u00e9ussies \u00e0 la perfection.<br \/>Pour une s\u00e9curit\u00e9 maximum, le robot kMix s&#8217;arr\u00eate de fonctionner d\u00e8s que la t\u00eate du robot est relev\u00e9e.<br \/>Enfin, les robots kMix sont enti\u00e8rement r\u00e9alis\u00e9s en m\u00e9tal pour une dur\u00e9e de vie plus longue.<\/p>\n<p><\/p>\n<ul>\n<li>Capacit\u00e9 du bol: 5 L<\/li>\n<li>Couleur du produit: Rouge<\/li>\n<li>Vitesse variable: Oui<\/li>\n<li>Nombre de vitesses: 6<\/li>\n<li>Facile \u00e0 nettoyer: Oui<\/li>\n<li>Rotation plan\u00e9taire: Oui<\/li>\n<li>Type de commande: Rotatif<\/li>\n<li>Enrouleur de c\u00e2ble automatique: Oui<\/li>\n<li>Stockage de cable: Oui<\/li>\n<li>Verrouillage de s\u00e9curit\u00e9 int\u00e9gr\u00e9: Oui<\/li>\n<li>Mat\u00e9riel du bol: Acier inoxydable<\/li>\n<li>Mat\u00e9riau du bo\u00eetier\/corps: Metal<\/li>\n<li>Mat\u00e9riel: Metal<\/li>\n<li>\u00c9cran integr\u00e9: Non<\/li>\n<li>Puissance: 1000 W<\/li>\n<li>Largeur: 240 mm<\/li>\n<li>Profondeur: 385 mm<\/li>\n<li>Hauteur: 355 mm<\/li>\n<li>Poids: 9,1 kg<\/li>\n<li>Fouet: Oui<\/li>\n<li>Protection contre les projections fournie: Oui<\/li>\n<\/ul>","protected":false},"excerpt":{"rendered":"<p><span class=\"unit-info\">77.5980 &euro; \/ 1 l<\/span><\/p>","protected":false},"featured_media":15873,"comment_status":"open","ping_status":"closed","template":"","meta":[],"product_brand":[318],"product_cat":[63,64,60,77,724],"product_tag":[55,59,56],"class_list":{"0":"post-15875","1":"product","2":"type-product","3":"status-publish","4":"has-post-thumbnail","6":"product_brand-brandp_1023","7":"product_cat-cadeaux-originaux","8":"product_cat-cadeaux-pour-la-maison","9":"product_cat-cuisine-gourmet","10":"product_cat-petit-electromenager","11":"product_cat-robots-de-cuisine","12":"product_tag-tag_926","13":"product_tag-tag_1304","14":"product_tag-tag_930","16":"first","17":"instock","18":"taxable","19":"shipping-taxable","20":"purchasable","21":"product-type-simple"},"_links":{"self":[{"href":"https:\/\/bigbuy.tupique.com\/en\/wp-json\/wp\/v2\/product\/15875","targetHints":{"allow":["GET"]}}],"collection":[{"href":"https:\/\/bigbuy.tupique.com\/en\/wp-json\/wp\/v2\/product"}],"about":[{"href":"https:\/\/bigbuy.tupique.com\/en\/wp-json\/wp\/v2\/types\/product"}],"replies":[{"embeddable":true,"href":"https:\/\/bigbuy.tupique.com\/en\/wp-json\/wp\/v2\/comments?post=15875"}],"wp:featuredmedia":[{"embeddable":true,"href":"https:\/\/bigbuy.tupique.com\/en\/wp-json\/wp\/v2\/media\/15873"}],"wp:attachment":[{"href":"https:\/\/bigbuy.tupique.com\/en\/wp-json\/wp\/v2\/media?parent=15875"}],"wp:term":[{"taxonomy":"product_brand","embeddable":true,"href":"https:\/\/bigbuy.tupique.com\/en\/wp-json\/wp\/v2\/product_brand?post=15875"},{"taxonomy":"product_cat","embeddable":true,"href":"https:\/\/bigbuy.tupique.com\/en\/wp-json\/wp\/v2\/product_cat?post=15875"},{"taxonomy":"product_tag","embeddable":true,"href":"https:\/\/bigbuy.tupique.com\/en\/wp-json\/wp\/v2\/product_tag?post=15875"}],"curies":[{"name":"wp","href":"https:\/\/api.w.org\/{rel}","templated":true}]}}