{"id":15867,"date":"2026-03-29T13:17:15","date_gmt":"2026-03-29T12:17:15","guid":{"rendered":"https:\/\/bigbuy.tupique.com\/produto\/gaming-control-logitech-945-000062\/"},"modified":"2026-04-16T21:20:56","modified_gmt":"2026-04-16T20:20:56","slug":"gaming-control-logitech-945-000062","status":"publish","type":"product","link":"https:\/\/bigbuy.tupique.com\/en\/produto\/gaming-control-logitech-945-000062\/","title":{"rendered":"Contr\u00f4le des jeux Logitech 945-000062"},"content":{"rendered":"<p>Si vous \u00eates passionn\u00e9 d&#8217;<b>informatique et d&#8217;\u00e9lectronique<\/b>, si vous \u00eates \u00e0 la pointe de la technologie et qu&#8217;aucun d\u00e9tail ne vous \u00e9chappe, achetez <b>Contr\u00f4le des jeux Logitech 945-000062          <\/b>au meilleur prix.<\/p>\n<ul>\n<li>Type: Set d&#8217;accessoires<\/li>\n<li>Caract\u00e9ristiques: Contr\u00f4le du volant<\/li>\n<li>Inclut:\n<ul>\n<li>P\u00e9dales<\/li>\n<li>Commande x 1<\/li>\n<\/ul>\n<\/li>\n<\/ul>","protected":false},"excerpt":{"rendered":"<p>Si vous \u00eates passionn\u00e9 d&#8217;informatique et d&#8217;\u00e9lectronique, si vous \u00eates \u00e0 la pointe de la technologie et qu&#8217;aucun d\u00e9tail ne vous \u00e9chappe, achetez Contr\u00f4le des jeux Logitech 945-000062 au meilleur prix. Type: Set d&#8217;accessoires Caract\u00e9ristiques: Contr\u00f4le du volant Inclut: P\u00e9dales Commande x 1<\/p>","protected":false},"featured_media":15865,"comment_status":"open","ping_status":"closed","template":"","meta":[],"product_brand":[647],"product_cat":[739,740,65,737],"product_tag":[59,572],"class_list":{"0":"post-15867","1":"product","2":"type-product","3":"status-publish","4":"has-post-thumbnail","6":"product_brand-brandp_561","7":"product_cat-accessoires-gaming","8":"product_cat-gamepad","9":"product_cat-informatique-electronique","10":"product_cat-informatique-gaming","11":"product_tag-tag_1304","12":"product_tag-tag_29","14":"first","15":"instock","16":"taxable","17":"shipping-taxable","18":"purchasable","19":"product-type-simple"},"_links":{"self":[{"href":"https:\/\/bigbuy.tupique.com\/en\/wp-json\/wp\/v2\/product\/15867","targetHints":{"allow":["GET"]}}],"collection":[{"href":"https:\/\/bigbuy.tupique.com\/en\/wp-json\/wp\/v2\/product"}],"about":[{"href":"https:\/\/bigbuy.tupique.com\/en\/wp-json\/wp\/v2\/types\/product"}],"replies":[{"embeddable":true,"href":"https:\/\/bigbuy.tupique.com\/en\/wp-json\/wp\/v2\/comments?post=15867"}],"wp:featuredmedia":[{"embeddable":true,"href":"https:\/\/bigbuy.tupique.com\/en\/wp-json\/wp\/v2\/media\/15865"}],"wp:attachment":[{"href":"https:\/\/bigbuy.tupique.com\/en\/wp-json\/wp\/v2\/media?parent=15867"}],"wp:term":[{"taxonomy":"product_brand","embeddable":true,"href":"https:\/\/bigbuy.tupique.com\/en\/wp-json\/wp\/v2\/product_brand?post=15867"},{"taxonomy":"product_cat","embeddable":true,"href":"https:\/\/bigbuy.tupique.com\/en\/wp-json\/wp\/v2\/product_cat?post=15867"},{"taxonomy":"product_tag","embeddable":true,"href":"https:\/\/bigbuy.tupique.com\/en\/wp-json\/wp\/v2\/product_tag?post=15867"}],"curies":[{"name":"wp","href":"https:\/\/api.w.org\/{rel}","templated":true}]}}