{"id":15831,"date":"2026-03-29T13:16:29","date_gmt":"2026-03-29T12:16:29","guid":{"rendered":"https:\/\/bigbuy.tupique.com\/produto\/hard-drive-kingston-sfyrsk-1000g-m-2-1-tb-ssd-ssd\/"},"modified":"2026-05-11T19:59:22","modified_gmt":"2026-05-11T17:59:22","slug":"hard-drive-kingston-sfyrsk-1000g-m-2-1-tb-ssd-ssd","status":"publish","type":"product","link":"https:\/\/bigbuy.tupique.com\/en\/produto\/hard-drive-kingston-sfyrsk-1000g-m-2-1-tb-ssd-ssd\/","title":{"rendered":"Disque dur Kingston SFYRSK\/1000G M.2 1 TB SSD SSD"},"content":{"rendered":"<p>Si vous \u00eates passionn\u00e9 d&#8217;<b>informatique et d&#8217;\u00e9lectronique<\/b>, si vous \u00eates \u00e0 la pointe de la technologie et qu&#8217;aucun d\u00e9tail ne vous \u00e9chappe, achetez <b>Disque dur Kingston SFYRSK\/1000G M.2 1 TB SSD SSD<\/b> au meilleur prix.<\/p>\n<p>Le <b>Kingston FURY Renegade SFYRSK\/1000G<\/b> est un <b>disque dur SSD NVMe PCIe 4.0<\/b> avanc\u00e9 au format <b>M.2<\/b>, con\u00e7u sp\u00e9cialement pour les joueurs, passionn\u00e9s et utilisateurs exigeants recherchant des vitesses \u00e9lev\u00e9es et des performances extr\u00eames. Avec une capacit\u00e9 de <b>1 To<\/b> et une m\u00e9moire <b>TLC 3D NAND<\/b>, ce SSD offre des vitesses de lecture et d\u2019\u00e9criture allant jusqu\u2019\u00e0 <b>7300 Mo\/s et 7000 Mo\/s<\/b> respectivement, garantissant une rapidit\u00e9 optimale pour r\u00e9duire les temps de chargement dans les jeux et applications lourdes. Il int\u00e8gre un contr\u00f4leur NVMe Gen 4&#215;4 de haute qualit\u00e9 qui, associ\u00e9 \u00e0 une capacit\u00e9 allant jusqu\u2019\u00e0 <b>1 000 000 IOPS<\/b>, assure une r\u00e9activit\u00e9 rapide et une stabilit\u00e9 m\u00eame sous charges intensives. De plus, le <b>radiateur thermique int\u00e9gr\u00e9 en aluminium et graph\u00e8ne<\/b> aide \u00e0 ma\u00eetriser la chaleur, augmentant la fiabilit\u00e9 et \u00e9vitant la surchauffe lors de sessions prolong\u00e9es, un atout particuli\u00e8rement utile sur des plateformes comme la PS5\u2122, pour laquelle il est optimis\u00e9. Ce facteur de forme compact et robuste est compatible avec les ordinateurs portables et de bureau, offrant une mise \u00e0 niveau efficace et pratique pour tout syst\u00e8me gaming, tout en maximisant le potentiel de la carte m\u00e8re. L\u2019association du <b>PCI Express 4.0<\/b> et de son profil orient\u00e9 gaming fait du Kingston FURY Renegade un \u00e9l\u00e9ment cl\u00e9 pour ceux qui recherchent des performances premium, un espace suffisant pour stocker de grandes biblioth\u00e8ques de jeux et multim\u00e9dia, ainsi qu\u2019une gestion thermique avanc\u00e9e qui maintient le dispositif stable en permanence. Ce SSD repr\u00e9sente une solution moderne et puissante pour les utilisateurs exigeants qui ont besoin de vitesse et de fiabilit\u00e9 dans un stockage haut de gamme.<\/p>\n<ul>\n<li>Disque dur: 1 TB SSD<\/li>\n<li>Type:\n<ul>\n<li>SSD<\/li>\n<li>TLC<\/li>\n<\/ul>\n<\/li>\n<li>Taille: M.2<\/li>\n<li>Utilisation recommand\u00e9e: Ordinateur portable<\/li>\n<li>vitesse: 7300 MB\/s<\/li>\n<\/ul>","protected":false},"excerpt":{"rendered":"<p>Si vous \u00eates passionn\u00e9 d&#8217;informatique et d&#8217;\u00e9lectronique, si vous \u00eates \u00e0 la pointe de la technologie et qu&#8217;aucun d\u00e9tail ne vous \u00e9chappe, achetez Disque dur Kingston SFYRSK\/1000G M.2 1 TB SSD SSD au meilleur prix. Le Kingston FURY Renegade SFYRSK\/1000G est un disque dur SSD NVMe PCIe 4.0 avanc\u00e9 au format M.2, con\u00e7u sp\u00e9cialement pour [&hellip;]<\/p>\n","protected":false},"featured_media":52362,"comment_status":"open","ping_status":"closed","template":"","meta":[],"product_brand":[638],"product_cat":[588,65,584],"product_tag":[106],"class_list":{"0":"post-15831","1":"product","2":"type-product","3":"status-publish","4":"has-post-thumbnail","6":"product_brand-brandp_557","7":"product_cat-disques-durs","8":"product_cat-informatique-electronique","9":"product_cat-informatique-reseaux-et-composants","10":"product_tag-tag_1295","12":"first","13":"instock","14":"taxable","15":"shipping-taxable","16":"purchasable","17":"product-type-simple"},"_links":{"self":[{"href":"https:\/\/bigbuy.tupique.com\/en\/wp-json\/wp\/v2\/product\/15831","targetHints":{"allow":["GET"]}}],"collection":[{"href":"https:\/\/bigbuy.tupique.com\/en\/wp-json\/wp\/v2\/product"}],"about":[{"href":"https:\/\/bigbuy.tupique.com\/en\/wp-json\/wp\/v2\/types\/product"}],"replies":[{"embeddable":true,"href":"https:\/\/bigbuy.tupique.com\/en\/wp-json\/wp\/v2\/comments?post=15831"}],"wp:featuredmedia":[{"embeddable":true,"href":"https:\/\/bigbuy.tupique.com\/en\/wp-json\/wp\/v2\/media\/52362"}],"wp:attachment":[{"href":"https:\/\/bigbuy.tupique.com\/en\/wp-json\/wp\/v2\/media?parent=15831"}],"wp:term":[{"taxonomy":"product_brand","embeddable":true,"href":"https:\/\/bigbuy.tupique.com\/en\/wp-json\/wp\/v2\/product_brand?post=15831"},{"taxonomy":"product_cat","embeddable":true,"href":"https:\/\/bigbuy.tupique.com\/en\/wp-json\/wp\/v2\/product_cat?post=15831"},{"taxonomy":"product_tag","embeddable":true,"href":"https:\/\/bigbuy.tupique.com\/en\/wp-json\/wp\/v2\/product_tag?post=15831"}],"curies":[{"name":"wp","href":"https:\/\/api.w.org\/{rel}","templated":true}]}}