{"id":15827,"date":"2026-03-29T13:16:25","date_gmt":"2026-03-29T12:16:25","guid":{"rendered":"https:\/\/bigbuy.tupique.com\/produto\/usb-hub-startech-usbdupe17\/"},"modified":"2026-05-11T19:58:42","modified_gmt":"2026-05-11T17:58:42","slug":"usb-hub-startech-usbdupe17","status":"publish","type":"product","link":"https:\/\/bigbuy.tupique.com\/en\/produto\/usb-hub-startech-usbdupe17\/","title":{"rendered":"Hub USB Startech USBDUPE17"},"content":{"rendered":"<p>Si vous \u00eates passionn\u00e9 d&#8217;<b>informatique et d&#8217;\u00e9lectronique<\/b>, si vous \u00eates \u00e0 la pointe de la technologie et qu&#8217;aucun d\u00e9tail ne vous \u00e9chappe, achetez <b>Hub USB Startech USBDUPE17<\/b> au meilleur prix.<\/p>\n<ul>\n<li>Technologie: LCD<\/li>\n<li>Type: Hub USB<\/li>\n<li>Ports: 8<\/li>\n<li>Couleur: Noir<\/li>\n<li>Tension:\n<ul>\n<li>100-240 V<\/li>\n<li>12 V<\/li>\n<li>100 &#8211; 240 V<\/li>\n<\/ul>\n<\/li>\n<li>Interface: USB 2.0<\/li>\n<li>Tension de sortie: 12 V<\/li>\n<li>Certificat:\n<ul>\n<li>FCC<\/li>\n<li>RoHS<\/li>\n<\/ul>\n<\/li>\n<li>Caract\u00e9ristiques: \u00c9cran LCD<\/li>\n<li>Connexions: USB<\/li>\n<li>Type d&#8217;installation: Plug &amp; Play<\/li>\n<li>Pr\u00e9cision (humidit\u00e9 relative): 20 % &#8211; 80 %<\/li>\n<\/ul>","protected":false},"excerpt":{"rendered":"<p>Si vous \u00eates passionn\u00e9 d&#8217;informatique et d&#8217;\u00e9lectronique, si vous \u00eates \u00e0 la pointe de la technologie et qu&#8217;aucun d\u00e9tail ne vous \u00e9chappe, achetez Hub USB Startech USBDUPE17 au meilleur prix. Technologie: LCD Type: Hub USB Ports: 8 Couleur: Noir Tension: 100-240 V 12 V 100 &#8211; 240 V Interface: USB 2.0 Tension de sortie: 12 [&hellip;]<\/p>\n","protected":false},"featured_media":15826,"comment_status":"open","ping_status":"closed","template":"","meta":[],"product_brand":[634],"product_cat":[611,65,584],"product_tag":[106],"class_list":{"0":"post-15827","1":"product","2":"type-product","3":"status-publish","4":"has-post-thumbnail","6":"product_brand-brandp_4771","7":"product_cat-hub-usb","8":"product_cat-informatique-electronique","9":"product_cat-informatique-reseaux-et-composants","10":"product_tag-tag_1295","12":"first","13":"instock","14":"taxable","15":"shipping-taxable","16":"purchasable","17":"product-type-simple"},"_links":{"self":[{"href":"https:\/\/bigbuy.tupique.com\/en\/wp-json\/wp\/v2\/product\/15827","targetHints":{"allow":["GET"]}}],"collection":[{"href":"https:\/\/bigbuy.tupique.com\/en\/wp-json\/wp\/v2\/product"}],"about":[{"href":"https:\/\/bigbuy.tupique.com\/en\/wp-json\/wp\/v2\/types\/product"}],"replies":[{"embeddable":true,"href":"https:\/\/bigbuy.tupique.com\/en\/wp-json\/wp\/v2\/comments?post=15827"}],"wp:featuredmedia":[{"embeddable":true,"href":"https:\/\/bigbuy.tupique.com\/en\/wp-json\/wp\/v2\/media\/15826"}],"wp:attachment":[{"href":"https:\/\/bigbuy.tupique.com\/en\/wp-json\/wp\/v2\/media?parent=15827"}],"wp:term":[{"taxonomy":"product_brand","embeddable":true,"href":"https:\/\/bigbuy.tupique.com\/en\/wp-json\/wp\/v2\/product_brand?post=15827"},{"taxonomy":"product_cat","embeddable":true,"href":"https:\/\/bigbuy.tupique.com\/en\/wp-json\/wp\/v2\/product_cat?post=15827"},{"taxonomy":"product_tag","embeddable":true,"href":"https:\/\/bigbuy.tupique.com\/en\/wp-json\/wp\/v2\/product_tag?post=15827"}],"curies":[{"name":"wp","href":"https:\/\/api.w.org\/{rel}","templated":true}]}}