{"id":15816,"date":"2026-03-29T13:16:14","date_gmt":"2026-03-29T12:16:14","guid":{"rendered":"https:\/\/bigbuy.tupique.com\/produto\/gaming-keyboard-steelseries-apex-pro-french-azerty\/"},"modified":"2026-04-16T21:20:57","modified_gmt":"2026-04-16T20:20:57","slug":"gaming-keyboard-steelseries-apex-pro-french-azerty","status":"publish","type":"product","link":"https:\/\/bigbuy.tupique.com\/en\/produto\/gaming-keyboard-steelseries-apex-pro-french-azerty\/","title":{"rendered":"Clavier pour jeu SteelSeries Apex Pro Fran\u00e7ais AZERTY"},"content":{"rendered":"<p>Retournez au bureau sans rien oublier ! Achetez <b>Clavier pour jeu SteelSeries Apex Pro Fran\u00e7ais AZERTY<\/b> et faites envie \u00e0 vos coll\u00e8gues!<\/p>\n<p>Le <b>clavier gaming Apex Pro<\/b> de <b>SteelSeries<\/b> est un appareil con\u00e7u pour offrir des performances avanc\u00e9es dans les jeux et applications professionnelles, fabriqu\u00e9 en <b>mat\u00e9riau aluminium<\/b> garantissant durabilit\u00e9 et esth\u00e9tique soign\u00e9e en couleur <b>noir<\/b>. Ce <b>clavier num\u00e9rique<\/b> dispose d\u2019une <b>r\u00e9tro\u00e9clairage personnalisable<\/b>, assurant une visibilit\u00e9 optimale en environnement peu \u00e9clair\u00e9 et apportant une touche professionnelle et moderne. Sa connexion via <b>USB<\/b> garantit compatibilit\u00e9 et transfert de donn\u00e9es stable, compatible avec les syst\u00e8mes d\u2019exploitation <b>Windows<\/b> et <b>Mac OS<\/b>, ce qui le rend polyvalent pour diff\u00e9rents usages. Il int\u00e8gre un repose-poignet ergonomique favorisant le confort lors de longues sessions, r\u00e9duisant la fatigue et am\u00e9liorant l\u2019exp\u00e9rience utilisateur. De plus, l\u2019Apex Pro offre une exp\u00e9rience personnalis\u00e9e gr\u00e2ce \u00e0 sa technologie de touches r\u00e9glables, permettant d\u2019ajuster la sensibilit\u00e9 et la profondeur d\u2019activation pour s\u2019adapter aux besoins sp\u00e9cifiques, allant de r\u00e9ponses ultra-rapides \u00e0 une frappe pr\u00e9cise sans erreurs. Cela en fait un outil optimal pour les joueurs exigeants et les professionnels n\u00e9cessitant haute pr\u00e9cision et rapidit\u00e9. En r\u00e9sum\u00e9, l\u2019Apex Pro de SteelSeries allie robustesse, polyvalence et technologie avanc\u00e9e pour proposer un clavier gaming performant et adaptable \u00e0 divers usages et plateformes.<\/p>\n<ul>\n<li>Langue: Fran\u00e7ais<\/li>\n<li>Clavier: AZERTY<\/li>\n<li>Type:\n<ul>\n<li>Clavier pour jeu<\/li>\n<li>Clavier num\u00e9rique<\/li>\n<li>Repose poignets<\/li>\n<\/ul>\n<\/li>\n<li>Couleur: Noir<\/li>\n<li>Mat\u00e9riel: Aluminium<\/li>\n<li>Caract\u00e9ristiques:\n<ul>\n<li>R\u00e9tro-\u00e9clair\u00e9<\/li>\n<li>Anti-Ghosting<\/li>\n<\/ul>\n<\/li>\n<li>Connexions: USB<\/li>\n<li>Style: Droit<\/li>\n<li>Compatible:\n<ul>\n<li>Windows<\/li>\n<li>Mac OS<\/li>\n<\/ul>\n<\/li>\n<li>R\u00e9tro-\u00e9clair\u00e9: RGB LED<\/li>\n<li>Bloc d\u2019Alimentation: USB<\/li>\n<li>Utilisation recommand\u00e9e: Jeu<\/li>\n<li>Non inclut: Souris<\/li>\n<\/ul>","protected":false},"excerpt":{"rendered":"<p>Retournez au bureau sans rien oublier ! Achetez Clavier pour jeu SteelSeries Apex Pro Fran\u00e7ais AZERTY et faites envie \u00e0 vos coll\u00e8gues! Le clavier gaming Apex Pro de SteelSeries est un appareil con\u00e7u pour offrir des performances avanc\u00e9es dans les jeux et applications professionnelles, fabriqu\u00e9 en mat\u00e9riau aluminium garantissant durabilit\u00e9 et esth\u00e9tique soign\u00e9e en couleur [&hellip;]<\/p>\n","protected":false},"featured_media":15811,"comment_status":"open","ping_status":"closed","template":"","meta":[],"product_brand":[791],"product_cat":[738,65,737],"product_tag":[59,572],"class_list":{"0":"post-15816","1":"product","2":"type-product","3":"status-publish","4":"has-post-thumbnail","6":"product_brand-brandp_625","7":"product_cat-claviers-de-jeu","8":"product_cat-informatique-electronique","9":"product_cat-informatique-gaming","10":"product_tag-tag_1304","11":"product_tag-tag_29","13":"first","14":"instock","15":"taxable","16":"shipping-taxable","17":"purchasable","18":"product-type-simple"},"_links":{"self":[{"href":"https:\/\/bigbuy.tupique.com\/en\/wp-json\/wp\/v2\/product\/15816","targetHints":{"allow":["GET"]}}],"collection":[{"href":"https:\/\/bigbuy.tupique.com\/en\/wp-json\/wp\/v2\/product"}],"about":[{"href":"https:\/\/bigbuy.tupique.com\/en\/wp-json\/wp\/v2\/types\/product"}],"replies":[{"embeddable":true,"href":"https:\/\/bigbuy.tupique.com\/en\/wp-json\/wp\/v2\/comments?post=15816"}],"wp:featuredmedia":[{"embeddable":true,"href":"https:\/\/bigbuy.tupique.com\/en\/wp-json\/wp\/v2\/media\/15811"}],"wp:attachment":[{"href":"https:\/\/bigbuy.tupique.com\/en\/wp-json\/wp\/v2\/media?parent=15816"}],"wp:term":[{"taxonomy":"product_brand","embeddable":true,"href":"https:\/\/bigbuy.tupique.com\/en\/wp-json\/wp\/v2\/product_brand?post=15816"},{"taxonomy":"product_cat","embeddable":true,"href":"https:\/\/bigbuy.tupique.com\/en\/wp-json\/wp\/v2\/product_cat?post=15816"},{"taxonomy":"product_tag","embeddable":true,"href":"https:\/\/bigbuy.tupique.com\/en\/wp-json\/wp\/v2\/product_tag?post=15816"}],"curies":[{"name":"wp","href":"https:\/\/api.w.org\/{rel}","templated":true}]}}