{"id":15781,"date":"2026-03-29T13:03:57","date_gmt":"2026-03-29T12:03:57","guid":{"rendered":"https:\/\/bigbuy.tupique.com\/produto\/network-storage-qnap-ts-433-4g\/"},"modified":"2026-05-11T19:59:17","modified_gmt":"2026-05-11T17:59:17","slug":"network-storage-qnap-ts-433-4g","status":"publish","type":"product","link":"https:\/\/bigbuy.tupique.com\/en\/produto\/network-storage-qnap-ts-433-4g\/","title":{"rendered":"Stockage r\u00e9seau Qnap TS-433-4G"},"content":{"rendered":"<p>Si vous \u00eates passionn\u00e9 d&#8217;<b>informatique et d&#8217;\u00e9lectronique<\/b>, si vous \u00eates \u00e0 la pointe de la technologie et qu&#8217;aucun d\u00e9tail ne vous \u00e9chappe, achetez <b>Stockage r\u00e9seau Qnap TS-433-4G<\/b> au meilleur prix.<\/p>\n<p>Le <b>TS-433<\/b> de QNAP est un dispositif avanc\u00e9 de <b>stockage en r\u00e9seau (NAS)<\/b> con\u00e7u pour les utilisateurs domestiques et les petites entreprises recherchant efficacit\u00e9, s\u00e9curit\u00e9 et simplicit\u00e9 d\u2019utilisation. \u00c9quip\u00e9 d\u2019un processeur <b>ARM Cortex-A55 quadric\u0153ur \u00e0 2 GHz<\/b> et de <b>4 Go de m\u00e9moire RAM int\u00e9gr\u00e9e<\/b>, il offre des performances solides et fiables pour g\u00e9rer plusieurs applications et t\u00e2ches simultan\u00e9es, avec un support jusqu\u2019\u00e0 quatre disques durs SATA 6 Gb\/s. Ce mod\u00e8le int\u00e8gre un <b>port LAN 2,5 GbE<\/b> qui am\u00e9liore nettement la vitesse de transfert et la collaboration en r\u00e9seau, facilitant les t\u00e2ches \u00e0 large bande passante. Son design compact et minimaliste en <b>blanc et noir<\/b> garantit une int\u00e9gration discr\u00e8te et \u00e9l\u00e9gante \u00e0 domicile ou au bureau, tandis que le syst\u00e8me de montage sans vis simplifie l\u2019installation des disques. Il se distingue par sa s\u00e9curit\u00e9 avanc\u00e9e, incluant le chiffrement mat\u00e9riel acc\u00e9l\u00e9r\u00e9 <b>AES-NI 256 bits<\/b> pour prot\u00e9ger les donn\u00e9es au niveau des volumes et dossiers, ainsi que des applications int\u00e9gr\u00e9es contre les menaces, telles que le blocage IP, le filtrage g\u00e9ographique et l\u2019authentification \u00e0 deux facteurs. Le syst\u00e8me d\u2019exploitation <b>QTS 5<\/b> offre une interface fluide et optimis\u00e9e facilitant la gestion, la synchronisation et l\u2019acc\u00e8s \u00e0 distance via le service <b>myQNAPcloud<\/b>, avec un support des instantan\u00e9s pour restaurer le syst\u00e8me en cas de ransomware. Le TS-433 comprend une unit\u00e9 <b>NPU (processeur d\u2019intelligence artificielle)<\/b> qui acc\u00e9l\u00e8re des fonctions avanc\u00e9es comme la reconnaissance faciale et d\u2019objets, am\u00e9liorant la rapidit\u00e9 et la pr\u00e9cision dans l\u2019analyse et l\u2019organisation automatique des images. Il est aussi compatible avec des applications innovantes de conteneurs bas\u00e9es sur Docker pour \u00e9tendre ses fonctionnalit\u00e9s. Pour le stockage multim\u00e9dia, il supporte le traitement acc\u00e9l\u00e9r\u00e9 par la technologie ARM NEON pour am\u00e9liorer la lecture et la diffusion en haute r\u00e9solution vers des appareils compatibles DLNA, Chromecast ou Apple TV. La connectivit\u00e9 USB, incluant la fonction de copie en un clic, facilite la sauvegarde directe depuis des p\u00e9riph\u00e9riques externes. Les diverses solutions int\u00e9gr\u00e9es permettent des sauvegardes automatiques depuis Windows, macOS, mobiles et services cloud comme Google Drive, assurant une protection compl\u00e8te des donn\u00e9es. L\u2019extension du stockage est simple et \u00e9conomique gr\u00e2ce \u00e0 la compatibilit\u00e9 avec les bo\u00eetiers d\u2019extension QNAP et la possibilit\u00e9 de migrer vers des syst\u00e8mes sup\u00e9rieurs en conservant donn\u00e9es et configurations. En r\u00e9sum\u00e9, le <b>QNAP TS-433<\/b> est un NAS efficace et s\u00e9curis\u00e9, id\u00e9al pour ceux qui ont besoin d\u2019un centre de donn\u00e9es personnel performant, flexible et facile \u00e0 g\u00e9rer, parfait pour stocker, organiser et prot\u00e9ger fichiers et m\u00e9dias num\u00e9riques avec une technologie avanc\u00e9e sans complexit\u00e9 technique.<\/p>\n<ul>\n<li>Disque dur: 4 GB<\/li>\n<li>Type:\n<ul>\n<li>NAS<\/li>\n<li>HDD\/SSD<\/li>\n<\/ul>\n<\/li>\n<li>Taille: 2,5&#8243;<\/li>\n<li>Connexions:\n<ul>\n<li>USB 2.0<\/li>\n<li>RJ45 x 2<\/li>\n<li>Ethernet LAN<\/li>\n<li>Sata II<\/li>\n<li>USB<\/li>\n<li>RJ45<\/li>\n<li>USB 3.2<\/li>\n<li>USB 2.0 x 2<\/li>\n<\/ul>\n<\/li>\n<li>M\u00e9moire RAM: 4 GB RAM<\/li>\n<li>Tension:\n<ul>\n<li>100-240 V<\/li>\n<li>12 V<\/li>\n<li>100 &#8211; 240 V<\/li>\n<\/ul>\n<\/li>\n<li>Compatible:\n<ul>\n<li>HDD\/SSD<\/li>\n<li>2,5&#8243;-3,5&#8243;<\/li>\n<li>PC<\/li>\n<li>Raid 0,1,5,6,10,JBOD<\/li>\n<\/ul>\n<\/li>\n<li>Caract\u00e9ristiques:\n<ul>\n<li>Interrupteur marche\/arr\u00eat<\/li>\n<li>Vibromasseur<\/li>\n<li>Verrou de s\u00e9curit\u00e9<\/li>\n<\/ul>\n<\/li>\n<li>vitesse: 2 GHz<\/li>\n<li>Ventillateur:\n<ul>\n<li>1<\/li>\n<li>12 cm<\/li>\n<\/ul>\n<\/li>\n<li>Compartiments 3,5&#8243;: 4<\/li>\n<li>Batterie au lithium rechargeable: 90 mAh<\/li>\n<li>Inclut: Adaptateur<\/li>\n<li>Connecteurs: Kensington<\/li>\n<li>Temp\u00e9rature approximative: &#8211; 20\u00baC \/ 70\u00b0C<\/li>\n<li>Noyaux: 4 Noyaux<\/li>\n<\/ul>","protected":false},"excerpt":{"rendered":"<p>Si vous \u00eates passionn\u00e9 d&#8217;informatique et d&#8217;\u00e9lectronique, si vous \u00eates \u00e0 la pointe de la technologie et qu&#8217;aucun d\u00e9tail ne vous \u00e9chappe, achetez Stockage r\u00e9seau Qnap TS-433-4G au meilleur prix. Le TS-433 de QNAP est un dispositif avanc\u00e9 de stockage en r\u00e9seau (NAS) con\u00e7u pour les utilisateurs domestiques et les petites entreprises recherchant efficacit\u00e9, s\u00e9curit\u00e9 [&hellip;]<\/p>\n","protected":false},"featured_media":166839,"comment_status":"open","ping_status":"closed","template":"","meta":[],"product_brand":[646],"product_cat":[588,65,584],"product_tag":[106],"class_list":{"0":"post-15781","1":"product","2":"type-product","3":"status-publish","4":"has-post-thumbnail","6":"product_brand-brandp_4747","7":"product_cat-disques-durs","8":"product_cat-informatique-electronique","9":"product_cat-informatique-reseaux-et-composants","10":"product_tag-tag_1295","12":"first","13":"instock","14":"taxable","15":"shipping-taxable","16":"purchasable","17":"product-type-simple"},"_links":{"self":[{"href":"https:\/\/bigbuy.tupique.com\/en\/wp-json\/wp\/v2\/product\/15781","targetHints":{"allow":["GET"]}}],"collection":[{"href":"https:\/\/bigbuy.tupique.com\/en\/wp-json\/wp\/v2\/product"}],"about":[{"href":"https:\/\/bigbuy.tupique.com\/en\/wp-json\/wp\/v2\/types\/product"}],"replies":[{"embeddable":true,"href":"https:\/\/bigbuy.tupique.com\/en\/wp-json\/wp\/v2\/comments?post=15781"}],"wp:featuredmedia":[{"embeddable":true,"href":"https:\/\/bigbuy.tupique.com\/en\/wp-json\/wp\/v2\/media\/166839"}],"wp:attachment":[{"href":"https:\/\/bigbuy.tupique.com\/en\/wp-json\/wp\/v2\/media?parent=15781"}],"wp:term":[{"taxonomy":"product_brand","embeddable":true,"href":"https:\/\/bigbuy.tupique.com\/en\/wp-json\/wp\/v2\/product_brand?post=15781"},{"taxonomy":"product_cat","embeddable":true,"href":"https:\/\/bigbuy.tupique.com\/en\/wp-json\/wp\/v2\/product_cat?post=15781"},{"taxonomy":"product_tag","embeddable":true,"href":"https:\/\/bigbuy.tupique.com\/en\/wp-json\/wp\/v2\/product_tag?post=15781"}],"curies":[{"name":"wp","href":"https:\/\/api.w.org\/{rel}","templated":true}]}}