{"id":157672,"date":"2026-04-09T16:38:14","date_gmt":"2026-04-09T15:38:14","guid":{"rendered":"https:\/\/bigbuy.tupique.com\/produto\/combined-refrigerator-lg-gtf916pzped-apzqeur-steel-630-l\/"},"modified":"2026-04-15T07:03:32","modified_gmt":"2026-04-15T06:03:32","slug":"combined-refrigerator-lg-gtf916pzped-apzqeur-steel-630-l","status":"publish","type":"product","link":"https:\/\/bigbuy.tupique.com\/en\/produto\/combined-refrigerator-lg-gtf916pzped-apzqeur-steel-630-l\/","title":{"rendered":"R\u00e9frig\u00e9rateur Combin\u00e9 LG GTF916PZPED.APZQEUR Acier 630 L"},"content":{"rendered":"<p>Si vous \u00eates \u00e0 la recherche de nouvelles tendances sur le march\u00e9, nous vous pr\u00e9sentons <b>R\u00e9frig\u00e9rateur Combin\u00e9 LG GTF916PZPED.APZQEUR Acier 630 L<\/b> !<\/p>\n<ul>\n<li>Type de prise: Prise EU<\/li>\n<li>Produit \u00e0 brancher: Oui<\/li>\n<li>Type:\n<ul>\n<li>R\u00e9frig\u00e9rateur Combin\u00e9<\/li>\n<li>Original<\/li>\n<\/ul>\n<\/li>\n<li>\u00c9lev\u00e9: 184 cm<\/li>\n<li>Caract\u00e9ristiques:\n<ul>\n<li>Distributeur d&#8217;eau<\/li>\n<li>\u00c9cran integr\u00e9<\/li>\n<li>Commande tactile<\/li>\n<\/ul>\n<\/li>\n<li>Bloc d\u2019Alimentation: r\u00e9seau \u00e9lectrique<\/li>\n<li>Couleur:\n<ul>\n<li>Acier<\/li>\n<li>Platine<\/li>\n<\/ul>\n<\/li>\n<li>Classification \u00e9nerg\u00e9tique: E<\/li>\n<li>\u00c9cran integr\u00e9: Non<\/li>\n<li>Capacit\u00e9: 630 L<\/li>\n<li>Largeur: 86 cm<\/li>\n<li>Tension: 220 V<\/li>\n<li>Technologie: LED<\/li>\n<li>Direction d&#8217;ouverture: Droite<\/li>\n<li>R\u00e9frig\u00e9rant: R-600a<\/li>\n<li>Niveau sonore: 38 dB<\/li>\n<li>Portes: 2 portes<\/li>\n<\/ul>","protected":false},"excerpt":{"rendered":"<p><span class=\"unit-info\">2.3619 &euro; \/ 1 l<\/span><\/p>","protected":false},"featured_media":157611,"comment_status":"open","ping_status":"closed","template":"","meta":[],"product_brand":[662],"product_cat":[60,77,226],"product_tag":[56],"class_list":{"0":"post-157672","1":"product","2":"type-product","3":"status-publish","4":"has-post-thumbnail","6":"product_brand-brandp_559","7":"product_cat-cuisine-gourmet","8":"product_cat-petit-electromenager","9":"product_cat-refrigerateurs-et-congelateurs","10":"product_tag-tag_930","12":"first","13":"instock","14":"taxable","15":"shipping-taxable","16":"purchasable","17":"product-type-simple"},"_links":{"self":[{"href":"https:\/\/bigbuy.tupique.com\/en\/wp-json\/wp\/v2\/product\/157672","targetHints":{"allow":["GET"]}}],"collection":[{"href":"https:\/\/bigbuy.tupique.com\/en\/wp-json\/wp\/v2\/product"}],"about":[{"href":"https:\/\/bigbuy.tupique.com\/en\/wp-json\/wp\/v2\/types\/product"}],"replies":[{"embeddable":true,"href":"https:\/\/bigbuy.tupique.com\/en\/wp-json\/wp\/v2\/comments?post=157672"}],"wp:featuredmedia":[{"embeddable":true,"href":"https:\/\/bigbuy.tupique.com\/en\/wp-json\/wp\/v2\/media\/157611"}],"wp:attachment":[{"href":"https:\/\/bigbuy.tupique.com\/en\/wp-json\/wp\/v2\/media?parent=157672"}],"wp:term":[{"taxonomy":"product_brand","embeddable":true,"href":"https:\/\/bigbuy.tupique.com\/en\/wp-json\/wp\/v2\/product_brand?post=157672"},{"taxonomy":"product_cat","embeddable":true,"href":"https:\/\/bigbuy.tupique.com\/en\/wp-json\/wp\/v2\/product_cat?post=157672"},{"taxonomy":"product_tag","embeddable":true,"href":"https:\/\/bigbuy.tupique.com\/en\/wp-json\/wp\/v2\/product_tag?post=157672"}],"curies":[{"name":"wp","href":"https:\/\/api.w.org\/{rel}","templated":true}]}}