{"id":15654,"date":"2026-03-29T13:00:52","date_gmt":"2026-03-29T12:00:52","guid":{"rendered":"https:\/\/bigbuy.tupique.com\/produto\/interactive-ups-apc-smv1000cai\/"},"modified":"2026-04-16T08:14:53","modified_gmt":"2026-04-16T07:14:53","slug":"interactive-ups-apc-smv1000cai","status":"publish","type":"product","link":"https:\/\/bigbuy.tupique.com\/en\/produto\/interactive-ups-apc-smv1000cai\/","title":{"rendered":"Sai Interactif APC SMV1000CAI"},"content":{"rendered":"<p>Si vous \u00eates passionn\u00e9 d&#8217;<b>informatique et d&#8217;\u00e9lectronique<\/b>, si vous \u00eates \u00e0 la pointe de la technologie et qu&#8217;aucun d\u00e9tail ne vous \u00e9chappe, achetez <b>Sai Interactif APC SMV1000CAI          <\/b> au meilleur prix.<\/p>\n<ul>\n<li>Technologie:\n<ul>\n<li>LCD<\/li>\n<li>VRLA<\/li>\n<\/ul>\n<\/li>\n<li>Produit \u00e0 brancher: Oui<\/li>\n<li>Type de prise: Prise EU<\/li>\n<li>Type:\n<ul>\n<li>Tour<\/li>\n<li>Syst\u00e8me d&#8217;Alimentation Sans Interruption Interactif<\/li>\n<li>C13<\/li>\n<\/ul>\n<\/li>\n<li>Temps de charge approx.: 4 heures<\/li>\n<li>Bloc d\u2019Alimentation: r\u00e9seau \u00e9lectrique<\/li>\n<li>Couleur:\n<ul>\n<li>Noir<\/li>\n<li>Gris<\/li>\n<\/ul>\n<\/li>\n<li>Largeur: 160 mm<\/li>\n<li>Connexions:\n<ul>\n<li>USB 2.0<\/li>\n<li>C14 x 1<\/li>\n<li>AC x 6<\/li>\n<li>USB<\/li>\n<li>C14<\/li>\n<\/ul>\n<\/li>\n<li>puissance:\n<ul>\n<li>700 W<\/li>\n<li>1000 VA<\/li>\n<\/ul>\n<\/li>\n<li>Tension: 230 V<\/li>\n<li>Caract\u00e9ristiques:\n<ul>\n<li>\u00c9cran LCD<\/li>\n<li>Alarme<\/li>\n<li>Interactif<\/li>\n<li>D\u00e9marrage \u00e0 froid<\/li>\n<li>T\u00e9moin de fonctionnement LED<\/li>\n<\/ul>\n<\/li>\n<li>Poids: 2,5 kg<\/li>\n<li>Certificat:\n<ul>\n<li>RoHS<\/li>\n<li>CE<\/li>\n<\/ul>\n<\/li>\n<li>Facteur de forme: Tower<\/li>\n<li>Fr\u00e9quence: 50\/60 Hz<\/li>\n<li>Type de batterie: Litio Ion<\/li>\n<\/ul>","protected":false},"excerpt":{"rendered":"<p>Si vous \u00eates passionn\u00e9 d&#8217;informatique et d&#8217;\u00e9lectronique, si vous \u00eates \u00e0 la pointe de la technologie et qu&#8217;aucun d\u00e9tail ne vous \u00e9chappe, achetez Sai Interactif APC SMV1000CAI au meilleur prix. Technologie: LCD VRLA Produit \u00e0 brancher: Oui Type de prise: Prise EU Type: Tour Syst\u00e8me d&#8217;Alimentation Sans Interruption Interactif C13 Temps de charge approx.: 4 [&hellip;]<\/p>\n","protected":false},"featured_media":178042,"comment_status":"open","ping_status":"closed","template":"","meta":[],"product_brand":[649],"product_cat":[65,581,603],"product_tag":[106],"class_list":{"0":"post-15654","1":"product","2":"type-product","3":"status-publish","4":"has-post-thumbnail","6":"product_brand-brandp_532","7":"product_cat-informatique-electronique","8":"product_cat-informatique-peripheriques-et-consommables","9":"product_cat-ups","10":"product_tag-tag_1295","12":"first","13":"instock","14":"taxable","15":"shipping-taxable","16":"purchasable","17":"product-type-simple"},"_links":{"self":[{"href":"https:\/\/bigbuy.tupique.com\/en\/wp-json\/wp\/v2\/product\/15654","targetHints":{"allow":["GET"]}}],"collection":[{"href":"https:\/\/bigbuy.tupique.com\/en\/wp-json\/wp\/v2\/product"}],"about":[{"href":"https:\/\/bigbuy.tupique.com\/en\/wp-json\/wp\/v2\/types\/product"}],"replies":[{"embeddable":true,"href":"https:\/\/bigbuy.tupique.com\/en\/wp-json\/wp\/v2\/comments?post=15654"}],"wp:featuredmedia":[{"embeddable":true,"href":"https:\/\/bigbuy.tupique.com\/en\/wp-json\/wp\/v2\/media\/178042"}],"wp:attachment":[{"href":"https:\/\/bigbuy.tupique.com\/en\/wp-json\/wp\/v2\/media?parent=15654"}],"wp:term":[{"taxonomy":"product_brand","embeddable":true,"href":"https:\/\/bigbuy.tupique.com\/en\/wp-json\/wp\/v2\/product_brand?post=15654"},{"taxonomy":"product_cat","embeddable":true,"href":"https:\/\/bigbuy.tupique.com\/en\/wp-json\/wp\/v2\/product_cat?post=15654"},{"taxonomy":"product_tag","embeddable":true,"href":"https:\/\/bigbuy.tupique.com\/en\/wp-json\/wp\/v2\/product_tag?post=15654"}],"curies":[{"name":"wp","href":"https:\/\/api.w.org\/{rel}","templated":true}]}}