{"id":15652,"date":"2026-03-29T13:00:50","date_gmt":"2026-03-29T12:00:50","guid":{"rendered":"https:\/\/bigbuy.tupique.com\/produto\/tv-mount-startech-stndmtvduo-60-37\/"},"modified":"2026-04-15T00:13:59","modified_gmt":"2026-04-14T23:13:59","slug":"tv-mount-startech-stndmtvduo-60-37","status":"publish","type":"product","link":"https:\/\/bigbuy.tupique.com\/en\/produto\/tv-mount-startech-stndmtvduo-60-37\/","title":{"rendered":"Support de TV Startech STNDMTVDUO 60&#8243; 37&#8243;"},"content":{"rendered":"<p>Si vous \u00eates passionn\u00e9 d&#8217;<b>informatique et d&#8217;\u00e9lectronique<\/b>, si vous \u00eates \u00e0 la pointe de la technologie et qu&#8217;aucun d\u00e9tail ne vous \u00e9chappe, achetez <b>Support de TV Startech STNDMTVDUO 60&#8243; 37&#8243;<\/b> au meilleur prix.<\/p>\n<ul>\n<li>Couleur:\n<ul>\n<li>Argent\u00e9<\/li>\n<li>Noir<\/li>\n<\/ul>\n<\/li>\n<li>Pouces:\n<ul>\n<li>37&#8243;<\/li>\n<li>60&#8243;<\/li>\n<\/ul>\n<\/li>\n<li>Type:\n<ul>\n<li>Support pied<\/li>\n<li>Support de TV<\/li>\n<li>Support pour le sol<\/li>\n<\/ul>\n<\/li>\n<li>Caract\u00e9ristiques:\n<ul>\n<li>Hauteur r\u00e9glable<\/li>\n<li>4 roues pour facilit\u00e9 son d\u00e9placement<\/li>\n<li>R\u00e9glable<\/li>\n<li>Plaque Tournante<\/li>\n<\/ul>\n<\/li>\n<li>Ecran:\n<ul>\n<li>60&#8243;<\/li>\n<li>37&#8243;<\/li>\n<\/ul>\n<\/li>\n<li>VESA:\n<ul>\n<li>20 x 20 cm<\/li>\n<li>60 x 40 cm<\/li>\n<\/ul>\n<\/li>\n<li>Compatible: VESA 600 x 400 mm<\/li>\n<li>Poids Max. support\u00e9: 100 kg<\/li>\n<li>Mati\u00e8re: Acier<\/li>\n<li>Inclut:\n<ul>\n<li>Vis<\/li>\n<li>Manuel de l&#8217;utilisateur<\/li>\n<\/ul>\n<\/li>\n<li>Type de mouvement: Inclinable<\/li>\n<li>Avec des roues: x4<\/li>\n<li>Diagonale de l&#8217;\u00e9cran (cm): 94 cm<\/li>\n<\/ul>","protected":false},"excerpt":{"rendered":"<p>Si vous \u00eates passionn\u00e9 d&#8217;informatique et d&#8217;\u00e9lectronique, si vous \u00eates \u00e0 la pointe de la technologie et qu&#8217;aucun d\u00e9tail ne vous \u00e9chappe, achetez Support de TV Startech STNDMTVDUO 60&#8243; 37&#8243; au meilleur prix. Couleur: Argent\u00e9 Noir Pouces: 37&#8243; 60&#8243; Type: Support pied Support de TV Support pour le sol Caract\u00e9ristiques: Hauteur r\u00e9glable 4 roues pour [&hellip;]<\/p>\n","protected":false},"featured_media":15651,"comment_status":"open","ping_status":"closed","template":"","meta":[],"product_brand":[634],"product_cat":[589,65,590],"product_tag":[210],"class_list":{"0":"post-15652","1":"product","2":"type-product","3":"status-publish","4":"has-post-thumbnail","6":"product_brand-brandp_4771","7":"product_cat-electronique-television","8":"product_cat-informatique-electronique","9":"product_cat-supports-de-television","10":"product_tag-tag_25","12":"first","13":"instock","14":"taxable","15":"shipping-taxable","16":"purchasable","17":"product-type-simple"},"_links":{"self":[{"href":"https:\/\/bigbuy.tupique.com\/en\/wp-json\/wp\/v2\/product\/15652","targetHints":{"allow":["GET"]}}],"collection":[{"href":"https:\/\/bigbuy.tupique.com\/en\/wp-json\/wp\/v2\/product"}],"about":[{"href":"https:\/\/bigbuy.tupique.com\/en\/wp-json\/wp\/v2\/types\/product"}],"replies":[{"embeddable":true,"href":"https:\/\/bigbuy.tupique.com\/en\/wp-json\/wp\/v2\/comments?post=15652"}],"wp:featuredmedia":[{"embeddable":true,"href":"https:\/\/bigbuy.tupique.com\/en\/wp-json\/wp\/v2\/media\/15651"}],"wp:attachment":[{"href":"https:\/\/bigbuy.tupique.com\/en\/wp-json\/wp\/v2\/media?parent=15652"}],"wp:term":[{"taxonomy":"product_brand","embeddable":true,"href":"https:\/\/bigbuy.tupique.com\/en\/wp-json\/wp\/v2\/product_brand?post=15652"},{"taxonomy":"product_cat","embeddable":true,"href":"https:\/\/bigbuy.tupique.com\/en\/wp-json\/wp\/v2\/product_cat?post=15652"},{"taxonomy":"product_tag","embeddable":true,"href":"https:\/\/bigbuy.tupique.com\/en\/wp-json\/wp\/v2\/product_tag?post=15652"}],"curies":[{"name":"wp","href":"https:\/\/api.w.org\/{rel}","templated":true}]}}