{"id":156516,"date":"2026-04-09T13:29:21","date_gmt":"2026-04-09T12:29:21","guid":{"rendered":"https:\/\/bigbuy.tupique.com\/produto\/smartphone-samsung-galaxy-xcover7-pro-5g-sm-g766b-66-octa-core-6-gb-ram-128-gb-black\/"},"modified":"2026-04-15T08:51:11","modified_gmt":"2026-04-15T07:51:11","slug":"smartphone-samsung-galaxy-xcover7-pro-5g-sm-g766b-66-octa-core-6-gb-ram-128-gb-black","status":"publish","type":"product","link":"https:\/\/bigbuy.tupique.com\/en\/produto\/smartphone-samsung-galaxy-xcover7-pro-5g-sm-g766b-66-octa-core-6-gb-ram-128-gb-black\/","title":{"rendered":"Smartphone Samsung Galaxy XCover7 Pro 5G SM-G766B 6,6&#8243; Octa Core 6 GB RAM 128 GB Noir"},"content":{"rendered":"<p>Si vous \u00eates \u00e0 la recherche de nouvelles tendances sur le march\u00e9, nous vous pr\u00e9sentons <b>Smartphone Samsung Galaxy XCover7 Pro 5G SM-G766B 6,6&#8243; Octa Core 6 GB RAM 128 GB Noir<\/b> !<\/p>\n<p>Le <b>Galaxy XCover7 Pro<\/b> de <b>Samsung<\/b> est un <b>smartphone<\/b> con\u00e7u sp\u00e9cialement pour ceux qui recherchent durabilit\u00e9 et fiabilit\u00e9 dans des environnements exigeants, alliant des performances robustes \u00e0 la fonctionnalit\u00e9 d\u2019un appareil moderne. Ce mod\u00e8le dispose d\u2019un <b>\u00e9cran de 6,6 pouces<\/b> offrant un large espace visuel pour faciliter la lecture et la navigation, m\u00eame sous diff\u00e9rentes conditions de luminosit\u00e9 gr\u00e2ce \u00e0 son <b>capteur de lumi\u00e8re ambiante<\/b>, garantissant une visibilit\u00e9 optimale en toutes circonstances. Il est \u00e9quip\u00e9 de <b>6 Go de RAM<\/b> et de <b>128 Go de stockage interne<\/b>, assurant une ex\u00e9cution fluide de plusieurs applications et un espace suffisant pour documents, photos et vid\u00e9os, id\u00e9al pour un usage professionnel ou personnel. Sa <b>construction r\u00e9sistante \u00e0 l\u2019eau et \u00e0 la poussi\u00e8re<\/b> fait du Galaxy XCover7 Pro un choix adapt\u00e9 aux activit\u00e9s ext\u00e9rieures ou aux environnements industriels, prolongeant la dur\u00e9e de vie de l\u2019appareil face aux chocs, \u00e9claboussures ou conditions difficiles. Son design en <b>noir<\/b> conf\u00e8re une allure sobre et discr\u00e8te, parfaite pour tout cadre professionnel. Parmi ses atouts, on retrouve un <b>GPS<\/b> haute pr\u00e9cision, utile pour la navigation et la localisation en temps r\u00e9el, ainsi que des fonctions de messagerie avanc\u00e9es comme le <b>MMS<\/b> et des outils d\u00e9di\u00e9s aux environnements professionnels n\u00e9cessitant une communication et une gestion des donn\u00e9es fiables. Ce smartphone constitue ainsi une solution \u00e9quilibr\u00e9e pour les professionnels et utilisateurs actifs, se positionnant comme une alternative robuste et polyvalente dans la gamme des appareils r\u00e9sistants de Samsung.<\/p>\n<ul>\n<li>Type:\n<ul>\n<li>Smartphone<\/li>\n<li>Dual SIM<\/li>\n<\/ul>\n<\/li>\n<li>Produit \u00e0 brancher: Oui<\/li>\n<li>Diagonale de l&#8217;\u00e9cran (cm): 16,8 cm<\/li>\n<li>Type de prise: Prise EU<\/li>\n<li>Caract\u00e9ristiques:\n<ul>\n<li>St\u00e9r\u00e9o<\/li>\n<li>R\u00e9sistant \u00e0 l&#8217;eau<\/li>\n<li>R\u00e9sistant \u00e0 la poussi\u00e8re<\/li>\n<li>Chargement rapide<\/li>\n<li>GPS<\/li>\n<li>Capteur de lumi\u00e8re ambiante<\/li>\n<li>MMS<\/li>\n<li>R\u00e9sistant \u00e0 l&#8217;eau et \u00e0 la poussi\u00e8re<\/li>\n<li>Appel vid\u00e9o<\/li>\n<li>Autofocus<\/li>\n<li>Google Play<\/li>\n<li>Chargement rapide et fiable<\/li>\n<li>SMS<\/li>\n<li>Lecteur d&#8217;empreintes<\/li>\n<li>Capteur g\u00e9omagn\u00e9tique<\/li>\n<li>Capteur de proximit\u00e9<\/li>\n<li>Gorilla Glass<\/li>\n<li>\u00c9cran plat<\/li>\n<\/ul>\n<\/li>\n<li>Acc\u00e9l\u00e9rom\u00e8tre: Oui<\/li>\n<li>Noyaux:\n<ul>\n<li>8<\/li>\n<li>8 Noyaux<\/li>\n<\/ul>\n<\/li>\n<li>GPS: Oui<\/li>\n<li>Connectivit\u00e9:\n<ul>\n<li>GPS<\/li>\n<li>Wi-Fi 5 GHz<\/li>\n<li>Galileo<\/li>\n<li>4G<\/li>\n<li>Wi-Fi 6E ghz<\/li>\n<li>Bluetooth 5.4<\/li>\n<li>NFC<\/li>\n<li>Bluetooth<\/li>\n<li>Wi-Fi<\/li>\n<li>BeiDou<\/li>\n<li>5G<\/li>\n<li>Wi-Fi 6 GHz<\/li>\n<\/ul>\n<\/li>\n<li>Glonass: Oui<\/li>\n<li>Gyroscope: Oui<\/li>\n<li>Technologie:\n<ul>\n<li>Corning Gorilla Glass<\/li>\n<li>Mime<\/li>\n<li>Glonass<\/li>\n<li>PLS<\/li>\n<\/ul>\n<\/li>\n<li>Connexions:\n<ul>\n<li>nano SIM<\/li>\n<li>Dual SIM<\/li>\n<li>USB-C<\/li>\n<li>USB 3.2<\/li>\n<\/ul>\n<\/li>\n<li>Batterie: Amovible<\/li>\n<li>vitesse:\n<ul>\n<li>2,5 GHz<\/li>\n<li>1,8 ghz<\/li>\n<li>1.8 GHz<\/li>\n<\/ul>\n<\/li>\n<li>R\u00e9solution (px):\n<ul>\n<li>2408 X 1080 PX<\/li>\n<li>3840 x 2160 px<\/li>\n<\/ul>\n<\/li>\n<li>Poids approx.: 240 g<\/li>\n<li>Long: 1 cm<\/li>\n<li>Bloc d\u2019Alimentation:\n<ul>\n<li>r\u00e9seau \u00e9lectrique<\/li>\n<li>USB<\/li>\n<\/ul>\n<\/li>\n<li>Ecran: 6,6&#8243;<\/li>\n<li>Syst\u00e8me d&#8217;exploitation: Android<\/li>\n<li>puissance: 15 W<\/li>\n<li>Cam\u00e9ra\/Appareil Photo:\n<ul>\n<li>13 mpx<\/li>\n<li>50 Mp<\/li>\n<li>Dual<\/li>\n<li>8 MP<\/li>\n<li>13 MP<\/li>\n<li>Frontal<\/li>\n<\/ul>\n<\/li>\n<li>Processeur: Octa Core<\/li>\n<li>M\u00e9moire RAM: 6 GB RAM<\/li>\n<li>M\u00e9moire interne: 128 GB<\/li>\n<li>Couleur: Noir<\/li>\n<li>Zoom Num\u00e9rique: 10x<\/li>\n<li>Classification \u00e9nerg\u00e9tique: B<\/li>\n<li>Facteur de forme: Bar<\/li>\n<li>Ouverture: F\/1,8<\/li>\n<li>Capteurs:\n<ul>\n<li>Acc\u00e9l\u00e9rom\u00e8tre<\/li>\n<li>Gyroscope<\/li>\n<\/ul>\n<\/li>\n<li>Classification IP: IP68<\/li>\n<li>R\u00e9solution:\n<ul>\n<li>1080 p<\/li>\n<li>2408 x 1080 px<\/li>\n<\/ul>\n<\/li>\n<li>Non Inclus: Adaptateur AC<\/li>\n<li>Taille maximale de la carte m\u00e9moire: 2 TB<\/li>\n<li>Autonomie approx.: 22 heures<\/li>\n<li>Fr\u00e9quence:\n<ul>\n<li>120 Hz<\/li>\n<li>2,5 GHz<\/li>\n<\/ul>\n<\/li>\n<li>Cartes M\u00e9moire Compatibles: MicroSD (TransFlash)<\/li>\n<li>Type de batterie: Litio Ion<\/li>\n<li>Famille de processeurs: Qualcomm Snapdragon<\/li>\n<\/ul>","protected":false},"excerpt":{"rendered":"<p>Si vous \u00eates \u00e0 la recherche de nouvelles tendances sur le march\u00e9, nous vous pr\u00e9sentons Smartphone Samsung Galaxy XCover7 Pro 5G SM-G766B 6,6&#8243; Octa Core 6 GB RAM 128 GB Noir ! Le Galaxy XCover7 Pro de Samsung est un smartphone con\u00e7u sp\u00e9cialement pour ceux qui recherchent durabilit\u00e9 et fiabilit\u00e9 dans des environnements exigeants, alliant [&hellip;]<\/p>\n","protected":false},"featured_media":156480,"comment_status":"open","ping_status":"closed","template":"","meta":[],"product_brand":[183],"product_cat":[575,65,960],"product_tag":[213,566,106],"class_list":{"0":"post-156516","1":"product","2":"type-product","3":"status-publish","4":"has-post-thumbnail","6":"product_brand-brandp_576","7":"product_cat-electronique-telephonie-et-tablettes","8":"product_cat-informatique-electronique","9":"product_cat-telephones-portables","10":"product_tag-tag_933","11":"product_tag-tag_547","12":"product_tag-tag_1295","14":"first","15":"instock","16":"taxable","17":"shipping-taxable","18":"purchasable","19":"product-type-simple"},"_links":{"self":[{"href":"https:\/\/bigbuy.tupique.com\/en\/wp-json\/wp\/v2\/product\/156516","targetHints":{"allow":["GET"]}}],"collection":[{"href":"https:\/\/bigbuy.tupique.com\/en\/wp-json\/wp\/v2\/product"}],"about":[{"href":"https:\/\/bigbuy.tupique.com\/en\/wp-json\/wp\/v2\/types\/product"}],"replies":[{"embeddable":true,"href":"https:\/\/bigbuy.tupique.com\/en\/wp-json\/wp\/v2\/comments?post=156516"}],"wp:featuredmedia":[{"embeddable":true,"href":"https:\/\/bigbuy.tupique.com\/en\/wp-json\/wp\/v2\/media\/156480"}],"wp:attachment":[{"href":"https:\/\/bigbuy.tupique.com\/en\/wp-json\/wp\/v2\/media?parent=156516"}],"wp:term":[{"taxonomy":"product_brand","embeddable":true,"href":"https:\/\/bigbuy.tupique.com\/en\/wp-json\/wp\/v2\/product_brand?post=156516"},{"taxonomy":"product_cat","embeddable":true,"href":"https:\/\/bigbuy.tupique.com\/en\/wp-json\/wp\/v2\/product_cat?post=156516"},{"taxonomy":"product_tag","embeddable":true,"href":"https:\/\/bigbuy.tupique.com\/en\/wp-json\/wp\/v2\/product_tag?post=156516"}],"curies":[{"name":"wp","href":"https:\/\/api.w.org\/{rel}","templated":true}]}}