{"id":15650,"date":"2026-03-29T13:00:48","date_gmt":"2026-03-29T12:00:48","guid":{"rendered":"https:\/\/bigbuy.tupique.com\/produto\/uninterruptible-power-supply-system-interactive-ups-apc-bx2200mi\/"},"modified":"2026-05-11T19:58:34","modified_gmt":"2026-05-11T17:58:34","slug":"uninterruptible-power-supply-system-interactive-ups-apc-bx2200mi","status":"publish","type":"product","link":"https:\/\/bigbuy.tupique.com\/en\/produto\/uninterruptible-power-supply-system-interactive-ups-apc-bx2200mi\/","title":{"rendered":"Syst\u00e8me d&#8217;Alimentation Sans Interruption Interactif APC BX2200MI"},"content":{"rendered":"<p>Si vous \u00eates passionn\u00e9 d&#8217;<b>informatique et d&#8217;\u00e9lectronique<\/b>, si vous \u00eates \u00e0 la pointe de la technologie et qu&#8217;aucun d\u00e9tail ne vous \u00e9chappe, achetez <b>Syst\u00e8me d&#8217;Alimentation Sans Interruption Interactif APC BX2200MI<\/b> au meilleur prix.<\/p>\n<p>Le <b>BX2200MI d\u2019APC<\/b> est un <b>onduleur interactif<\/b> haute performance, con\u00e7u pour offrir une protection fiable et efficace aux \u00e9quipements informatiques et \u00e9lectroniques sensibles dans les environnements professionnels ou domestiques n\u00e9cessitant une s\u00e9curit\u00e9 maximale contre les coupures et fluctuations \u00e9lectriques. Ce mod\u00e8le se distingue par sa <b>puissance de sortie de 1200 W<\/b> et sa <b>capacit\u00e9 de 2,2 kVA<\/b>, permettant de soutenir des appareils critiques lors d\u2019incidents d\u2019alimentation. Il int\u00e8gre la <b>technologie VRLA<\/b> (batterie au plomb-acide \u00e9tanche), optimis\u00e9e pour une longue dur\u00e9e de vie et des temps de secours adapt\u00e9s, offrant environ 8,5 minutes \u00e0 demi-charge ou 1 minute \u00e0 pleine charge, garantissant un d\u00e9lai suffisant pour sauvegarder les donn\u00e9es et \u00e9teindre les syst\u00e8mes en toute s\u00e9curit\u00e9. Son <b>format compact<\/b> facilite l\u2019int\u00e9gration dans les espaces restreints, tandis que le design <b>noir<\/b> apporte discr\u00e9tion et modernit\u00e9 \u00e0 tout environnement. Il dispose de <b>6 prises AC type C13<\/b> et d\u2019un connecteur suppl\u00e9mentaire C19, couvrant les besoins \u00e9nerg\u00e9tiques de plusieurs appareils simultan\u00e9ment, ainsi que de <b>ports USB et USB 2.0<\/b> pour la connectivit\u00e9 et la surveillance. Parmi ses fonctions avanc\u00e9es figurent l\u2019<b>alarme sonore<\/b> pour des notifications imm\u00e9diates en cas d\u2019\u00e9v\u00e9nement \u00e9lectrique, l\u2019<b>indicateur de surcharge<\/b> pour plus de s\u00e9curit\u00e9 et la conformit\u00e9 \u00e0 la norme <b>RoHS<\/b>, garantissant un engagement en faveur de la durabilit\u00e9 et l\u2019absence de substances nocives. Le c\u00e2ble de 1,2 m\u00e8tre et ses dimensions compactes (140 x 390 x 190 mm) rendent son installation ais\u00e9e m\u00eame dans les espaces limit\u00e9s. L\u2019APC BX2200MI s\u2019impose ainsi comme une solution robuste, polyvalente et conforme aux standards internationaux pour la protection continue des syst\u00e8mes essentiels contre les interruptions \u00e9lectriques.<\/p>\n<ul>\n<li>Type:\n<ul>\n<li>Syst\u00e8me d&#8217;Alimentation Sans Interruption Interactif<\/li>\n<li>C13<\/li>\n<\/ul>\n<\/li>\n<li>Produit \u00e0 brancher: Oui<\/li>\n<li>Type de prise: Prise EU<\/li>\n<li>Bloc d\u2019Alimentation: r\u00e9seau \u00e9lectrique<\/li>\n<li>Fr\u00e9quence: 50\/60 Hz<\/li>\n<li>Longueur du c\u00e2ble: 1,2 m<\/li>\n<li>Technologie: VRLA<\/li>\n<li>Tension: 300 V<\/li>\n<li>Facteur de forme: Compact<\/li>\n<li>Connexions:\n<ul>\n<li>USB 2.0<\/li>\n<li>AC x 6<\/li>\n<li>USB<\/li>\n<\/ul>\n<\/li>\n<li>Largeur:\n<ul>\n<li>140 mm<\/li>\n<li>14 cm<\/li>\n<\/ul>\n<\/li>\n<li>Couleur: Noir<\/li>\n<li>Niveau sonore: 40 dB<\/li>\n<li>Caract\u00e9ristiques:\n<ul>\n<li>Alarme<\/li>\n<li>Interactif<\/li>\n<li>Indicateur de surcharge<\/li>\n<li>T\u00e9moin de fonctionnement LED<\/li>\n<\/ul>\n<\/li>\n<li>puissance: 1200 W<\/li>\n<li>Classification IP: IP20<\/li>\n<li>Temps de charge approx.: 8 heures<\/li>\n<li>Certificat: RoHS<\/li>\n<li>Long: 39 cm<\/li>\n<li>Tension de sortie: 230 V<\/li>\n<\/ul>","protected":false},"excerpt":{"rendered":"<p>Si vous \u00eates passionn\u00e9 d&#8217;informatique et d&#8217;\u00e9lectronique, si vous \u00eates \u00e0 la pointe de la technologie et qu&#8217;aucun d\u00e9tail ne vous \u00e9chappe, achetez Syst\u00e8me d&#8217;Alimentation Sans Interruption Interactif APC BX2200MI au meilleur prix. Le BX2200MI d\u2019APC est un onduleur interactif haute performance, con\u00e7u pour offrir une protection fiable et efficace aux \u00e9quipements informatiques et \u00e9lectroniques [&hellip;]<\/p>\n","protected":false},"featured_media":15649,"comment_status":"open","ping_status":"closed","template":"","meta":[],"product_brand":[649],"product_cat":[65,581,603],"product_tag":[106],"class_list":{"0":"post-15650","1":"product","2":"type-product","3":"status-publish","4":"has-post-thumbnail","6":"product_brand-brandp_532","7":"product_cat-informatique-electronique","8":"product_cat-informatique-peripheriques-et-consommables","9":"product_cat-ups","10":"product_tag-tag_1295","12":"first","13":"instock","14":"taxable","15":"shipping-taxable","16":"purchasable","17":"product-type-simple"},"_links":{"self":[{"href":"https:\/\/bigbuy.tupique.com\/en\/wp-json\/wp\/v2\/product\/15650","targetHints":{"allow":["GET"]}}],"collection":[{"href":"https:\/\/bigbuy.tupique.com\/en\/wp-json\/wp\/v2\/product"}],"about":[{"href":"https:\/\/bigbuy.tupique.com\/en\/wp-json\/wp\/v2\/types\/product"}],"replies":[{"embeddable":true,"href":"https:\/\/bigbuy.tupique.com\/en\/wp-json\/wp\/v2\/comments?post=15650"}],"wp:featuredmedia":[{"embeddable":true,"href":"https:\/\/bigbuy.tupique.com\/en\/wp-json\/wp\/v2\/media\/15649"}],"wp:attachment":[{"href":"https:\/\/bigbuy.tupique.com\/en\/wp-json\/wp\/v2\/media?parent=15650"}],"wp:term":[{"taxonomy":"product_brand","embeddable":true,"href":"https:\/\/bigbuy.tupique.com\/en\/wp-json\/wp\/v2\/product_brand?post=15650"},{"taxonomy":"product_cat","embeddable":true,"href":"https:\/\/bigbuy.tupique.com\/en\/wp-json\/wp\/v2\/product_cat?post=15650"},{"taxonomy":"product_tag","embeddable":true,"href":"https:\/\/bigbuy.tupique.com\/en\/wp-json\/wp\/v2\/product_tag?post=15650"}],"curies":[{"name":"wp","href":"https:\/\/api.w.org\/{rel}","templated":true}]}}