{"id":156467,"date":"2026-04-09T13:27:07","date_gmt":"2026-04-09T12:27:07","guid":{"rendered":"https:\/\/bigbuy.tupique.com\/produto\/ram-memory-kingston-kf556c40bb-16-16-gb-ddr5-sdram-ddr5-5600-mhz-cl40\/"},"modified":"2026-04-17T00:00:12","modified_gmt":"2026-04-16T23:00:12","slug":"ram-memory-kingston-kf556c40bb-16-16-gb-ddr5-sdram-ddr5-5600-mhz-cl40","status":"publish","type":"product","link":"https:\/\/bigbuy.tupique.com\/en\/produto\/ram-memory-kingston-kf556c40bb-16-16-gb-ddr5-sdram-ddr5-5600-mhz-cl40\/","title":{"rendered":"M\u00e9moire RAM Kingston KF556C40BB-16 16 GB DDR5 SDRAM DDR5 5600 MHz CL40"},"content":{"rendered":"<p>Si vous \u00eates passionn\u00e9 d&#8217;<b>informatique et d&#8217;\u00e9lectronique<\/b>, si vous \u00eates \u00e0 la pointe de la technologie et qu&#8217;aucun d\u00e9tail ne vous \u00e9chappe, achetez <b>M\u00e9moire RAM Kingston KF556C40BB-16 16 GB DDR5 SDRAM DDR5 5600 MHz CL40<\/b> au meilleur prix.<\/p>\n<p>La <b>m\u00e9moire RAM Kingston KF556C40BB-16<\/b> est un composant con\u00e7u pour offrir des performances optimales sur les syst\u00e8mes de derni\u00e8re g\u00e9n\u00e9ration n\u00e9cessitant rapidit\u00e9 et stabilit\u00e9 dans la gestion des donn\u00e9es temporaires. Il s\u2019agit d\u2019un module de <b>m\u00e9moire DDR5 SDRAM<\/b> d\u2019une capacit\u00e9 de <b>16 Go<\/b>, qui am\u00e9liore consid\u00e9rablement la gestion multit\u00e2che et la fluidit\u00e9 des applications exigeantes telles que le montage vid\u00e9o, le design graphique ou les environnements gaming. Son format est un <b>module unique de 16 Go<\/b> en configuration DIMM, facilitant la mise \u00e0 niveau ou l\u2019extension de la m\u00e9moire sur les postes de travail compatibles avec la nouvelle g\u00e9n\u00e9ration DDR5. Cette m\u00e9moire fonctionne \u00e0 une tension efficace de <b>1,25 V<\/b>, ce qui contribue \u00e0 une consommation \u00e9nerg\u00e9tique r\u00e9duite et une moindre production de chaleur compar\u00e9 aux g\u00e9n\u00e9rations pr\u00e9c\u00e9dentes, aidant ainsi \u00e0 maintenir la stabilit\u00e9 du syst\u00e8me sous charges lourdes. Sa compatibilit\u00e9 avec l\u2019interface DIMM est standard sur les cartes m\u00e8res modernes pour ordinateurs de bureau, garantissant une int\u00e9gration simple et rapide. L\u2019association de la renomm\u00e9e de la marque Kingston avec la norme DDR5 positionne ce module comme une option fiable et moderne pour les utilisateurs souhaitant am\u00e9liorer les performances de leur \u00e9quipement sans complications, favorisant la vitesse de transfert et la r\u00e9activit\u00e9 du syst\u00e8me. En r\u00e9sum\u00e9, cette m\u00e9moire RAM convient \u00e0 ceux qui veulent renforcer la capacit\u00e9 op\u00e9rationnelle de leur ordinateur gr\u00e2ce \u00e0 une solution efficace, robuste et adapt\u00e9e aux exigences technologiques actuelles.<\/p>\n<ul>\n<li>Type:\n<ul>\n<li>M\u00e9moire (RAM)<\/li>\n<li>DDR5<\/li>\n<\/ul>\n<\/li>\n<li>Quantit\u00e9: 1<\/li>\n<li>Largeur:\n<ul>\n<li>0,7 cm<\/li>\n<li>133,3 mm<\/li>\n<\/ul>\n<\/li>\n<li>Tension:\n<ul>\n<li>1,35 V<\/li>\n<li>1.35 V<\/li>\n<li>1,8 V<\/li>\n<li>1,1 V<\/li>\n<li>1,25 V<\/li>\n<\/ul>\n<\/li>\n<li>Type de m\u00e9moire:\n<ul>\n<li>DIMM<\/li>\n<li>DDR5 SDRAM<\/li>\n<li>DDR5<\/li>\n<\/ul>\n<\/li>\n<li>vitesse:\n<ul>\n<li>5600MHZ<\/li>\n<li>2800 mhz<\/li>\n<li>5600 MHz<\/li>\n<\/ul>\n<\/li>\n<li>Ventillateur: Dissipateur thermique<\/li>\n<li>\u00c9lev\u00e9: 3,5 cm<\/li>\n<li>Couleur: Noir<\/li>\n<li>M\u00e9moire RAM: 16 GB RAM<\/li>\n<li>Capacit\u00e9: 16 GB<\/li>\n<li>Compatible:\n<ul>\n<li>Intel XMP 2.0<\/li>\n<li>PC<\/li>\n<li>Ordinateurs<\/li>\n<li>PC\/Server<\/li>\n<\/ul>\n<\/li>\n<li>Facteur de forme:\n<ul>\n<li>288-pin DIMM<\/li>\n<li>RDIMM<\/li>\n<\/ul>\n<\/li>\n<li>Connexions: DIMM<\/li>\n<li>Format: 1 x 16 GB<\/li>\n<li>Latence: CL40<\/li>\n<\/ul>","protected":false},"excerpt":{"rendered":"<p>Si vous \u00eates passionn\u00e9 d&#8217;informatique et d&#8217;\u00e9lectronique, si vous \u00eates \u00e0 la pointe de la technologie et qu&#8217;aucun d\u00e9tail ne vous \u00e9chappe, achetez M\u00e9moire RAM Kingston KF556C40BB-16 16 GB DDR5 SDRAM DDR5 5600 MHz CL40 au meilleur prix. La m\u00e9moire RAM Kingston KF556C40BB-16 est un composant con\u00e7u pour offrir des performances optimales sur les syst\u00e8mes [&hellip;]<\/p>\n","protected":false},"featured_media":156606,"comment_status":"open","ping_status":"closed","template":"","meta":[],"product_brand":[638],"product_cat":[65,584,593],"product_tag":[106],"class_list":{"0":"post-156467","1":"product","2":"type-product","3":"status-publish","4":"has-post-thumbnail","6":"product_brand-brandp_557","7":"product_cat-informatique-electronique","8":"product_cat-informatique-reseaux-et-composants","9":"product_cat-memoires-ram","10":"product_tag-tag_1295","12":"first","13":"instock","14":"taxable","15":"shipping-taxable","16":"purchasable","17":"product-type-simple"},"_links":{"self":[{"href":"https:\/\/bigbuy.tupique.com\/en\/wp-json\/wp\/v2\/product\/156467","targetHints":{"allow":["GET"]}}],"collection":[{"href":"https:\/\/bigbuy.tupique.com\/en\/wp-json\/wp\/v2\/product"}],"about":[{"href":"https:\/\/bigbuy.tupique.com\/en\/wp-json\/wp\/v2\/types\/product"}],"replies":[{"embeddable":true,"href":"https:\/\/bigbuy.tupique.com\/en\/wp-json\/wp\/v2\/comments?post=156467"}],"wp:featuredmedia":[{"embeddable":true,"href":"https:\/\/bigbuy.tupique.com\/en\/wp-json\/wp\/v2\/media\/156606"}],"wp:attachment":[{"href":"https:\/\/bigbuy.tupique.com\/en\/wp-json\/wp\/v2\/media?parent=156467"}],"wp:term":[{"taxonomy":"product_brand","embeddable":true,"href":"https:\/\/bigbuy.tupique.com\/en\/wp-json\/wp\/v2\/product_brand?post=156467"},{"taxonomy":"product_cat","embeddable":true,"href":"https:\/\/bigbuy.tupique.com\/en\/wp-json\/wp\/v2\/product_cat?post=156467"},{"taxonomy":"product_tag","embeddable":true,"href":"https:\/\/bigbuy.tupique.com\/en\/wp-json\/wp\/v2\/product_tag?post=156467"}],"curies":[{"name":"wp","href":"https:\/\/api.w.org\/{rel}","templated":true}]}}