{"id":15626,"date":"2026-03-29T13:00:13","date_gmt":"2026-03-29T12:00:13","guid":{"rendered":"https:\/\/bigbuy.tupique.com\/produto\/meat-grinder-kenwood-mg700-2000-w-2000-w\/"},"modified":"2026-05-11T20:02:22","modified_gmt":"2026-05-11T18:02:22","slug":"meat-grinder-kenwood-mg700-2000-w-2000-w","status":"publish","type":"product","link":"https:\/\/bigbuy.tupique.com\/en\/produto\/meat-grinder-kenwood-mg700-2000-w-2000-w\/","title":{"rendered":"Hachoir \u00e0 viande Kenwood MG700 2000 W 2000 W"},"content":{"rendered":"<p>Si vous aimez prendre soin de chaque d\u00e9tail de votre maison et d&#8217;\u00eatre \u00e0 la derni\u00e8re mode en mati\u00e8re de produits qui vous rendront la vie plus facile, achetez <b>Hachoir \u00e0 viande Kenwood MG700 2000 W 2000 W<\/b> au meilleur prix.<\/p>\n<p>Le <b>hachoir \u00e0 viande Kenwood MG700<\/b> est un appareil professionnel con\u00e7u pour un usage domestique intensif, alliant puissance et robustesse avec un design fonctionnel en <b>acier inoxydable et aluminium<\/b> finition <b>gris et argent\u00e9<\/b>, id\u00e9al pour garantir durabilit\u00e9 et r\u00e9sistance. Il dispose d\u2019une <b>puissance de 2000 W<\/b>, permettant de traiter jusqu\u2019\u00e0 <b>3 kg de viande par minute<\/b>, facilitant la pr\u00e9paration rapide et efficace de toutes sortes de viandes et charcuteries. Il est \u00e9quip\u00e9 d\u2019un syst\u00e8me de vis m\u00e9tallique de taille 10, assurant performance et pr\u00e9cision de hachage. De plus, il comprend trois grilles interchangeables de tailles diff\u00e9rentes (grande, moyenne et fine) pour obtenir des textures vari\u00e9es selon la recette. Pour plus de polyvalence, il int\u00e8gre deux adaptateurs pour saucisses et un adaptateur sp\u00e9cifique pour kebb\u00e9, permettant de r\u00e9aliser une large gamme de produits carn\u00e9s maison avec une finition professionnelle. Le grand plateau m\u00e9tallique de collecte offre confort et propret\u00e9 pendant l\u2019utilisation. Le design comprend un bouton marche\/arr\u00eat pratique, facilitant son usage quotidien. Sa finition en aluminium bross\u00e9 apporte une touche moderne et \u00e9l\u00e9gante tout en \u00e9tant facile \u00e0 nettoyer et entretenir. Le Kenwood MG700 se distingue par sa combinaison de haute puissance, construction solide et accessoires complets, s\u2019imposant comme un outil polyvalent et fiable pour ceux qui recherchent des r\u00e9sultats de qualit\u00e9 dans la pr\u00e9paration de viande et charcuteries \u00e0 domicile.<\/p>\n<ul>\n<li>Mati\u00e8re:\n<ul>\n<li>Aluminium<\/li>\n<li>Acier inoxydable<\/li>\n<\/ul>\n<\/li>\n<li>Produit \u00e0 brancher: Oui<\/li>\n<li>Type de prise: Prise EU<\/li>\n<li>Bloc d\u2019Alimentation: r\u00e9seau \u00e9lectrique<\/li>\n<li>Couleur:\n<ul>\n<li>Gris<\/li>\n<li>Rose<\/li>\n<li>Argent\u00e9<\/li>\n<\/ul>\n<\/li>\n<li>puissance: 2000 W<\/li>\n<\/ul>","protected":false},"excerpt":{"rendered":"<p>Si vous aimez prendre soin de chaque d\u00e9tail de votre maison et d&#8217;\u00eatre \u00e0 la derni\u00e8re mode en mati\u00e8re de produits qui vous rendront la vie plus facile, achetez Hachoir \u00e0 viande Kenwood MG700 2000 W 2000 W au meilleur prix. Le hachoir \u00e0 viande Kenwood MG700 est un appareil professionnel con\u00e7u pour un usage [&hellip;]<\/p>\n","protected":false},"featured_media":15621,"comment_status":"open","ping_status":"closed","template":"","meta":[],"product_brand":[318],"product_cat":[60,734,77],"product_tag":[55,59,56],"class_list":{"0":"post-15626","1":"product","2":"type-product","3":"status-publish","4":"has-post-thumbnail","6":"product_brand-brandp_1023","7":"product_cat-cuisine-gourmet","8":"product_cat-hacheurs","9":"product_cat-petit-electromenager","10":"product_tag-tag_926","11":"product_tag-tag_1304","12":"product_tag-tag_930","14":"first","15":"instock","16":"taxable","17":"shipping-taxable","18":"purchasable","19":"product-type-simple"},"_links":{"self":[{"href":"https:\/\/bigbuy.tupique.com\/en\/wp-json\/wp\/v2\/product\/15626","targetHints":{"allow":["GET"]}}],"collection":[{"href":"https:\/\/bigbuy.tupique.com\/en\/wp-json\/wp\/v2\/product"}],"about":[{"href":"https:\/\/bigbuy.tupique.com\/en\/wp-json\/wp\/v2\/types\/product"}],"replies":[{"embeddable":true,"href":"https:\/\/bigbuy.tupique.com\/en\/wp-json\/wp\/v2\/comments?post=15626"}],"wp:featuredmedia":[{"embeddable":true,"href":"https:\/\/bigbuy.tupique.com\/en\/wp-json\/wp\/v2\/media\/15621"}],"wp:attachment":[{"href":"https:\/\/bigbuy.tupique.com\/en\/wp-json\/wp\/v2\/media?parent=15626"}],"wp:term":[{"taxonomy":"product_brand","embeddable":true,"href":"https:\/\/bigbuy.tupique.com\/en\/wp-json\/wp\/v2\/product_brand?post=15626"},{"taxonomy":"product_cat","embeddable":true,"href":"https:\/\/bigbuy.tupique.com\/en\/wp-json\/wp\/v2\/product_cat?post=15626"},{"taxonomy":"product_tag","embeddable":true,"href":"https:\/\/bigbuy.tupique.com\/en\/wp-json\/wp\/v2\/product_tag?post=15626"}],"curies":[{"name":"wp","href":"https:\/\/api.w.org\/{rel}","templated":true}]}}