{"id":15572,"date":"2026-03-29T12:58:54","date_gmt":"2026-03-29T11:58:54","guid":{"rendered":"https:\/\/bigbuy.tupique.com\/produto\/mixer-kneader-with-bowl-kenwood-kmx750wh-1000-w\/"},"modified":"2026-04-16T18:35:51","modified_gmt":"2026-04-16T17:35:51","slug":"mixer-kneader-with-bowl-kenwood-kmx750wh-1000-w","status":"publish","type":"product","link":"https:\/\/bigbuy.tupique.com\/en\/produto\/mixer-kneader-with-bowl-kenwood-kmx750wh-1000-w\/","title":{"rendered":"Robot P\u00e2tissier avec Bol Kenwood KMX750WH 1000 W"},"content":{"rendered":"<p>Si vous recherchez des \u00e9lectrom\u00e9nagers pour votre maison aux meilleurs prix, ne manquez pas <b>Robot P\u00e2tissier avec Bol Kenwood KMX750WH 1000 W<\/b> et une large s\u00e9lection de petits \u00e9lectrom\u00e9nagers de qualit\u00e9 !<\/p>\n<p>Le <b>robot p\u00e2tissier avec bol Kenwood KMX750WH<\/b> est un robot de p\u00e2tisserie con\u00e7u pour offrir performance fiable et polyvalence en cuisine gr\u00e2ce \u00e0 sa <b>puissance de 1000 W<\/b>, garantissant un m\u00e9lange et un p\u00e9trissage efficaces m\u00eame avec des p\u00e2tes denses ou de grandes quantit\u00e9s d\u2019ingr\u00e9dients. Son <b>bol en acier inoxydable d\u2019une capacit\u00e9 de 5 litres<\/b> permet de pr\u00e9parer des recettes pour familles nombreuses ou groupes, alliant durabilit\u00e9 et r\u00e9sistance avec un design classique en <b>blanc<\/b> qui s\u2019int\u00e8gre facilement dans toute cuisine. Ce mod\u00e8le dispose d\u2019un moteur puissant et constant, adapt\u00e9 aux fonctions de battage, p\u00e9trissage et m\u00e9lange avec pr\u00e9cision, assurant uniformit\u00e9 et douceur aux pr\u00e9parations. De plus, sa construction en <b>acier inoxydable<\/b> garantit une longue dur\u00e9e de vie, une facilit\u00e9 de nettoyage et maintient l\u2019hygi\u00e8ne lors de la manipulation des aliments. L\u2019appareil est con\u00e7u pour se connecter au r\u00e9seau \u00e9lectrique europ\u00e9en (<b>prise EU<\/b>), assurant compatibilit\u00e9 et s\u00e9curit\u00e9 d\u2019utilisation domestique. Le design robuste et fonctionnel du KMX750WH facilite l\u2019ajout d\u2019accessoires et offre une prise en main confortable et stable pendant son fonctionnement. Ce robot de cuisine est un choix \u00e9quilibr\u00e9 pour les utilisateurs recherchant un appareil fiable et polyvalent pour leurs t\u00e2ches de p\u00e2tisserie et pr\u00e9paration culinaire, combinant puissance, capacit\u00e9 et mat\u00e9riaux de qualit\u00e9 dans un format classique et fonctionnel.<\/p>\n<ul>\n<li>Type: Mixeur\/m\u00e9langeur de p\u00e2te<\/li>\n<li>Produit \u00e0 brancher: Oui<\/li>\n<li>Type de prise: Prise EU<\/li>\n<li>Bloc d\u2019Alimentation: r\u00e9seau \u00e9lectrique<\/li>\n<li>Couleur: Blanc<\/li>\n<li>puissance: 1000 W<\/li>\n<li>Capacit\u00e9: 5 L<\/li>\n<li>Mati\u00e8re: Acier inoxydable<\/li>\n<\/ul>","protected":false},"excerpt":{"rendered":"<p><span class=\"unit-info\">76.3980 &euro; \/ 1 l<\/span><\/p>","protected":false},"featured_media":15569,"comment_status":"open","ping_status":"closed","template":"","meta":[],"product_brand":[318],"product_cat":[60,77,728],"product_tag":[55,59,56],"class_list":{"0":"post-15572","1":"product","2":"type-product","3":"status-publish","4":"has-post-thumbnail","6":"product_brand-brandp_1023","7":"product_cat-cuisine-gourmet","8":"product_cat-petit-electromenager","9":"product_cat-petrisseurs","10":"product_tag-tag_926","11":"product_tag-tag_1304","12":"product_tag-tag_930","14":"first","15":"instock","16":"taxable","17":"shipping-taxable","18":"purchasable","19":"product-type-simple"},"_links":{"self":[{"href":"https:\/\/bigbuy.tupique.com\/en\/wp-json\/wp\/v2\/product\/15572","targetHints":{"allow":["GET"]}}],"collection":[{"href":"https:\/\/bigbuy.tupique.com\/en\/wp-json\/wp\/v2\/product"}],"about":[{"href":"https:\/\/bigbuy.tupique.com\/en\/wp-json\/wp\/v2\/types\/product"}],"replies":[{"embeddable":true,"href":"https:\/\/bigbuy.tupique.com\/en\/wp-json\/wp\/v2\/comments?post=15572"}],"wp:featuredmedia":[{"embeddable":true,"href":"https:\/\/bigbuy.tupique.com\/en\/wp-json\/wp\/v2\/media\/15569"}],"wp:attachment":[{"href":"https:\/\/bigbuy.tupique.com\/en\/wp-json\/wp\/v2\/media?parent=15572"}],"wp:term":[{"taxonomy":"product_brand","embeddable":true,"href":"https:\/\/bigbuy.tupique.com\/en\/wp-json\/wp\/v2\/product_brand?post=15572"},{"taxonomy":"product_cat","embeddable":true,"href":"https:\/\/bigbuy.tupique.com\/en\/wp-json\/wp\/v2\/product_cat?post=15572"},{"taxonomy":"product_tag","embeddable":true,"href":"https:\/\/bigbuy.tupique.com\/en\/wp-json\/wp\/v2\/product_tag?post=15572"}],"curies":[{"name":"wp","href":"https:\/\/api.w.org\/{rel}","templated":true}]}}