{"id":15563,"date":"2026-03-29T12:58:44","date_gmt":"2026-03-29T11:58:44","guid":{"rendered":"https:\/\/bigbuy.tupique.com\/produto\/microwave-with-grill-samsung-ms20a7013at-ef-20-l-850-w\/"},"modified":"2026-04-16T20:46:40","modified_gmt":"2026-04-16T19:46:40","slug":"microwave-with-grill-samsung-ms20a7013at-ef-20-l-850-w","status":"publish","type":"product","link":"https:\/\/bigbuy.tupique.com\/en\/produto\/microwave-with-grill-samsung-ms20a7013at-ef-20-l-850-w\/","title":{"rendered":"Micro-ondes avec Gril Samsung MS20A7013AT\/EF 20 L 850 W"},"content":{"rendered":"<p>Si vous recherchez des \u00e9lectrom\u00e9nagers pour votre maison aux meilleurs prix, ne manquez pas <b>Micro-ondes avec Gril Samsung MS20A7013AT\/EF 20 L 850 W<\/b> et une large s\u00e9lection de petits \u00e9lectrom\u00e9nagers de qualit\u00e9 !<\/p>\n<p>Le <b>micro-ondes avec grill Samsung MS20A7013AT\/EF<\/b> est un appareil \u00e9lectrom\u00e9nager con\u00e7u pour une utilisation efficace et pratique dans les cuisines de taille moyenne, offrant une <b>capacit\u00e9 de 20 litres<\/b> id\u00e9ale pour pr\u00e9parer des portions individuelles ou familiales r\u00e9duites. Sa puissance de <b>850 W<\/b> garantit un chauffage rapide et uniforme des aliments, facilitant aussi bien la cuisson que la d\u00e9cong\u00e9lation gr\u00e2ce \u00e0 sa fonction de <b>d\u00e9cong\u00e9lation multifonction et d\u00e9cong\u00e9lation rapide<\/b>. Bien que ce mod\u00e8le soit un micro-ondes simple, sans fonction grill active, il dispose d\u2019un <b>plateau tournant de 25,5 cm<\/b> pour assurer un r\u00e9chauffage homog\u00e8ne des plats. Fabriqu\u00e9 en <b>acier inoxydable<\/b>, il pr\u00e9sente une construction robuste et durable qui, associ\u00e9e \u00e0 sa finition de couleur <b>noir<\/b>, conf\u00e8re \u00e0 l\u2019appareil un design moderne et \u00e9l\u00e9gant, s\u2019adaptant facilement \u00e0 diff\u00e9rents styles de cuisine. Son syst\u00e8me de commande est intuitif, id\u00e9al pour les utilisateurs recherchant la simplicit\u00e9 sans renoncer aux fonctions de base n\u00e9cessaires \u00e0 un usage quotidien. L\u2019absence de grill fait de ce micro-ondes une solution efficace et \u00e9conomique pour ceux qui privil\u00e9gient la fonction principale de chauffage et d\u00e9cong\u00e9lation, sans gratinage ni cuisson au four. En r\u00e9sum\u00e9, le Samsung MS20A7013AT\/EF est un micro-ondes compact, fiable et fonctionnel, destin\u00e9 \u00e0 ceux qui ont besoin d\u2019un appareil simple pour acc\u00e9l\u00e9rer les t\u00e2ches quotidiennes en cuisine, tout en conservant la qualit\u00e9 et la garantie propres \u00e0 la marque Samsung.<\/p>\n<ul>\n<li>Type:\n<ul>\n<li>Micro-ondes<\/li>\n<li>Micro-ondes avec Gril<\/li>\n<\/ul>\n<\/li>\n<li>puissance: 850 W<\/li>\n<li>Grill: Non<\/li>\n<li>Produit \u00e0 brancher: Oui<\/li>\n<li>Type de prise: Prise EU<\/li>\n<li>Bloc d\u2019Alimentation: r\u00e9seau \u00e9lectrique<\/li>\n<li>Couleur: Noir<\/li>\n<li>Mati\u00e8re: Acier inoxydable<\/li>\n<li>Caract\u00e9ristiques:\n<ul>\n<li>Verrouillage pour enfants<\/li>\n<li>Commande par boutons<\/li>\n<li>\u00c9cran integr\u00e9<\/li>\n<li>6 niveaux<\/li>\n<\/ul>\n<\/li>\n<li>Capacit\u00e9: 20 L<\/li>\n<li>Technologie: LED<\/li>\n<li>Fr\u00e9quence: 50 Hz<\/li>\n<li>Inclut: Montre<\/li>\n<li>Tension d&#8217;entr\u00e9e AC: 230 V<\/li>\n<\/ul>","protected":false},"excerpt":{"rendered":"<p><span class=\"unit-info\">17.0495 &euro; \/ 1 l<\/span><\/p>","protected":false},"featured_media":15561,"comment_status":"open","ping_status":"closed","template":"","meta":[],"product_brand":[183],"product_cat":[60,727,77],"product_tag":[55,59,56],"class_list":{"0":"post-15563","1":"product","2":"type-product","3":"status-publish","4":"has-post-thumbnail","6":"product_brand-brandp_576","7":"product_cat-cuisine-gourmet","8":"product_cat-micro-ondes","9":"product_cat-petit-electromenager","10":"product_tag-tag_926","11":"product_tag-tag_1304","12":"product_tag-tag_930","14":"first","15":"instock","16":"taxable","17":"shipping-taxable","18":"purchasable","19":"product-type-simple"},"_links":{"self":[{"href":"https:\/\/bigbuy.tupique.com\/en\/wp-json\/wp\/v2\/product\/15563","targetHints":{"allow":["GET"]}}],"collection":[{"href":"https:\/\/bigbuy.tupique.com\/en\/wp-json\/wp\/v2\/product"}],"about":[{"href":"https:\/\/bigbuy.tupique.com\/en\/wp-json\/wp\/v2\/types\/product"}],"replies":[{"embeddable":true,"href":"https:\/\/bigbuy.tupique.com\/en\/wp-json\/wp\/v2\/comments?post=15563"}],"wp:featuredmedia":[{"embeddable":true,"href":"https:\/\/bigbuy.tupique.com\/en\/wp-json\/wp\/v2\/media\/15561"}],"wp:attachment":[{"href":"https:\/\/bigbuy.tupique.com\/en\/wp-json\/wp\/v2\/media?parent=15563"}],"wp:term":[{"taxonomy":"product_brand","embeddable":true,"href":"https:\/\/bigbuy.tupique.com\/en\/wp-json\/wp\/v2\/product_brand?post=15563"},{"taxonomy":"product_cat","embeddable":true,"href":"https:\/\/bigbuy.tupique.com\/en\/wp-json\/wp\/v2\/product_cat?post=15563"},{"taxonomy":"product_tag","embeddable":true,"href":"https:\/\/bigbuy.tupique.com\/en\/wp-json\/wp\/v2\/product_tag?post=15563"}],"curies":[{"name":"wp","href":"https:\/\/api.w.org\/{rel}","templated":true}]}}