{"id":15549,"date":"2026-03-29T12:58:25","date_gmt":"2026-03-29T11:58:25","guid":{"rendered":"https:\/\/bigbuy.tupique.com\/produto\/multifunction-printer-brother-mfcj5740dwre1\/"},"modified":"2026-04-15T00:13:12","modified_gmt":"2026-04-14T23:13:12","slug":"multifunction-printer-brother-mfcj5740dwre1","status":"publish","type":"product","link":"https:\/\/bigbuy.tupique.com\/en\/produto\/multifunction-printer-brother-mfcj5740dwre1\/","title":{"rendered":"Imprimante Multifonction Brother MFCJ5740DWRE1"},"content":{"rendered":"<p>Si vous \u00eates passionn\u00e9 d&#8217;<b>informatique et d&#8217;\u00e9lectronique<\/b>, si vous \u00eates \u00e0 la pointe de la technologie et qu&#8217;aucun d\u00e9tail ne vous \u00e9chappe, achetez <b>Imprimante Multifonction Brother MFCJ5740DWRE1<\/b> au meilleur prix.<\/p>\n<p>La <b>imprimante multifonction<\/b> <b>Brother MFCJ5740DWRE1<\/b> est un appareil professionnel con\u00e7u pour r\u00e9pondre aux exigences \u00e9lev\u00e9es des bureaux et petites entreprises recherchant polyvalence, efficacit\u00e9 et gestion de gros volumes en couleur. Elle utilise la <b>technologie jet d\u2019encre avanc\u00e9e<\/b> pour offrir des impressions nettes et \u00e9clatantes \u00e0 une <b>vitesse allant jusqu\u2019\u00e0 28 pages par minute<\/b>, en noir et blanc comme en couleur, garantissant une gestion documentaire rapide. Dot\u00e9e d\u2019un <b>\u00e9cran tactile couleur<\/b>, elle facilite l\u2019acc\u00e8s \u00e0 ses nombreuses fonctions telles que <b>copie, num\u00e9risation et fax<\/b>, optimisant le flux de travail depuis un seul appareil. Cette imprimante prend en charge des formats papier jusqu\u2019au <b>A3<\/b>, id\u00e9al pour pr\u00e9sentations, plans ou graphiques grand format, et propose l\u2019<b>impression recto verso automatique<\/b> pour plus d\u2019efficacit\u00e9 et d\u2019\u00e9conomie de papier. Elle offre de multiples options de connectivit\u00e9, dont <b>WiFi, Ethernet et USB<\/b>, facilitant l\u2019int\u00e9gration r\u00e9seau et l\u2019impression mobile ou \u00e0 distance. Sa <b>m\u00e9moire interne de 256 Mo<\/b> permet de g\u00e9rer de gros volumes de donn\u00e9es sans ralentissement, tandis que sa construction robuste en <b>blanc et noir<\/b> assure une image professionnelle dans tout environnement de travail. Avec un cycle mensuel jusqu\u2019\u00e0 2 500 pages et des fonctions avanc\u00e9es comme l\u2019impression N en 1, l\u2019impression d\u2019affiches et l\u2019impression d\u2019ID, elle offre une grande flexibilit\u00e9 pour divers projets et besoins quotidiens. En r\u00e9sum\u00e9, la Brother MFCJ5740DWRE1 est une solution multifonction compl\u00e8te, efficace et fiable, id\u00e9ale pour ceux qui exigent qualit\u00e9, rapidit\u00e9 et capacit\u00e9 sur de grands formats.<\/p>\n<ul>\n<li>Type:\n<ul>\n<li>Imprimante Multifonction<\/li>\n<li>Couleur<\/li>\n<li>Tout en un<\/li>\n<li>Scanner plat de bureau<\/li>\n<\/ul>\n<\/li>\n<li>Produit \u00e0 brancher: Oui<\/li>\n<li>Type de prise: Prise EU<\/li>\n<li>Caract\u00e9ristiques:\n<ul>\n<li>\u00c9cran integr\u00e9<\/li>\n<li>\u00c9cran couleur<\/li>\n<li>Impression recto verso<\/li>\n<li>Scanner Double Face<\/li>\n<li>Commande tactile<\/li>\n<\/ul>\n<\/li>\n<li>R\u00e9solution d&#8217;image maximale:\n<ul>\n<li>1200 x 4800 dpi<\/li>\n<li>600 x 600 dpi<\/li>\n<\/ul>\n<\/li>\n<li>Connectivit\u00e9:\n<ul>\n<li>Wi-Fi 4 (802.11n)<\/li>\n<li>Wi-Fi<\/li>\n<li>Ethernet LAN<\/li>\n<\/ul>\n<\/li>\n<li>M\u00e9moire interne: 256 MB<\/li>\n<li>Bloc d\u2019Alimentation: r\u00e9seau \u00e9lectrique<\/li>\n<li>Couleur: Blanc<\/li>\n<li>Connexions:\n<ul>\n<li>USB 2.0<\/li>\n<li>Ethernet LAN<\/li>\n<li>USB<\/li>\n<li>USB 2.0 x 2<\/li>\n<\/ul>\n<\/li>\n<li>Technologie: Injection d&#8217;encre<\/li>\n<li>Capacit\u00e9:\n<ul>\n<li>250 Volets<\/li>\n<li>2 GB<\/li>\n<\/ul>\n<\/li>\n<li>Taille: A3<\/li>\n<li>Largeur: 53 cm<\/li>\n<li>Format: PDF<\/li>\n<li>Syst\u00e8me d&#8217;exploitation:\n<ul>\n<li>Windows 10<\/li>\n<li>Windows 10 Pro<\/li>\n<\/ul>\n<\/li>\n<li>vitesse:\n<ul>\n<li>28 ppm<\/li>\n<li>10\/100 Mbps<\/li>\n<\/ul>\n<\/li>\n<li>Impression couleur: Oui<\/li>\n<li>Scanner: 600 x 600 dpi<\/li>\n<li>Impression recto verso: Automatique<\/li>\n<li>Pr\u00e9cision (humidit\u00e9 relative): 20 % &#8211; 80 %<\/li>\n<li>Utilisation recommand\u00e9e: Maison<\/li>\n<\/ul>","protected":false},"excerpt":{"rendered":"<p>Si vous \u00eates passionn\u00e9 d&#8217;informatique et d&#8217;\u00e9lectronique, si vous \u00eates \u00e0 la pointe de la technologie et qu&#8217;aucun d\u00e9tail ne vous \u00e9chappe, achetez Imprimante Multifonction Brother MFCJ5740DWRE1 au meilleur prix. La imprimante multifonction Brother MFCJ5740DWRE1 est un appareil professionnel con\u00e7u pour r\u00e9pondre aux exigences \u00e9lev\u00e9es des bureaux et petites entreprises recherchant polyvalence, efficacit\u00e9 et gestion [&hellip;]<\/p>\n","protected":false},"featured_media":164810,"comment_status":"open","ping_status":"closed","template":"","meta":[],"product_brand":[669],"product_cat":[592,65,581],"product_tag":[213,106],"class_list":{"0":"post-15549","1":"product","2":"type-product","3":"status-publish","4":"has-post-thumbnail","6":"product_brand-brandp_538","7":"product_cat-imprimantes","8":"product_cat-informatique-electronique","9":"product_cat-informatique-peripheriques-et-consommables","10":"product_tag-tag_933","11":"product_tag-tag_1295","13":"first","14":"instock","15":"taxable","16":"shipping-taxable","17":"purchasable","18":"product-type-simple"},"_links":{"self":[{"href":"https:\/\/bigbuy.tupique.com\/en\/wp-json\/wp\/v2\/product\/15549","targetHints":{"allow":["GET"]}}],"collection":[{"href":"https:\/\/bigbuy.tupique.com\/en\/wp-json\/wp\/v2\/product"}],"about":[{"href":"https:\/\/bigbuy.tupique.com\/en\/wp-json\/wp\/v2\/types\/product"}],"replies":[{"embeddable":true,"href":"https:\/\/bigbuy.tupique.com\/en\/wp-json\/wp\/v2\/comments?post=15549"}],"wp:featuredmedia":[{"embeddable":true,"href":"https:\/\/bigbuy.tupique.com\/en\/wp-json\/wp\/v2\/media\/164810"}],"wp:attachment":[{"href":"https:\/\/bigbuy.tupique.com\/en\/wp-json\/wp\/v2\/media?parent=15549"}],"wp:term":[{"taxonomy":"product_brand","embeddable":true,"href":"https:\/\/bigbuy.tupique.com\/en\/wp-json\/wp\/v2\/product_brand?post=15549"},{"taxonomy":"product_cat","embeddable":true,"href":"https:\/\/bigbuy.tupique.com\/en\/wp-json\/wp\/v2\/product_cat?post=15549"},{"taxonomy":"product_tag","embeddable":true,"href":"https:\/\/bigbuy.tupique.com\/en\/wp-json\/wp\/v2\/product_tag?post=15549"}],"curies":[{"name":"wp","href":"https:\/\/api.w.org\/{rel}","templated":true}]}}