{"id":154088,"date":"2026-04-09T07:00:47","date_gmt":"2026-04-09T06:00:47","guid":{"rendered":"https:\/\/bigbuy.tupique.com\/produto\/ceramic-hair-iron-with-steam-loreal-professionnel-paris-steampod-3\/"},"modified":"2026-04-16T19:10:14","modified_gmt":"2026-04-16T18:10:14","slug":"ceramic-hair-iron-with-steam-loreal-professionnel-paris-steampod-3","status":"publish","type":"product","link":"https:\/\/bigbuy.tupique.com\/en\/produto\/ceramic-hair-iron-with-steam-loreal-professionnel-paris-steampod-3\/","title":{"rendered":"Lisseur pour Cheveux en C\u00e9ramique L&#8217;Oreal Professionnel Paris Steampod 3"},"content":{"rendered":"<p>Vous voulez rehausser votre beaut&eacute; ou changer de look ? <b>Lisseur pour Cheveux en C\u00e9ramique L&#8217;Oreal Professionnel Paris Steampod 3<\/b> est ce qu&#8217;il vous faut ! Profitez d&egrave;s maintenant de nos <b>produits L&#8217;Oreal Professionnel Paris<\/b>&nbsp;et de tous nos autres <b>accessoires de coiffure de marque 100 % authentiques<\/b>&nbsp;!<\/p>\n<p>La <b>fer \u00e0 lisser vapeur c\u00e9ramique Steampod 3<\/b> de <b>L&#8217;Or\u00e9al Professionnel Paris<\/b> offre une technologie avanc\u00e9e combinant l\u2019efficacit\u00e9 de la vapeur \u00e0 la douceur de ses plaques en c\u00e9ramique. Ce mod\u00e8le pr\u00e9sente un design \u00e9l\u00e9gant en <b>blanc<\/b> et un syst\u00e8me de chauffe atteignant une <b>temp\u00e9rature maximale de 210\u00baC<\/b>, r\u00e9glable sur <b>3 niveaux<\/b> pour s\u2019adapter \u00e0 tous types de cheveux et styles, assurant un contr\u00f4le optimal de la chaleur pour \u00e9viter les dommages. La fonction vapeur garantit un lissage durable et prot\u00e9g\u00e9, hydrate le cheveu pendant le coiffage et r\u00e9duit les frisottis, tandis que les plaques c\u00e9ramiques assurent un glissement fluide minimisant tiraillements et casse. Ce set inclut \u00e9galement un soin capillaire professionnel qui favorise la r\u00e9paration et la nutrition du cheveu pendant et apr\u00e8s utilisation, pour une finition brillante et saine. Fonctionne sous une tension standard europ\u00e9enne de <b>220-240 V<\/b> avec une prise conforme aux normes EU, id\u00e9ale pour un usage domestique en Europe. Son design ergonomique et pratique facilite la prise en main, permettant de cr\u00e9er des styles lisses ou polis. En r\u00e9sum\u00e9, la Steampod 3 est une solution avanc\u00e9e pour un lissage professionnel \u00e0 domicile, alliant innovation, efficacit\u00e9 et soin du cheveu dans un seul appareil.<\/p>\n<ul>\n<li>Produit \u00e0 brancher: Oui<\/li>\n<li>Nombre de pi\u00e8ces: 3 Pi\u00e8ces<\/li>\n<li>Type de prise: Prise EU<\/li>\n<li>Type: Lisseur pour Cheveux en C\u00e9ramique<\/li>\n<li>Inclut: Traitement Capillaire<\/li>\n<li>Tension: 220-240 V<\/li>\n<li>Temp\u00e9rature max.: 210\u00baC<\/li>\n<li>Niveaux de temp\u00e9rature: 3 niveaux<\/li>\n<\/ul>","protected":false},"excerpt":{"rendered":"<p>Vous voulez rehausser votre beaut&eacute; ou changer de look ? Lisseur pour Cheveux en C\u00e9ramique L&#8217;Oreal Professionnel Paris Steampod 3 est ce qu&#8217;il vous faut ! Profitez d&egrave;s maintenant de nos produits L&#8217;Oreal Professionnel Paris&nbsp;et de tous nos autres accessoires de coiffure de marque 100 % authentiques&nbsp;! La fer \u00e0 lisser vapeur c\u00e9ramique Steampod 3 [&hellip;]<\/p>\n","protected":false},"featured_media":154082,"comment_status":"open","ping_status":"closed","template":"","meta":[],"product_brand":[811],"product_cat":[753,754,752],"product_tag":[722,59,56],"class_list":{"0":"post-154088","1":"product","2":"type-product","3":"status-publish","4":"has-post-thumbnail","6":"product_brand-brandp_413","7":"product_cat-coiffure","8":"product_cat-lisseurs-pour-cheveux","9":"product_cat-sante-beaute","10":"product_tag-tag_923","11":"product_tag-tag_1304","12":"product_tag-tag_930","14":"first","15":"instock","16":"taxable","17":"shipping-taxable","18":"purchasable","19":"product-type-simple"},"_links":{"self":[{"href":"https:\/\/bigbuy.tupique.com\/en\/wp-json\/wp\/v2\/product\/154088","targetHints":{"allow":["GET"]}}],"collection":[{"href":"https:\/\/bigbuy.tupique.com\/en\/wp-json\/wp\/v2\/product"}],"about":[{"href":"https:\/\/bigbuy.tupique.com\/en\/wp-json\/wp\/v2\/types\/product"}],"replies":[{"embeddable":true,"href":"https:\/\/bigbuy.tupique.com\/en\/wp-json\/wp\/v2\/comments?post=154088"}],"wp:featuredmedia":[{"embeddable":true,"href":"https:\/\/bigbuy.tupique.com\/en\/wp-json\/wp\/v2\/media\/154082"}],"wp:attachment":[{"href":"https:\/\/bigbuy.tupique.com\/en\/wp-json\/wp\/v2\/media?parent=154088"}],"wp:term":[{"taxonomy":"product_brand","embeddable":true,"href":"https:\/\/bigbuy.tupique.com\/en\/wp-json\/wp\/v2\/product_brand?post=154088"},{"taxonomy":"product_cat","embeddable":true,"href":"https:\/\/bigbuy.tupique.com\/en\/wp-json\/wp\/v2\/product_cat?post=154088"},{"taxonomy":"product_tag","embeddable":true,"href":"https:\/\/bigbuy.tupique.com\/en\/wp-json\/wp\/v2\/product_tag?post=154088"}],"curies":[{"name":"wp","href":"https:\/\/api.w.org\/{rel}","templated":true}]}}