{"id":153987,"date":"2026-04-09T06:49:28","date_gmt":"2026-04-09T05:49:28","guid":{"rendered":"https:\/\/bigbuy.tupique.com\/produto\/sliding-door-engine-scs-sentinel-opengate-3-500-kg\/"},"modified":"2026-05-11T20:02:42","modified_gmt":"2026-05-11T18:02:42","slug":"sliding-door-engine-scs-sentinel-opengate-3-500-kg","status":"publish","type":"product","link":"https:\/\/bigbuy.tupique.com\/en\/produto\/sliding-door-engine-scs-sentinel-opengate-3-500-kg\/","title":{"rendered":"Moteur de porte coulissante SCS SENTINEL Opengate 3 500 kg"},"content":{"rendered":"<p>Si vous aimez prendre soin de chaque d\u00e9tail de votre maison et d&#8217;\u00eatre \u00e0 la derni\u00e8re mode en mati\u00e8re de produits qui vous rendront la vie plus facile, achetez <b>Moteur de porte coulissante SCS SENTINEL Opengate 3 500 kg<\/b> au meilleur prix.<\/p>\n<ul>\n<li>Compatible avec: Porte coulissante 5 m<\/li>\n<li>Poids Max. support\u00e9: 500 kg<\/li>\n<li>Inclut:\n<ul>\n<li>Kit d&#8217;installation<\/li>\n<li>Cl\u00e9s<\/li>\n<li>T\u00e9l\u00e9commande<\/li>\n<li>Lumi\u00e8re d&#8217;Urgence Clignotante<\/li>\n<\/ul>\n<\/li>\n<li>Bloc d\u2019Alimentation: r\u00e9seau \u00e9lectrique<\/li>\n<li>Type: Moteur de porte coulissante<\/li>\n<li>Produit \u00e0 brancher: Oui<\/li>\n<li>Type de prise: Prise EU<\/li>\n<li>Nombre de pi\u00e8ces: 25 Pi\u00e8ces<\/li>\n<\/ul>","protected":false},"excerpt":{"rendered":"<p>Si vous aimez prendre soin de chaque d\u00e9tail de votre maison et d&#8217;\u00eatre \u00e0 la derni\u00e8re mode en mati\u00e8re de produits qui vous rendront la vie plus facile, achetez Moteur de porte coulissante SCS SENTINEL Opengate 3 500 kg au meilleur prix. Compatible avec: Porte coulissante 5 m Poids Max. support\u00e9: 500 kg Inclut: Kit [&hellip;]<\/p>\n","protected":false},"featured_media":153980,"comment_status":"open","ping_status":"closed","template":"","meta":[],"product_brand":[869],"product_cat":[613,239],"product_tag":[59,210],"class_list":{"0":"post-153987","1":"product","2":"type-product","3":"status-publish","4":"has-post-thumbnail","6":"product_brand-brandp_7585","7":"product_cat-bricolage-et-materiel","8":"product_cat-maison-jardin","9":"product_tag-tag_1304","10":"product_tag-tag_25","12":"first","13":"instock","14":"taxable","15":"shipping-taxable","16":"purchasable","17":"product-type-simple"},"_links":{"self":[{"href":"https:\/\/bigbuy.tupique.com\/en\/wp-json\/wp\/v2\/product\/153987","targetHints":{"allow":["GET"]}}],"collection":[{"href":"https:\/\/bigbuy.tupique.com\/en\/wp-json\/wp\/v2\/product"}],"about":[{"href":"https:\/\/bigbuy.tupique.com\/en\/wp-json\/wp\/v2\/types\/product"}],"replies":[{"embeddable":true,"href":"https:\/\/bigbuy.tupique.com\/en\/wp-json\/wp\/v2\/comments?post=153987"}],"wp:featuredmedia":[{"embeddable":true,"href":"https:\/\/bigbuy.tupique.com\/en\/wp-json\/wp\/v2\/media\/153980"}],"wp:attachment":[{"href":"https:\/\/bigbuy.tupique.com\/en\/wp-json\/wp\/v2\/media?parent=153987"}],"wp:term":[{"taxonomy":"product_brand","embeddable":true,"href":"https:\/\/bigbuy.tupique.com\/en\/wp-json\/wp\/v2\/product_brand?post=153987"},{"taxonomy":"product_cat","embeddable":true,"href":"https:\/\/bigbuy.tupique.com\/en\/wp-json\/wp\/v2\/product_cat?post=153987"},{"taxonomy":"product_tag","embeddable":true,"href":"https:\/\/bigbuy.tupique.com\/en\/wp-json\/wp\/v2\/product_tag?post=153987"}],"curies":[{"name":"wp","href":"https:\/\/api.w.org\/{rel}","templated":true}]}}