{"id":15255,"date":"2026-03-29T12:43:21","date_gmt":"2026-03-29T11:43:21","guid":{"rendered":"https:\/\/bigbuy.tupique.com\/produto\/tv-mount-vogels-puc-2927\/"},"modified":"2026-04-15T00:12:58","modified_gmt":"2026-04-14T23:12:58","slug":"tv-mount-vogels-puc-2927","status":"publish","type":"product","link":"https:\/\/bigbuy.tupique.com\/en\/produto\/tv-mount-vogels-puc-2927\/","title":{"rendered":"Support de TV Vogel&#8217;s PUC 2927"},"content":{"rendered":"<p>Si vous \u00eates passionn\u00e9 d&#8217;<b>informatique et d&#8217;\u00e9lectronique<\/b>, si vous \u00eates \u00e0 la pointe de la technologie et qu&#8217;aucun d\u00e9tail ne vous \u00e9chappe, achetez <b>Support de TV Vogel&#8217;s PUC 2927<\/b> au meilleur prix.<\/p>\n<p>Le <b>support TV<\/b> Vogel&#8217;s mod\u00e8le <b>7229270<\/b> fait partie de la s\u00e9rie PUC 29xx, con\u00e7ue sp\u00e9cifiquement pour les applications en vid\u00e9owalls, offrant une solution robuste et polyvalente pour les installations professionnelles n\u00e9cessitant des montages modulaires et pr\u00e9cis. Ce support se distingue par sa structure tubulaire avec un design en <b>noir<\/b>, permettant une int\u00e9gration discr\u00e8te dans les environnements corporatifs ou audiovisuels. Les dimensions du produit, avec une <b>hauteur de 2700 mm<\/b>, une <b>largeur de 136 mm<\/b> et une <b>profondeur de 71 mm<\/b>, facilitent une installation stable au <b>plafond ou au sol<\/b>, assurant une fixation solide conforme aux normes \u00e9lev\u00e9es de montage. Il int\u00e8gre \u00e9galement une organisation innovante des c\u00e2bles gr\u00e2ce au syst\u00e8me <b>CIS\u00ae<\/b>, simplifiant la gestion des c\u00e2bles pour un rendu propre et \u00e9vitant les interf\u00e9rences. Sa compatibilit\u00e9 totale avec les accessoires Connect-it \u00e9largit les possibilit\u00e9s de personnalisation et d\u2019adaptation \u00e0 diff\u00e9rents formats et configurations de vid\u00e9owalls, en faisant un \u00e9l\u00e9ment cl\u00e9 des syst\u00e8mes professionnels d\u2019affichage. Le support est vendu \u00e0 l\u2019unit\u00e9 et b\u00e9n\u00e9ficie d\u2019une garantie de <b>5 ans<\/b>, garantissant sa durabilit\u00e9 et sa qualit\u00e9. La certification <b>T\u00dcV<\/b> atteste que ce produit r\u00e9pond \u00e0 des contr\u00f4les stricts de s\u00e9curit\u00e9 et de qualit\u00e9, assurant une utilisation fiable sur le long terme. Le Vogel&#8217;s PUC 2927 est une solution technique avanc\u00e9e et fiable pour ceux qui recherchent un support structurel pour \u00e9crans dans des configurations complexes en environnements professionnels.<\/p>\n<ul>\n<li>Type: Support de TV<\/li>\n<li>Inclut: Vis<\/li>\n<li>Couleur: Noir<\/li>\n<\/ul>","protected":false},"excerpt":{"rendered":"<p>Si vous \u00eates passionn\u00e9 d&#8217;informatique et d&#8217;\u00e9lectronique, si vous \u00eates \u00e0 la pointe de la technologie et qu&#8217;aucun d\u00e9tail ne vous \u00e9chappe, achetez Support de TV Vogel&#8217;s PUC 2927 au meilleur prix. Le support TV Vogel&#8217;s mod\u00e8le 7229270 fait partie de la s\u00e9rie PUC 29xx, con\u00e7ue sp\u00e9cifiquement pour les applications en vid\u00e9owalls, offrant une solution [&hellip;]<\/p>\n","protected":false},"featured_media":15250,"comment_status":"open","ping_status":"closed","template":"","meta":[],"product_brand":[643],"product_cat":[589,65,590],"product_tag":[210],"class_list":{"0":"post-15255","1":"product","2":"type-product","3":"status-publish","4":"has-post-thumbnail","6":"product_brand-brandp_920","7":"product_cat-electronique-television","8":"product_cat-informatique-electronique","9":"product_cat-supports-de-television","10":"product_tag-tag_25","12":"first","13":"instock","14":"taxable","15":"shipping-taxable","16":"purchasable","17":"product-type-simple"},"_links":{"self":[{"href":"https:\/\/bigbuy.tupique.com\/en\/wp-json\/wp\/v2\/product\/15255","targetHints":{"allow":["GET"]}}],"collection":[{"href":"https:\/\/bigbuy.tupique.com\/en\/wp-json\/wp\/v2\/product"}],"about":[{"href":"https:\/\/bigbuy.tupique.com\/en\/wp-json\/wp\/v2\/types\/product"}],"replies":[{"embeddable":true,"href":"https:\/\/bigbuy.tupique.com\/en\/wp-json\/wp\/v2\/comments?post=15255"}],"wp:featuredmedia":[{"embeddable":true,"href":"https:\/\/bigbuy.tupique.com\/en\/wp-json\/wp\/v2\/media\/15250"}],"wp:attachment":[{"href":"https:\/\/bigbuy.tupique.com\/en\/wp-json\/wp\/v2\/media?parent=15255"}],"wp:term":[{"taxonomy":"product_brand","embeddable":true,"href":"https:\/\/bigbuy.tupique.com\/en\/wp-json\/wp\/v2\/product_brand?post=15255"},{"taxonomy":"product_cat","embeddable":true,"href":"https:\/\/bigbuy.tupique.com\/en\/wp-json\/wp\/v2\/product_cat?post=15255"},{"taxonomy":"product_tag","embeddable":true,"href":"https:\/\/bigbuy.tupique.com\/en\/wp-json\/wp\/v2\/product_tag?post=15255"}],"curies":[{"name":"wp","href":"https:\/\/api.w.org\/{rel}","templated":true}]}}