{"id":15235,"date":"2026-03-29T12:42:54","date_gmt":"2026-03-29T11:42:54","guid":{"rendered":"https:\/\/bigbuy.tupique.com\/produto\/gps-navigator-tomtom-rider-550-4-3\/"},"modified":"2026-04-16T06:56:35","modified_gmt":"2026-04-16T05:56:35","slug":"gps-navigator-tomtom-rider-550-4-3","status":"publish","type":"product","link":"https:\/\/bigbuy.tupique.com\/en\/produto\/gps-navigator-tomtom-rider-550-4-3\/","title":{"rendered":"Navigateur GPS TomTom Rider 550 4,3&#8243;"},"content":{"rendered":"<p>Si vous \u00eates passionn\u00e9 d&#8217;<b>informatique et d&#8217;\u00e9lectronique<\/b>, si vous \u00eates \u00e0 la pointe de la technologie et qu&#8217;aucun d\u00e9tail ne vous \u00e9chappe, achetez <b>Navigateur GPS TomTom Rider 550 4,3&#8243;<\/b> au meilleur prix.<\/p>\n<p>Le <b>TomTom Rider 550<\/b> est un <b>navigateur GPS<\/b> con\u00e7u sp\u00e9cialement pour les motos, alliant pr\u00e9cision et robustesse pour offrir des itin\u00e9raires optimaux dans toute l\u2019Europe. Il dispose d\u2019un <b>\u00e9cran tactile de 4,3 pouces (10,9 cm)<\/b> avec une r\u00e9solution de <b>480 x 272 pixels<\/b>, garantissant une visualisation claire et nette des cartes et donn\u00e9es de navigation m\u00eame en conditions de luminosit\u00e9 vari\u00e9es. Son bo\u00eetier <b>noir<\/b> au design compact est prot\u00e9g\u00e9 par une certification <b>IPX7<\/b>, assurant une r\u00e9sistance \u00e0 l\u2019eau et permettant son usage sous la pluie ou dans des environnements humides, un point essentiel pour les motards. L\u2019appareil int\u00e8gre une <b>m\u00e9moire interne de 16 Go<\/b> en stockage flash, extensible via des cartes <b>MicroSD (TransFlash)<\/b>, facilitant le chargement et la mise \u00e0 jour des cartes et itin\u00e9raires. Il offre une connectivit\u00e9 avanc\u00e9e par <b>Bluetooth<\/b> et <b>Wi-Fi<\/b>, permettant de synchroniser le GPS avec un t\u00e9l\u00e9phone mobile et de t\u00e9l\u00e9charger les mises \u00e0 jour sans c\u00e2ble ni connexion \u00e0 un ordinateur. Son interface multilingue prend en charge plusieurs langues, s\u2019adaptant aux utilisateurs europ\u00e9ens, tandis que la couverture cartographique couvre l\u2019ensemble du continent, id\u00e9al pour les longs trajets ou voyages internationaux. En r\u00e9sum\u00e9, le TomTom Rider 550 se pr\u00e9sente comme une solution fonctionnelle, r\u00e9sistante et technologiquement \u00e0 jour pour les motards recherchant une navigation pr\u00e9cise et fiable sur route.<\/p>\n<\/p>\n<ul>\n<li>Type: GPS<\/li>\n<li>Produit \u00e0 brancher: Oui<\/li>\n<li>Classification IP: IPX7<\/li>\n<li>Autonomie approx.: 6 heures<\/li>\n<li>Inclut:\n<ul>\n<li>C\u00e2ble USB<\/li>\n<li>Support de fixation<\/li>\n<li>Chargeur<\/li>\n<\/ul>\n<\/li>\n<li>Type de prise: Prise EU<\/li>\n<li>Bloc d\u2019Alimentation:\n<ul>\n<li>r\u00e9seau \u00e9lectrique<\/li>\n<li>Batterie<\/li>\n<\/ul>\n<\/li>\n<li>Couleur:\n<ul>\n<li>Noir<\/li>\n<li>noir<\/li>\n<\/ul>\n<\/li>\n<li>Caract\u00e9ristiques: Ecran tactile<\/li>\n<li>Connectivit\u00e9:\n<ul>\n<li>Bluetooth<\/li>\n<li>Wi-Fi<\/li>\n<\/ul>\n<\/li>\n<li>M\u00e9moire interne: 16 GB<\/li>\n<li>Ecran: 4,3&#8243;<\/li>\n<li>Cartes M\u00e9moire Compatibles: MicroSD (TransFlash)<\/li>\n<li>Langue: Anglais<\/li>\n<li>Connexions:\n<ul>\n<li>Micro SD<\/li>\n<li>Micro USB 2.0 x 1<\/li>\n<\/ul>\n<\/li>\n<li>Version: Europe<\/li>\n<li>Utilisation recommand\u00e9e: Voiture<\/li>\n<li>Type de batterie: Litio Ion<\/li>\n<li>Cartes: EU<\/li>\n<li>Diagonale de l&#8217;\u00e9cran (cm): 10,9 cm<\/li>\n<\/ul>","protected":false},"excerpt":{"rendered":"<p>Si vous \u00eates passionn\u00e9 d&#8217;informatique et d&#8217;\u00e9lectronique, si vous \u00eates \u00e0 la pointe de la technologie et qu&#8217;aucun d\u00e9tail ne vous \u00e9chappe, achetez Navigateur GPS TomTom Rider 550 4,3&#8243; au meilleur prix. Le TomTom Rider 550 est un navigateur GPS con\u00e7u sp\u00e9cialement pour les motos, alliant pr\u00e9cision et robustesse pour offrir des itin\u00e9raires optimaux dans [&hellip;]<\/p>\n","protected":false},"featured_media":15227,"comment_status":"open","ping_status":"closed","template":"","meta":[],"product_brand":[671],"product_cat":[623,65,624],"product_tag":[164],"class_list":{"0":"post-15235","1":"product","2":"type-product","3":"status-publish","4":"has-post-thumbnail","6":"product_brand-brandp_582","7":"product_cat-electronique-gps-et-automobile","8":"product_cat-informatique-electronique","9":"product_cat-navigateurs-gps","10":"product_tag-tag_152","12":"first","13":"instock","14":"taxable","15":"shipping-taxable","16":"purchasable","17":"product-type-simple"},"_links":{"self":[{"href":"https:\/\/bigbuy.tupique.com\/en\/wp-json\/wp\/v2\/product\/15235","targetHints":{"allow":["GET"]}}],"collection":[{"href":"https:\/\/bigbuy.tupique.com\/en\/wp-json\/wp\/v2\/product"}],"about":[{"href":"https:\/\/bigbuy.tupique.com\/en\/wp-json\/wp\/v2\/types\/product"}],"replies":[{"embeddable":true,"href":"https:\/\/bigbuy.tupique.com\/en\/wp-json\/wp\/v2\/comments?post=15235"}],"wp:featuredmedia":[{"embeddable":true,"href":"https:\/\/bigbuy.tupique.com\/en\/wp-json\/wp\/v2\/media\/15227"}],"wp:attachment":[{"href":"https:\/\/bigbuy.tupique.com\/en\/wp-json\/wp\/v2\/media?parent=15235"}],"wp:term":[{"taxonomy":"product_brand","embeddable":true,"href":"https:\/\/bigbuy.tupique.com\/en\/wp-json\/wp\/v2\/product_brand?post=15235"},{"taxonomy":"product_cat","embeddable":true,"href":"https:\/\/bigbuy.tupique.com\/en\/wp-json\/wp\/v2\/product_cat?post=15235"},{"taxonomy":"product_tag","embeddable":true,"href":"https:\/\/bigbuy.tupique.com\/en\/wp-json\/wp\/v2\/product_tag?post=15235"}],"curies":[{"name":"wp","href":"https:\/\/api.w.org\/{rel}","templated":true}]}}