{"id":15218,"date":"2026-03-29T12:42:34","date_gmt":"2026-03-29T11:42:34","guid":{"rendered":"https:\/\/bigbuy.tupique.com\/produto\/dot-matrix-printer-epson-c11cf37403a0\/"},"modified":"2026-04-15T00:12:52","modified_gmt":"2026-04-14T23:12:52","slug":"dot-matrix-printer-epson-c11cf37403a0","status":"publish","type":"product","link":"https:\/\/bigbuy.tupique.com\/en\/produto\/dot-matrix-printer-epson-c11cf37403a0\/","title":{"rendered":"Imprimante Matricielle Epson C11CF37403A0"},"content":{"rendered":"<p>Si vous \u00eates passionn\u00e9 d&#8217;<b>informatique et d&#8217;\u00e9lectronique<\/b>, si vous \u00eates \u00e0 la pointe de la technologie et qu&#8217;aucun d\u00e9tail ne vous \u00e9chappe, achetez <b>Imprimante Matricielle Epson C11CF37403A0<\/b> au meilleur prix.<\/p>\n<ul>\n<li>Couleur: Noir<\/li>\n<li>Fonctions: Certification ENERGY STAR<\/li>\n<li>Technologie: Matricielle<\/li>\n<li>Impression couleur: Non<\/li>\n<li>Compatible: Windows<\/li>\n<li>R\u00e9solution:\n<ul>\n<li>240 x 120 px<\/li>\n<li>240 x 140 dpi<\/li>\n<\/ul>\n<\/li>\n<li>Type:\n<ul>\n<li>Imprimante<\/li>\n<li>Imprimante Matricielle<\/li>\n<li>Avec fil<\/li>\n<li>Tout en un<\/li>\n<\/ul>\n<\/li>\n<li>Produit \u00e0 brancher: Oui<\/li>\n<li>Type de prise: Prise EU<\/li>\n<li>Bloc d\u2019Alimentation:\n<ul>\n<li>r\u00e9seau \u00e9lectrique<\/li>\n<li>C\u00e2ble \u00e9lectrique<\/li>\n<\/ul>\n<\/li>\n<li>R\u00e9solution d&#8217;image maximale: 240 x 144 DPI<\/li>\n<li>Taille: A4<\/li>\n<li>Caract\u00e9ristiques: Avec c\u00e2ble<\/li>\n<li>Ecran: 27&#8243;<\/li>\n<li>Connexions: SATA<\/li>\n<li>Niveau sonore: 55 dB<\/li>\n<li>puissance: 55 W<\/li>\n<li>Certificat: Certification ENERGY STAR<\/li>\n<\/ul>","protected":false},"excerpt":{"rendered":"<p>Si vous \u00eates passionn\u00e9 d&#8217;informatique et d&#8217;\u00e9lectronique, si vous \u00eates \u00e0 la pointe de la technologie et qu&#8217;aucun d\u00e9tail ne vous \u00e9chappe, achetez Imprimante Matricielle Epson C11CF37403A0 au meilleur prix. Couleur: Noir Fonctions: Certification ENERGY STAR Technologie: Matricielle Impression couleur: Non Compatible: Windows R\u00e9solution: 240 x 120 px 240 x 140 dpi Type: Imprimante Imprimante [&hellip;]<\/p>\n","protected":false},"featured_media":15217,"comment_status":"open","ping_status":"closed","template":"","meta":[],"product_brand":[632],"product_cat":[592,65,581],"product_tag":[213,106],"class_list":{"0":"post-15218","1":"product","2":"type-product","3":"status-publish","4":"has-post-thumbnail","6":"product_brand-brandp_547","7":"product_cat-imprimantes","8":"product_cat-informatique-electronique","9":"product_cat-informatique-peripheriques-et-consommables","10":"product_tag-tag_933","11":"product_tag-tag_1295","13":"first","14":"instock","15":"taxable","16":"shipping-taxable","17":"purchasable","18":"product-type-simple"},"_links":{"self":[{"href":"https:\/\/bigbuy.tupique.com\/en\/wp-json\/wp\/v2\/product\/15218","targetHints":{"allow":["GET"]}}],"collection":[{"href":"https:\/\/bigbuy.tupique.com\/en\/wp-json\/wp\/v2\/product"}],"about":[{"href":"https:\/\/bigbuy.tupique.com\/en\/wp-json\/wp\/v2\/types\/product"}],"replies":[{"embeddable":true,"href":"https:\/\/bigbuy.tupique.com\/en\/wp-json\/wp\/v2\/comments?post=15218"}],"wp:featuredmedia":[{"embeddable":true,"href":"https:\/\/bigbuy.tupique.com\/en\/wp-json\/wp\/v2\/media\/15217"}],"wp:attachment":[{"href":"https:\/\/bigbuy.tupique.com\/en\/wp-json\/wp\/v2\/media?parent=15218"}],"wp:term":[{"taxonomy":"product_brand","embeddable":true,"href":"https:\/\/bigbuy.tupique.com\/en\/wp-json\/wp\/v2\/product_brand?post=15218"},{"taxonomy":"product_cat","embeddable":true,"href":"https:\/\/bigbuy.tupique.com\/en\/wp-json\/wp\/v2\/product_cat?post=15218"},{"taxonomy":"product_tag","embeddable":true,"href":"https:\/\/bigbuy.tupique.com\/en\/wp-json\/wp\/v2\/product_tag?post=15218"}],"curies":[{"name":"wp","href":"https:\/\/api.w.org\/{rel}","templated":true}]}}