{"id":152126,"date":"2026-04-09T02:05:09","date_gmt":"2026-04-09T01:05:09","guid":{"rendered":"https:\/\/bigbuy.tupique.com\/produto\/water-pump-sfa\/"},"modified":"2026-04-16T21:10:08","modified_gmt":"2026-04-16T20:10:08","slug":"water-pump-sfa","status":"publish","type":"product","link":"https:\/\/bigbuy.tupique.com\/en\/produto\/water-pump-sfa\/","title":{"rendered":"Pompe \u00e0 eau SFA"},"content":{"rendered":"<p>Si vous aimez prendre soin de chaque d\u00e9tail de votre maison et d&#8217;\u00eatre \u00e0 la derni\u00e8re mode en mati\u00e8re de produits qui vous rendront la vie plus facile, achetez <b>Pompe \u00e0 eau SFA  <\/b> au meilleur prix.<\/p>\n<ul>\n<li>Type: Pompe \u00e0 eau<\/li>\n<li>Utilisation recommand\u00e9e: Bain et douche<\/li>\n<\/ul>","protected":false},"excerpt":{"rendered":"<p>Si vous aimez prendre soin de chaque d\u00e9tail de votre maison et d&#8217;\u00eatre \u00e0 la derni\u00e8re mode en mati\u00e8re de produits qui vous rendront la vie plus facile, achetez Pompe \u00e0 eau SFA au meilleur prix. Type: Pompe \u00e0 eau Utilisation recommand\u00e9e: Bain et douche<\/p>","protected":false},"featured_media":152125,"comment_status":"open","ping_status":"closed","template":"","meta":[],"product_brand":[405],"product_cat":[613,239],"product_tag":[59,210],"class_list":{"0":"post-152126","1":"product","2":"type-product","3":"status-publish","4":"has-post-thumbnail","6":"product_brand-brandp_8511","7":"product_cat-bricolage-et-materiel","8":"product_cat-maison-jardin","9":"product_tag-tag_1304","10":"product_tag-tag_25","12":"first","13":"instock","14":"taxable","15":"shipping-taxable","16":"purchasable","17":"product-type-simple"},"_links":{"self":[{"href":"https:\/\/bigbuy.tupique.com\/en\/wp-json\/wp\/v2\/product\/152126","targetHints":{"allow":["GET"]}}],"collection":[{"href":"https:\/\/bigbuy.tupique.com\/en\/wp-json\/wp\/v2\/product"}],"about":[{"href":"https:\/\/bigbuy.tupique.com\/en\/wp-json\/wp\/v2\/types\/product"}],"replies":[{"embeddable":true,"href":"https:\/\/bigbuy.tupique.com\/en\/wp-json\/wp\/v2\/comments?post=152126"}],"wp:featuredmedia":[{"embeddable":true,"href":"https:\/\/bigbuy.tupique.com\/en\/wp-json\/wp\/v2\/media\/152125"}],"wp:attachment":[{"href":"https:\/\/bigbuy.tupique.com\/en\/wp-json\/wp\/v2\/media?parent=152126"}],"wp:term":[{"taxonomy":"product_brand","embeddable":true,"href":"https:\/\/bigbuy.tupique.com\/en\/wp-json\/wp\/v2\/product_brand?post=152126"},{"taxonomy":"product_cat","embeddable":true,"href":"https:\/\/bigbuy.tupique.com\/en\/wp-json\/wp\/v2\/product_cat?post=152126"},{"taxonomy":"product_tag","embeddable":true,"href":"https:\/\/bigbuy.tupique.com\/en\/wp-json\/wp\/v2\/product_tag?post=152126"}],"curies":[{"name":"wp","href":"https:\/\/api.w.org\/{rel}","templated":true}]}}