{"id":15208,"date":"2026-03-29T12:42:24","date_gmt":"2026-03-29T11:42:24","guid":{"rendered":"https:\/\/bigbuy.tupique.com\/produto\/video-conferencing-system-logitech-952-000085-10-1\/"},"modified":"2026-04-15T12:42:05","modified_gmt":"2026-04-15T11:42:05","slug":"video-conferencing-system-logitech-952-000085-10-1","status":"publish","type":"product","link":"https:\/\/bigbuy.tupique.com\/en\/produto\/video-conferencing-system-logitech-952-000085-10-1\/","title":{"rendered":"Syst\u00e8me de Vid\u00e9oconf\u00e9rence Logitech 952-000085 10.1&#8243;"},"content":{"rendered":"<p>Si vous \u00eates passionn\u00e9 d&#8217;<b>informatique et d&#8217;\u00e9lectronique<\/b>, si vous \u00eates \u00e0 la pointe de la technologie et qu&#8217;aucun d\u00e9tail ne vous \u00e9chappe, achetez <b>Syst\u00e8me de Vid\u00e9oconf\u00e9rence Logitech 952-000085 10.1&#8243;<\/b> au meilleur prix.<\/p>\n<p>Le <b>Logitech Tap IP<\/b> est un <b>syst\u00e8me de visioconf\u00e9rence<\/b> avanc\u00e9 con\u00e7u pour faciliter la communication professionnelle avec une int\u00e9gration efficace et une qualit\u00e9 visuelle et sonore remarquable. Son \u00e9cran tactile de <b>25,6 cm (10,1 pouces)<\/b> avec une r\u00e9solution de <b>1280 x 800 pixels<\/b> et une luminosit\u00e9 de <b>400 cd\/m\u00b2<\/b> garantit une interaction claire et pr\u00e9cise, s\u2019adaptant parfaitement \u00e0 diverses conditions d\u2019\u00e9clairage dans les espaces professionnels. \u00c9quip\u00e9 de connexions robustes telles que <b>Ethernet LAN<\/b> et compatible avec les normes Wi-Fi de la version <b>802.11a \u00e0 Wi-Fi 5 (802.11ac)<\/b>, il offre un transfert de donn\u00e9es rapide et stable, avec des vitesses allant jusqu\u2019\u00e0 <b>100 Mbit\/s<\/b>, id\u00e9al pour des appels vid\u00e9o fluides et sans interruption. Il int\u00e8gre des algorithmes de s\u00e9curit\u00e9 avanc\u00e9s avec un chiffrement <b>128-bit AES<\/b>, assurant une protection ad\u00e9quate des informations et communications d\u2019entreprise. Cet appareil comprend des haut-parleurs int\u00e9gr\u00e9s pour une restitution audio claire et nette, \u00e9vitant le besoin d\u2019\u00e9quipements suppl\u00e9mentaires dans les salles de r\u00e9union. Sa structure au fini <b>graphite<\/b> allie durabilit\u00e9 et esth\u00e9tique moderne, avec des dimensions compactes de <b>246,2 mm de largeur, 171,3 mm de profondeur et 56,1 mm de hauteur<\/b>. Pour une s\u00e9curit\u00e9 physique renforc\u00e9e, il dispose d\u2019un emplacement pour <b>c\u00e2ble Kensington<\/b> qui pr\u00e9vient les vols ou d\u00e9placements non autoris\u00e9s. De plus, son alimentation via <b>Power over Ethernet (PoE)<\/b> facilite l\u2019installation en ne n\u00e9cessitant qu\u2019un seul c\u00e2ble pour les donn\u00e9es et l\u2019alimentation, r\u00e9duisant l\u2019encombrement et augmentant l\u2019efficacit\u00e9. Les accessoires inclus, tels que les vis, garantissent un montage s\u00fbr et simple. En r\u00e9sum\u00e9, le Logitech Tap IP se pr\u00e9sente comme une solution technologique fiable et compl\u00e8te qui optimise l\u2019exp\u00e9rience de visioconf\u00e9rence en milieu professionnel, facilitant la collaboration gr\u00e2ce \u00e0 une interface intuitive et une connectivit\u00e9 solide.<\/p>\n<ul>\n<li>Connectivit\u00e9:\n<ul>\n<li>Bluetooth<\/li>\n<li>Wi-Fi<\/li>\n<li>Bluetooth 5.0<\/li>\n<\/ul>\n<\/li>\n<li>Compatible: VESA<\/li>\n<li>Type:\n<ul>\n<li>Syst\u00e8me de Vid\u00e9oconf\u00e9rence<\/li>\n<li>T\u00e9l\u00e9phone Sans Fil<\/li>\n<\/ul>\n<\/li>\n<li>R\u00e9solution d&#8217;enregistrement de vid\u00e9o: 1280 p<\/li>\n<li>R\u00e9solution (px): 1280 x 800 px<\/li>\n<li>Caract\u00e9ristiques:\n<ul>\n<li>Haut-parleurs int\u00e9gr\u00e9s<\/li>\n<li>Ecran tactile<\/li>\n<\/ul>\n<\/li>\n<li>Connexions: Ethernet LAN<\/li>\n<li>Ecran: 10,1&#8243;<\/li>\n<li>vitesse: 10 Gbit\/s<\/li>\n<li>Couleur: Graphite<\/li>\n<li>Bloc d\u2019Alimentation: C\u00e2ble \u00e9lectrique<\/li>\n<li>Technologie:\n<ul>\n<li>LED<\/li>\n<li>IPS<\/li>\n<\/ul>\n<\/li>\n<li>Inclut: Vis<\/li>\n<li>Flux lumineux: 400 lm<\/li>\n<li>Connecteurs: Kensington<\/li>\n<li>Temp\u00e9rature approximative: -40\u00ba \/ 70\u00ba<\/li>\n<li>Pr\u00e9cision (humidit\u00e9 relative): 10 % &#8211; 95 %<\/li>\n<\/ul>","protected":false},"excerpt":{"rendered":"<p>Si vous \u00eates passionn\u00e9 d&#8217;informatique et d&#8217;\u00e9lectronique, si vous \u00eates \u00e0 la pointe de la technologie et qu&#8217;aucun d\u00e9tail ne vous \u00e9chappe, achetez Syst\u00e8me de Vid\u00e9oconf\u00e9rence Logitech 952-000085 10.1&#8243; au meilleur prix. Le Logitech Tap IP est un syst\u00e8me de visioconf\u00e9rence avanc\u00e9 con\u00e7u pour faciliter la communication professionnelle avec une int\u00e9gration efficace et une qualit\u00e9 [&hellip;]<\/p>\n","protected":false},"featured_media":15205,"comment_status":"open","ping_status":"closed","template":"","meta":[],"product_brand":[647],"product_cat":[65,581,607],"product_tag":[213,106],"class_list":{"0":"post-15208","1":"product","2":"type-product","3":"status-publish","4":"has-post-thumbnail","6":"product_brand-brandp_561","7":"product_cat-informatique-electronique","8":"product_cat-informatique-peripheriques-et-consommables","9":"product_cat-webcam","10":"product_tag-tag_933","11":"product_tag-tag_1295","13":"first","14":"instock","15":"taxable","16":"shipping-taxable","17":"purchasable","18":"product-type-simple"},"_links":{"self":[{"href":"https:\/\/bigbuy.tupique.com\/en\/wp-json\/wp\/v2\/product\/15208","targetHints":{"allow":["GET"]}}],"collection":[{"href":"https:\/\/bigbuy.tupique.com\/en\/wp-json\/wp\/v2\/product"}],"about":[{"href":"https:\/\/bigbuy.tupique.com\/en\/wp-json\/wp\/v2\/types\/product"}],"replies":[{"embeddable":true,"href":"https:\/\/bigbuy.tupique.com\/en\/wp-json\/wp\/v2\/comments?post=15208"}],"wp:featuredmedia":[{"embeddable":true,"href":"https:\/\/bigbuy.tupique.com\/en\/wp-json\/wp\/v2\/media\/15205"}],"wp:attachment":[{"href":"https:\/\/bigbuy.tupique.com\/en\/wp-json\/wp\/v2\/media?parent=15208"}],"wp:term":[{"taxonomy":"product_brand","embeddable":true,"href":"https:\/\/bigbuy.tupique.com\/en\/wp-json\/wp\/v2\/product_brand?post=15208"},{"taxonomy":"product_cat","embeddable":true,"href":"https:\/\/bigbuy.tupique.com\/en\/wp-json\/wp\/v2\/product_cat?post=15208"},{"taxonomy":"product_tag","embeddable":true,"href":"https:\/\/bigbuy.tupique.com\/en\/wp-json\/wp\/v2\/product_tag?post=15208"}],"curies":[{"name":"wp","href":"https:\/\/api.w.org\/{rel}","templated":true}]}}