{"id":15194,"date":"2026-03-29T12:42:07","date_gmt":"2026-03-29T11:42:07","guid":{"rendered":"https:\/\/bigbuy.tupique.com\/produto\/tv-mount-startech-mbltvstndec-black\/"},"modified":"2026-04-15T00:12:47","modified_gmt":"2026-04-14T23:12:47","slug":"tv-mount-startech-mbltvstndec-black","status":"publish","type":"product","link":"https:\/\/bigbuy.tupique.com\/en\/produto\/tv-mount-startech-mbltvstndec-black\/","title":{"rendered":"Support de TV Startech MBLTVSTNDEC          Noir"},"content":{"rendered":"<p>Si vous \u00eates passionn\u00e9 d&#8217;<b>informatique et d&#8217;\u00e9lectronique<\/b>, si vous \u00eates \u00e0 la pointe de la technologie et qu&#8217;aucun d\u00e9tail ne vous \u00e9chappe, achetez <b>Support de TV Startech MBLTVSTNDEC          Noir<\/b> au meilleur prix.<\/p>\n<ul>\n<li>Poids Max. support\u00e9: 70 Kg<\/li>\n<li>Rotation: 90\u00ba<\/li>\n<li>Couleur: Noir<\/li>\n<li>Type:\n<ul>\n<li>Support de TV<\/li>\n<li>Support pour le sol<\/li>\n<\/ul>\n<\/li>\n<li>Caract\u00e9ristiques:\n<ul>\n<li>4 roues pour facilit\u00e9 son d\u00e9placement<\/li>\n<li>Inclinable<\/li>\n<\/ul>\n<\/li>\n<li>Pouces:\n<ul>\n<li>70&#8243;<\/li>\n<li>37&#8243;<\/li>\n<\/ul>\n<\/li>\n<li>Compatible:\n<ul>\n<li>VESA 600 x 400 mm<\/li>\n<li>VESA 200 x 200 mm<\/li>\n<\/ul>\n<\/li>\n<li>Pays \/ r\u00e9gion de fabrication: Espagne<\/li>\n<li>Mati\u00e8re: Acier<\/li>\n<li>Ecran:\n<ul>\n<li>70&#8243;<\/li>\n<li>37&#8243;<\/li>\n<\/ul>\n<\/li>\n<li>Inclut: Vis<\/li>\n<li>VESA:\n<ul>\n<li>20 x 20 cm<\/li>\n<li>60 x 40 cm<\/li>\n<\/ul>\n<\/li>\n<li>Type d&#8217;installation: Montage mural<\/li>\n<li>Certificat: CE &#8211; RoHS<\/li>\n<li>Montage: VESA<\/li>\n<li>Avec des roues: x4<\/li>\n<li>\u00c9lev\u00e9: 13,5 cm<\/li>\n<\/ul>","protected":false},"excerpt":{"rendered":"<p>Si vous \u00eates passionn\u00e9 d&#8217;informatique et d&#8217;\u00e9lectronique, si vous \u00eates \u00e0 la pointe de la technologie et qu&#8217;aucun d\u00e9tail ne vous \u00e9chappe, achetez Support de TV Startech MBLTVSTNDEC Noir au meilleur prix. Poids Max. support\u00e9: 70 Kg Rotation: 90\u00ba Couleur: Noir Type: Support de TV Support pour le sol Caract\u00e9ristiques: 4 roues pour facilit\u00e9 son [&hellip;]<\/p>\n","protected":false},"featured_media":15191,"comment_status":"open","ping_status":"closed","template":"","meta":[],"product_brand":[634],"product_cat":[589,65,590],"product_tag":[],"class_list":{"0":"post-15194","1":"product","2":"type-product","3":"status-publish","4":"has-post-thumbnail","6":"product_brand-brandp_4771","7":"product_cat-electronique-television","8":"product_cat-informatique-electronique","9":"product_cat-supports-de-television","11":"first","12":"instock","13":"taxable","14":"shipping-taxable","15":"purchasable","16":"product-type-simple"},"_links":{"self":[{"href":"https:\/\/bigbuy.tupique.com\/en\/wp-json\/wp\/v2\/product\/15194","targetHints":{"allow":["GET"]}}],"collection":[{"href":"https:\/\/bigbuy.tupique.com\/en\/wp-json\/wp\/v2\/product"}],"about":[{"href":"https:\/\/bigbuy.tupique.com\/en\/wp-json\/wp\/v2\/types\/product"}],"replies":[{"embeddable":true,"href":"https:\/\/bigbuy.tupique.com\/en\/wp-json\/wp\/v2\/comments?post=15194"}],"wp:featuredmedia":[{"embeddable":true,"href":"https:\/\/bigbuy.tupique.com\/en\/wp-json\/wp\/v2\/media\/15191"}],"wp:attachment":[{"href":"https:\/\/bigbuy.tupique.com\/en\/wp-json\/wp\/v2\/media?parent=15194"}],"wp:term":[{"taxonomy":"product_brand","embeddable":true,"href":"https:\/\/bigbuy.tupique.com\/en\/wp-json\/wp\/v2\/product_brand?post=15194"},{"taxonomy":"product_cat","embeddable":true,"href":"https:\/\/bigbuy.tupique.com\/en\/wp-json\/wp\/v2\/product_cat?post=15194"},{"taxonomy":"product_tag","embeddable":true,"href":"https:\/\/bigbuy.tupique.com\/en\/wp-json\/wp\/v2\/product_tag?post=15194"}],"curies":[{"name":"wp","href":"https:\/\/api.w.org\/{rel}","templated":true}]}}