{"id":15183,"date":"2026-03-29T12:41:52","date_gmt":"2026-03-29T11:41:52","guid":{"rendered":"https:\/\/bigbuy.tupique.com\/produto\/monitor-acer-um-qb8ee-001-full-hd-1920-x-1080-px-238\/"},"modified":"2026-04-15T00:12:47","modified_gmt":"2026-04-14T23:12:47","slug":"monitor-acer-um-qb8ee-001-full-hd-1920-x-1080-px-238","status":"publish","type":"product","link":"https:\/\/bigbuy.tupique.com\/en\/produto\/monitor-acer-um-qb8ee-001-full-hd-1920-x-1080-px-238\/","title":{"rendered":"\u00c9cran Acer UM.QB8EE.001 Full HD 1920 x 1080 px 23,8&#8243;"},"content":{"rendered":"<p>Si vous \u00eates passionn\u00e9 d&#8217;<b>informatique et d&#8217;\u00e9lectronique<\/b>, si vous \u00eates \u00e0 la pointe de la technologie et qu&#8217;aucun d\u00e9tail ne vous \u00e9chappe, achetez <b>\u00c9cran Acer UM.QB8EE.001 Full HD 1920 x 1080 px 23,8&#8243;<\/b> au meilleur prix.<\/p>\n<ul>\n<li>Classification \u00e9nerg\u00e9tique: E<\/li>\n<li>Ecran: 23,8&#8243;<\/li>\n<li>Produit \u00e0 brancher: Oui<\/li>\n<li>Type de prise: Prise EU<\/li>\n<li>R\u00e9solution (px): 1920 x 1080 px<\/li>\n<li>Diagonale de l&#8217;\u00e9cran (cm):\n<ul>\n<li>60,5 cm<\/li>\n<li>61 cm<\/li>\n<\/ul>\n<\/li>\n<li>Caract\u00e9ristiques:\n<ul>\n<li>\u00c9cran plat<\/li>\n<li>R\u00e9glable<\/li>\n<li>HDR<\/li>\n<li>Inclinable<\/li>\n<li>Haut-parleurs int\u00e9gr\u00e9s<\/li>\n<\/ul>\n<\/li>\n<li>Technologie:\n<ul>\n<li>LCD<\/li>\n<li>IPS<\/li>\n<li>LED<\/li>\n<li>HDR10<\/li>\n<\/ul>\n<\/li>\n<li>Type: \u00c9cran<\/li>\n<li>Bloc d\u2019Alimentation: r\u00e9seau \u00e9lectrique<\/li>\n<li>Couleur: Noir<\/li>\n<li>Temps de r\u00e9ponse:\n<ul>\n<li>4 ms<\/li>\n<li>1 ms<\/li>\n<\/ul>\n<\/li>\n<li>VESA: 10 x 10 cm<\/li>\n<li>Brille:\n<ul>\n<li>250 cd\/m2<\/li>\n<li>250 ANSI<\/li>\n<\/ul>\n<\/li>\n<li>puissance: 4 W<\/li>\n<li>R\u00e9solution:\n<ul>\n<li>Full HD<\/li>\n<li>4K Ultra HD<\/li>\n<\/ul>\n<\/li>\n<li>Rapport d&#8217;aspect: 16:9<\/li>\n<li>Connexions:\n<ul>\n<li>HDMI<\/li>\n<li>DisplayPort<\/li>\n<li>USB<\/li>\n<li>DisplayPort x 1<\/li>\n<\/ul>\n<\/li>\n<li>Fr\u00e9quence:\n<ul>\n<li>75 Hz<\/li>\n<li>240 Hz<\/li>\n<\/ul>\n<\/li>\n<li>Rapport de contraste: 1000:1<\/li>\n<li>Standard: NTSC<\/li>\n<li>Tension: 120 &#8211; 230 V<\/li>\n<li>Inclut: Sortie d&#8217;\u00e9couteurs<\/li>\n<li>Angle: 178\u00ba<\/li>\n<li>consommation d&#8217;\u00e9nergie: 17 kWh<\/li>\n<li>Non Inclus: AMD FreeSync<\/li>\n<li>Montage: VESA<\/li>\n<li>Ann\u00e9e: 2021<\/li>\n<li>Utilisation recommand\u00e9e: Maison<\/li>\n<\/ul>","protected":false},"excerpt":{"rendered":"<p>Si vous \u00eates passionn\u00e9 d&#8217;informatique et d&#8217;\u00e9lectronique, si vous \u00eates \u00e0 la pointe de la technologie et qu&#8217;aucun d\u00e9tail ne vous \u00e9chappe, achetez \u00c9cran Acer UM.QB8EE.001 Full HD 1920 x 1080 px 23,8&#8243; au meilleur prix. Classification \u00e9nerg\u00e9tique: E Ecran: 23,8&#8243; Produit \u00e0 brancher: Oui Type de prise: Prise EU R\u00e9solution (px): 1920 x 1080 [&hellip;]<\/p>\n","protected":false},"featured_media":15179,"comment_status":"open","ping_status":"closed","template":"","meta":[],"product_brand":[653],"product_cat":[65,581,616],"product_tag":[213,106],"class_list":{"0":"post-15183","1":"product","2":"type-product","3":"status-publish","4":"has-post-thumbnail","6":"product_brand-brandp_529","7":"product_cat-informatique-electronique","8":"product_cat-informatique-peripheriques-et-consommables","9":"product_cat-moniteurs","10":"product_tag-tag_933","11":"product_tag-tag_1295","13":"first","14":"instock","15":"taxable","16":"shipping-taxable","17":"purchasable","18":"product-type-simple"},"_links":{"self":[{"href":"https:\/\/bigbuy.tupique.com\/en\/wp-json\/wp\/v2\/product\/15183","targetHints":{"allow":["GET"]}}],"collection":[{"href":"https:\/\/bigbuy.tupique.com\/en\/wp-json\/wp\/v2\/product"}],"about":[{"href":"https:\/\/bigbuy.tupique.com\/en\/wp-json\/wp\/v2\/types\/product"}],"replies":[{"embeddable":true,"href":"https:\/\/bigbuy.tupique.com\/en\/wp-json\/wp\/v2\/comments?post=15183"}],"wp:featuredmedia":[{"embeddable":true,"href":"https:\/\/bigbuy.tupique.com\/en\/wp-json\/wp\/v2\/media\/15179"}],"wp:attachment":[{"href":"https:\/\/bigbuy.tupique.com\/en\/wp-json\/wp\/v2\/media?parent=15183"}],"wp:term":[{"taxonomy":"product_brand","embeddable":true,"href":"https:\/\/bigbuy.tupique.com\/en\/wp-json\/wp\/v2\/product_brand?post=15183"},{"taxonomy":"product_cat","embeddable":true,"href":"https:\/\/bigbuy.tupique.com\/en\/wp-json\/wp\/v2\/product_cat?post=15183"},{"taxonomy":"product_tag","embeddable":true,"href":"https:\/\/bigbuy.tupique.com\/en\/wp-json\/wp\/v2\/product_tag?post=15183"}],"curies":[{"name":"wp","href":"https:\/\/api.w.org\/{rel}","templated":true}]}}