{"id":15164,"date":"2026-03-29T12:41:27","date_gmt":"2026-03-29T11:41:27","guid":{"rendered":"https:\/\/bigbuy.tupique.com\/produto\/printer-input-tray-xerox-097s04907\/"},"modified":"2026-04-15T00:12:46","modified_gmt":"2026-04-14T23:12:46","slug":"printer-input-tray-xerox-097s04907","status":"publish","type":"product","link":"https:\/\/bigbuy.tupique.com\/en\/produto\/printer-input-tray-xerox-097s04907\/","title":{"rendered":"Bac \u00e0 Papier pour Imprimante Xerox 097S04907"},"content":{"rendered":"<p>Retournez au bureau sans rien oublier ! Achetez <b>Bac \u00e0 Papier pour Imprimante Xerox 097S04907           <\/b> et faites envie \u00e0 vos coll\u00e8gues!<\/p>\n<ul>\n<li>Couleur: Blanc<\/li>\n<li>Compatible: XEROX<\/li>\n<li>Capacit\u00e9: 520 Volets<\/li>\n<li>Type: Bac \u00e0 Papier pour Imprimante<\/li>\n<li>Taille: A3<\/li>\n<\/ul>","protected":false},"excerpt":{"rendered":"<p>Retournez au bureau sans rien oublier ! Achetez Bac \u00e0 Papier pour Imprimante Xerox 097S04907 et faites envie \u00e0 vos coll\u00e8gues! Couleur: Blanc Compatible: XEROX Capacit\u00e9: 520 Volets Type: Bac \u00e0 Papier pour Imprimante Taille: A3<\/p>","protected":false},"featured_media":15163,"comment_status":"open","ping_status":"closed","template":"","meta":[],"product_brand":[631],"product_cat":[592,65,581],"product_tag":[106],"class_list":{"0":"post-15164","1":"product","2":"type-product","3":"status-publish","4":"has-post-thumbnail","6":"product_brand-brandp_922","7":"product_cat-imprimantes","8":"product_cat-informatique-electronique","9":"product_cat-informatique-peripheriques-et-consommables","10":"product_tag-tag_1295","12":"first","13":"instock","14":"taxable","15":"shipping-taxable","16":"purchasable","17":"product-type-simple"},"_links":{"self":[{"href":"https:\/\/bigbuy.tupique.com\/en\/wp-json\/wp\/v2\/product\/15164","targetHints":{"allow":["GET"]}}],"collection":[{"href":"https:\/\/bigbuy.tupique.com\/en\/wp-json\/wp\/v2\/product"}],"about":[{"href":"https:\/\/bigbuy.tupique.com\/en\/wp-json\/wp\/v2\/types\/product"}],"replies":[{"embeddable":true,"href":"https:\/\/bigbuy.tupique.com\/en\/wp-json\/wp\/v2\/comments?post=15164"}],"wp:featuredmedia":[{"embeddable":true,"href":"https:\/\/bigbuy.tupique.com\/en\/wp-json\/wp\/v2\/media\/15163"}],"wp:attachment":[{"href":"https:\/\/bigbuy.tupique.com\/en\/wp-json\/wp\/v2\/media?parent=15164"}],"wp:term":[{"taxonomy":"product_brand","embeddable":true,"href":"https:\/\/bigbuy.tupique.com\/en\/wp-json\/wp\/v2\/product_brand?post=15164"},{"taxonomy":"product_cat","embeddable":true,"href":"https:\/\/bigbuy.tupique.com\/en\/wp-json\/wp\/v2\/product_cat?post=15164"},{"taxonomy":"product_tag","embeddable":true,"href":"https:\/\/bigbuy.tupique.com\/en\/wp-json\/wp\/v2\/product_tag?post=15164"}],"curies":[{"name":"wp","href":"https:\/\/api.w.org\/{rel}","templated":true}]}}