{"id":15130,"date":"2026-03-29T12:40:41","date_gmt":"2026-03-29T11:40:41","guid":{"rendered":"https:\/\/bigbuy.tupique.com\/produto\/original-ink-cartridge-hp-w2123x-magenta\/"},"modified":"2026-05-11T19:58:52","modified_gmt":"2026-05-11T17:58:52","slug":"original-ink-cartridge-hp-w2123x-magenta","status":"publish","type":"product","link":"https:\/\/bigbuy.tupique.com\/en\/produto\/original-ink-cartridge-hp-w2123x-magenta\/","title":{"rendered":"Cartouche d&#8217;encre originale HP W2123X Magenta"},"content":{"rendered":"<p>Si vous \u00eates passionn\u00e9 d&#8217;<b>informatique et d&#8217;\u00e9lectronique<\/b>, si vous \u00eates \u00e0 la pointe de la technologie et qu&#8217;aucun d\u00e9tail ne vous \u00e9chappe, achetez <b>Cartouche d&#8217;encre originale HP W2123X Magenta<\/b> au meilleur prix.<\/p>\n<p>Le <b>toner original HP W2123X<\/b> est un consommable essentiel con\u00e7u sp\u00e9cifiquement pour les imprimantes laser HP, offrant des r\u00e9sultats d\u2019impression fiables et de haute qualit\u00e9. Ce <b>toner magenta<\/b> se distingue par sa <b>compatibilit\u00e9 exclusive avec les appareils HP<\/b> et par sa fabrication selon des normes strictes d\u2019<b>origine<\/b>, garantissant un fonctionnement optimal et s\u00e9curis\u00e9 ainsi que la pr\u00e9servation des composants internes de l\u2019imprimante. Gr\u00e2ce \u00e0 la technologie d\u2019impression <b>laser<\/b>, cette cartouche assure un transfert pr\u00e9cis des couleurs, permettant la production de documents et graphiques aux couleurs vives, \u00e0 la grande nettet\u00e9 et \u00e0 la durabilit\u00e9 \u00e9lev\u00e9e. Sa <b>capacit\u00e9 jusqu\u2019\u00e0 10 000 pages<\/b> permet une utilisation prolong\u00e9e dans les environnements professionnels \u00e0 fort volume d\u2019impression, r\u00e9duisant la fr\u00e9quence de remplacement et optimisant l\u2019efficacit\u00e9 op\u00e9rationnelle. Le produit est propos\u00e9 en <b>1 unit\u00e9<\/b> et poss\u00e8de une dimension de 161 mm, facilitant sa manipulation et sa compatibilit\u00e9 avec les syst\u00e8mes de chargement des imprimantes HP recommand\u00e9es. Fabriqu\u00e9 au Japon, ce toner int\u00e8gre des standards avanc\u00e9s de contr\u00f4le qualit\u00e9 et de fiabilit\u00e9, r\u00e9pondant aux exigences du march\u00e9 professionnel qui privil\u00e9gie la constance et la performance \u00e0 chaque page imprim\u00e9e. Ce mod\u00e8le fait partie de la gamme de consommables HP offrant une protection contre les manipulations, assurant l\u2019authenticit\u00e9 gr\u00e2ce \u00e0 des puces int\u00e9gr\u00e9es et une technologie de s\u00e9curit\u00e9 sp\u00e9cifique. Le HP W2123X est le choix id\u00e9al pour ceux qui exigent des impressions professionnelles et r\u00e9guli\u00e8res dans les applications d\u2019entreprise, graphiques et administratives.<\/p>\n<ul>\n<li>Compatible: HP<\/li>\n<li>Type:\n<ul>\n<li>Cartouche d&#8217;encre originale<\/li>\n<li>Original<\/li>\n<\/ul>\n<\/li>\n<li>Couleur: Magenta<\/li>\n<li>Largeur: 55 mm<\/li>\n<li>Technologie: Laser<\/li>\n<li>Unit\u00e9s: 1 Unit\u00e9<\/li>\n<li>Capacit\u00e9: 10000 Pages<\/li>\n<li>Pays \/ r\u00e9gion de fabrication: Japon<\/li>\n<li>Temp\u00e9rature approximative: -20\u00ba \/ 40\u00ba<\/li>\n<li>Caract\u00e9ristiques: Original<\/li>\n<\/ul>","protected":false},"excerpt":{"rendered":"<p><span class=\"unit-info\">460.9900 &euro; \/ 1 unit<\/span><\/p>","protected":false},"featured_media":15129,"comment_status":"open","ping_status":"closed","template":"","meta":[],"product_brand":[630],"product_cat":[595,65,581],"product_tag":[213,106],"class_list":{"0":"post-15130","1":"product","2":"type-product","3":"status-publish","4":"has-post-thumbnail","6":"product_brand-brandp_909","7":"product_cat-cartouches-d-encre-originale","8":"product_cat-informatique-electronique","9":"product_cat-informatique-peripheriques-et-consommables","10":"product_tag-tag_933","11":"product_tag-tag_1295","13":"first","14":"instock","15":"taxable","16":"shipping-taxable","17":"purchasable","18":"product-type-simple"},"_links":{"self":[{"href":"https:\/\/bigbuy.tupique.com\/en\/wp-json\/wp\/v2\/product\/15130","targetHints":{"allow":["GET"]}}],"collection":[{"href":"https:\/\/bigbuy.tupique.com\/en\/wp-json\/wp\/v2\/product"}],"about":[{"href":"https:\/\/bigbuy.tupique.com\/en\/wp-json\/wp\/v2\/types\/product"}],"replies":[{"embeddable":true,"href":"https:\/\/bigbuy.tupique.com\/en\/wp-json\/wp\/v2\/comments?post=15130"}],"wp:featuredmedia":[{"embeddable":true,"href":"https:\/\/bigbuy.tupique.com\/en\/wp-json\/wp\/v2\/media\/15129"}],"wp:attachment":[{"href":"https:\/\/bigbuy.tupique.com\/en\/wp-json\/wp\/v2\/media?parent=15130"}],"wp:term":[{"taxonomy":"product_brand","embeddable":true,"href":"https:\/\/bigbuy.tupique.com\/en\/wp-json\/wp\/v2\/product_brand?post=15130"},{"taxonomy":"product_cat","embeddable":true,"href":"https:\/\/bigbuy.tupique.com\/en\/wp-json\/wp\/v2\/product_cat?post=15130"},{"taxonomy":"product_tag","embeddable":true,"href":"https:\/\/bigbuy.tupique.com\/en\/wp-json\/wp\/v2\/product_tag?post=15130"}],"curies":[{"name":"wp","href":"https:\/\/api.w.org\/{rel}","templated":true}]}}