{"id":15122,"date":"2026-03-29T12:40:31","date_gmt":"2026-03-29T11:40:31","guid":{"rendered":"https:\/\/bigbuy.tupique.com\/produto\/dot-matrix-printer-epson-c11ca92001a1\/"},"modified":"2026-04-15T00:12:41","modified_gmt":"2026-04-14T23:12:41","slug":"dot-matrix-printer-epson-c11ca92001a1","status":"publish","type":"product","link":"https:\/\/bigbuy.tupique.com\/en\/produto\/dot-matrix-printer-epson-c11ca92001a1\/","title":{"rendered":"Imprimante Matricielle Epson C11CA92001A1"},"content":{"rendered":"<p>Si vous \u00eates passionn\u00e9 d&#8217;<b>informatique et d&#8217;\u00e9lectronique<\/b>, si vous \u00eates \u00e0 la pointe de la technologie et qu&#8217;aucun d\u00e9tail ne vous \u00e9chappe, achetez <b>Imprimante Matricielle Epson C11CA92001A1<\/b> au meilleur prix.<\/p>\n<p>La <b>imprimante matricielle Epson LQ-2190N<\/b> (mod\u00e8le C11CA92001A1) est un appareil con\u00e7u pour les environnements professionnels n\u00e9cessitant une <b>fiabilit\u00e9 \u00e9lev\u00e9e et une grande vitesse d\u2019impression<\/b>. \u00c9quip\u00e9e d\u2019une technologie \u00e0 impact <b>24 aiguilles<\/b>, cette imprimante monochrome offre une r\u00e9solution maximale de <b>360 x 180 DPI<\/b> garantissant des r\u00e9sultats nets et pr\u00e9cis sur divers types de papier, des feuilles continues aux formats sp\u00e9ciaux. Sa vitesse d\u2019impression atteint jusqu\u2019\u00e0 <b>576 caract\u00e8res par seconde en mode brouillon<\/b> (12 ppm), assurant une productivit\u00e9 efficace pour les gros volumes. L\u2019imprimante se distingue aussi par une grande durabilit\u00e9, avec une t\u00eate supportant jusqu\u2019\u00e0 <b>400 millions d\u2019impacts par aiguille<\/b> et un temps moyen entre pannes estim\u00e9 \u00e0 <b>20 000 heures<\/b>, minimisant la maintenance et r\u00e9duisant les co\u00fbts d\u2019exploitation.<br \/>Son design fonctionnel inclut plusieurs options d\u2019alimentation papier : manuelle, tracteur, pousseur, avec un parcours frontal, sup\u00e9rieur, inf\u00e9rieur et arri\u00e8re, favorisant une gestion flexible de l\u2019espace et s\u2019adaptant \u00e0 divers besoins d\u2019impression. La connectivit\u00e9 comprend une interface USB 2.0 standard et un port parall\u00e8le, facilitant l\u2019int\u00e9gration dans diff\u00e9rents environnements informatiques. Elle dispose d\u2019un tampon m\u00e9moire de <b>128 Ko<\/b> pour optimiser le flux d\u2019impression et r\u00e9duit le niveau sonore \u00e0 <b>54 dB<\/b>, contribuant \u00e0 un environnement de travail confortable. De plus, sa bande d\u2019impression offre une dur\u00e9e allant jusqu\u2019\u00e0 <b>15 millions de caract\u00e8res<\/b>, prolongeant les intervalles entre remplacements et r\u00e9duisant le co\u00fbt total de maintenance.<br \/>Compatible avec les langages de description de pages Epson ESC\/P2 et PPDS, cette imprimante assure une compatibilit\u00e9 avanc\u00e9e pour les applications professionnelles exigeant des impressions fiables et pr\u00e9cises dans des secteurs tels que la logistique, l\u2019administration publique et la production industrielle. L\u2019Epson LQ-2190N, avec sa construction robuste et ses performances techniques sp\u00e9cialis\u00e9es, constitue une solution stable et efficace pour ceux qui recherchent qualit\u00e9 et performance en impression matricielle.<\/p>\n<ul>\n<li>Technologie: Matricielle<\/li>\n<li>vitesse: 12 ppm<\/li>\n<li>Impression couleur: Non<\/li>\n<li>Compatible: Windows<\/li>\n<li>R\u00e9solution: 360 x 180 dpi<\/li>\n<li>Type:\n<ul>\n<li>Imprimante<\/li>\n<li>Avec fil<\/li>\n<li>Imprimante Matricielle<\/li>\n<\/ul>\n<\/li>\n<li>Produit \u00e0 brancher: Oui<\/li>\n<li>Connexions:\n<ul>\n<li>Ethernet LAN<\/li>\n<li>USB<\/li>\n<\/ul>\n<\/li>\n<li>Type de prise: Prise EU<\/li>\n<li>Bloc d\u2019Alimentation: r\u00e9seau \u00e9lectrique<\/li>\n<li>Couleur:\n<ul>\n<li>Noir<\/li>\n<li>Gris<\/li>\n<li>Monochrome<\/li>\n<\/ul>\n<\/li>\n<li>Caract\u00e9ristiques: Avec c\u00e2ble<\/li>\n<li>Poids approx.: 13 kg<\/li>\n<li>consommation d&#8217;\u00e9nergie: 46 kWh<\/li>\n<\/ul>","protected":false},"excerpt":{"rendered":"<p>Si vous \u00eates passionn\u00e9 d&#8217;informatique et d&#8217;\u00e9lectronique, si vous \u00eates \u00e0 la pointe de la technologie et qu&#8217;aucun d\u00e9tail ne vous \u00e9chappe, achetez Imprimante Matricielle Epson C11CA92001A1 au meilleur prix. La imprimante matricielle Epson LQ-2190N (mod\u00e8le C11CA92001A1) est un appareil con\u00e7u pour les environnements professionnels n\u00e9cessitant une fiabilit\u00e9 \u00e9lev\u00e9e et une grande vitesse d\u2019impression. \u00c9quip\u00e9e [&hellip;]<\/p>\n","protected":false},"featured_media":15117,"comment_status":"open","ping_status":"closed","template":"","meta":[],"product_brand":[632],"product_cat":[592,65,581],"product_tag":[213,106],"class_list":{"0":"post-15122","1":"product","2":"type-product","3":"status-publish","4":"has-post-thumbnail","6":"product_brand-brandp_547","7":"product_cat-imprimantes","8":"product_cat-informatique-electronique","9":"product_cat-informatique-peripheriques-et-consommables","10":"product_tag-tag_933","11":"product_tag-tag_1295","13":"first","14":"instock","15":"taxable","16":"shipping-taxable","17":"purchasable","18":"product-type-simple"},"_links":{"self":[{"href":"https:\/\/bigbuy.tupique.com\/en\/wp-json\/wp\/v2\/product\/15122","targetHints":{"allow":["GET"]}}],"collection":[{"href":"https:\/\/bigbuy.tupique.com\/en\/wp-json\/wp\/v2\/product"}],"about":[{"href":"https:\/\/bigbuy.tupique.com\/en\/wp-json\/wp\/v2\/types\/product"}],"replies":[{"embeddable":true,"href":"https:\/\/bigbuy.tupique.com\/en\/wp-json\/wp\/v2\/comments?post=15122"}],"wp:featuredmedia":[{"embeddable":true,"href":"https:\/\/bigbuy.tupique.com\/en\/wp-json\/wp\/v2\/media\/15117"}],"wp:attachment":[{"href":"https:\/\/bigbuy.tupique.com\/en\/wp-json\/wp\/v2\/media?parent=15122"}],"wp:term":[{"taxonomy":"product_brand","embeddable":true,"href":"https:\/\/bigbuy.tupique.com\/en\/wp-json\/wp\/v2\/product_brand?post=15122"},{"taxonomy":"product_cat","embeddable":true,"href":"https:\/\/bigbuy.tupique.com\/en\/wp-json\/wp\/v2\/product_cat?post=15122"},{"taxonomy":"product_tag","embeddable":true,"href":"https:\/\/bigbuy.tupique.com\/en\/wp-json\/wp\/v2\/product_tag?post=15122"}],"curies":[{"name":"wp","href":"https:\/\/api.w.org\/{rel}","templated":true}]}}