{"id":15100,"date":"2026-03-29T12:39:52","date_gmt":"2026-03-29T11:39:52","guid":{"rendered":"https:\/\/bigbuy.tupique.com\/produto\/trolley-neomounts-plasma-m2250black\/"},"modified":"2026-04-15T00:12:40","modified_gmt":"2026-04-14T23:12:40","slug":"trolley-neomounts-plasma-m2250black","status":"publish","type":"product","link":"https:\/\/bigbuy.tupique.com\/en\/produto\/trolley-neomounts-plasma-m2250black\/","title":{"rendered":"Trolley Neomounts PLASMA-M2250BLACK"},"content":{"rendered":"<p>Si vous \u00eates passionn\u00e9 d&#8217;<b>informatique et d&#8217;\u00e9lectronique<\/b>, si vous \u00eates \u00e0 la pointe de la technologie et qu&#8217;aucun d\u00e9tail ne vous \u00e9chappe, achetez <b>Trolley Neomounts PLASMA-M2250BLACK   <\/b> au meilleur prix.<\/p>\n<ul>\n<li>Type:\n<ul>\n<li>Trolley<\/li>\n<li>Support pour le sol<\/li>\n<\/ul>\n<\/li>\n<li>Couleur: Noir<\/li>\n<li>Caract\u00e9ristiques:\n<ul>\n<li>Hauteur r\u00e9glable<\/li>\n<li>4 roues pour facilit\u00e9 son d\u00e9placement<\/li>\n<li>R\u00e9glable<\/li>\n<li>Avec des roues<\/li>\n<li>Collecteur de c\u00e2bles<\/li>\n<\/ul>\n<\/li>\n<li>Ecran:\n<ul>\n<li>42&#8243;<\/li>\n<li>100&#8243;<\/li>\n<\/ul>\n<\/li>\n<li>VESA:\n<ul>\n<li>20 x 20 cm<\/li>\n<li>80 x 60 cm<\/li>\n<\/ul>\n<\/li>\n<li>Compatible: VESA 800 x 600<\/li>\n<li>Avec des roues: x4<\/li>\n<li>Poids Max. support\u00e9: 130 Kg<\/li>\n<li>Profondeur: 73,5 cm<\/li>\n<\/ul>","protected":false},"excerpt":{"rendered":"<p>Si vous \u00eates passionn\u00e9 d&#8217;informatique et d&#8217;\u00e9lectronique, si vous \u00eates \u00e0 la pointe de la technologie et qu&#8217;aucun d\u00e9tail ne vous \u00e9chappe, achetez Trolley Neomounts PLASMA-M2250BLACK au meilleur prix. Type: Trolley Support pour le sol Couleur: Noir Caract\u00e9ristiques: Hauteur r\u00e9glable 4 roues pour facilit\u00e9 son d\u00e9placement R\u00e9glable Avec des roues Collecteur de c\u00e2bles Ecran: 42&#8243; [&hellip;]<\/p>\n","protected":false},"featured_media":170730,"comment_status":"open","ping_status":"closed","template":"","meta":[],"product_brand":[639],"product_cat":[65,581,586],"product_tag":[106],"class_list":{"0":"post-15100","1":"product","2":"type-product","3":"status-publish","4":"has-post-thumbnail","6":"product_brand-brandp_4772","7":"product_cat-informatique-electronique","8":"product_cat-informatique-peripheriques-et-consommables","9":"product_cat-supports-pour-ecrans","10":"product_tag-tag_1295","12":"first","13":"instock","14":"taxable","15":"shipping-taxable","16":"purchasable","17":"product-type-simple"},"_links":{"self":[{"href":"https:\/\/bigbuy.tupique.com\/en\/wp-json\/wp\/v2\/product\/15100","targetHints":{"allow":["GET"]}}],"collection":[{"href":"https:\/\/bigbuy.tupique.com\/en\/wp-json\/wp\/v2\/product"}],"about":[{"href":"https:\/\/bigbuy.tupique.com\/en\/wp-json\/wp\/v2\/types\/product"}],"replies":[{"embeddable":true,"href":"https:\/\/bigbuy.tupique.com\/en\/wp-json\/wp\/v2\/comments?post=15100"}],"wp:featuredmedia":[{"embeddable":true,"href":"https:\/\/bigbuy.tupique.com\/en\/wp-json\/wp\/v2\/media\/170730"}],"wp:attachment":[{"href":"https:\/\/bigbuy.tupique.com\/en\/wp-json\/wp\/v2\/media?parent=15100"}],"wp:term":[{"taxonomy":"product_brand","embeddable":true,"href":"https:\/\/bigbuy.tupique.com\/en\/wp-json\/wp\/v2\/product_brand?post=15100"},{"taxonomy":"product_cat","embeddable":true,"href":"https:\/\/bigbuy.tupique.com\/en\/wp-json\/wp\/v2\/product_cat?post=15100"},{"taxonomy":"product_tag","embeddable":true,"href":"https:\/\/bigbuy.tupique.com\/en\/wp-json\/wp\/v2\/product_tag?post=15100"}],"curies":[{"name":"wp","href":"https:\/\/api.w.org\/{rel}","templated":true}]}}