{"id":15097,"date":"2026-03-29T12:39:49","date_gmt":"2026-03-29T11:39:49","guid":{"rendered":"https:\/\/bigbuy.tupique.com\/produto\/access-point-netgear-wax620-100eus-white\/"},"modified":"2026-04-15T00:12:40","modified_gmt":"2026-04-14T23:12:40","slug":"access-point-netgear-wax620-100eus-white","status":"publish","type":"product","link":"https:\/\/bigbuy.tupique.com\/en\/produto\/access-point-netgear-wax620-100eus-white\/","title":{"rendered":"Point d&#8217;Acc\u00e8s Netgear WAX620-100EUS Blanc"},"content":{"rendered":"<p>Si vous \u00eates passionn\u00e9 d&#8217;<b>informatique et d&#8217;\u00e9lectronique<\/b>, si vous \u00eates \u00e0 la pointe de la technologie et qu&#8217;aucun d\u00e9tail ne vous \u00e9chappe, achetez <b>Point d&#8217;Acc\u00e8s Netgear WAX620-100EUS Blanc<\/b> au meilleur prix.<\/p>\n<p>Le <b>point d\u2019acc\u00e8s<\/b> <b>WAX620-100EUS<\/b> de Netgear est un appareil avanc\u00e9 con\u00e7u pour offrir une connectivit\u00e9 sans fil robuste et efficace dans des environnements professionnels ou \u00e0 forte demande technologique. \u00c9quip\u00e9 de la technologie <b>WiFi 6 AX3600<\/b> bi-bande, il fonctionne \u00e0 la fois sur les fr\u00e9quences <b>2,4 GHz<\/b> et <b>5 GHz<\/b>, garantissant des performances optimales et une large couverture avec une vitesse maximale combin\u00e9e allant jusqu\u2019\u00e0 <b>3600 Mbit\/s<\/b>, id\u00e9al pour supporter plusieurs utilisateurs et appareils connect\u00e9s simultan\u00e9ment. Il int\u00e8gre des options de s\u00e9curit\u00e9 avanc\u00e9es compatibles avec des protocoles tels que <b>WPA3, WPA2, WPA, EAP-TLS, PEAP, TTLS et SSL\/TLS<\/b>, assurant la protection du r\u00e9seau contre les acc\u00e8s non autoris\u00e9s et contribuant \u00e0 maintenir l\u2019int\u00e9grit\u00e9 des donn\u00e9es transmises. Ce mod\u00e8le dispose de ports Ethernet avec des d\u00e9bits de transfert de <b>100, 1000 et 2500 Mbit\/s<\/b>, permettant des connexions filaires rapides et fiables pour la distribution du trafic r\u00e9seau. De plus, sa capacit\u00e9 <b>Power over Ethernet (PoE)<\/b> facilite l\u2019installation et r\u00e9duit le c\u00e2blage \u00e9lectrique en fournissant alimentation et donn\u00e9es via un seul c\u00e2ble, favorisant des installations propres et flexibles. Son design en couleur <b>blanc<\/b> int\u00e8gre un indicateur LED facilitant le suivi de l\u2019\u00e9tat de l\u2019appareil, et son support mural permet une int\u00e9gration discr\u00e8te dans tout espace. L\u2019inclusion d\u2019un guide d\u2019installation simplifie la mise en service pour les administrateurs r\u00e9seau ou techniciens, optimisant les d\u00e9lais de d\u00e9ploiement. Ce point d\u2019acc\u00e8s se distingue par la gestion cloud via <b>NETGEAR Insight<\/b>, qui simplifie l\u2019administration et la supervision \u00e0 distance, combin\u00e9e \u00e0 un mat\u00e9riel capable de r\u00e9pondre aux exigences actuelles de connectivit\u00e9 professionnelle. En r\u00e9sum\u00e9, le WAX620 offre une solution fiable et avanc\u00e9e pour les environnements n\u00e9cessitant une connectivit\u00e9 sans fil performante, une s\u00e9curit\u00e9 renforc\u00e9e et une \u00e9volutivit\u00e9 dans les r\u00e9seaux d\u2019entreprise.<\/p>\n<ul>\n<li>Type: Point d&#8217;Acc\u00e8s<\/li>\n<li>Produit \u00e0 brancher: Oui<\/li>\n<li>Inclut: Kit de Montage<\/li>\n<li>Type de prise: Prise EU<\/li>\n<li>Bloc d\u2019Alimentation:\n<ul>\n<li>r\u00e9seau \u00e9lectrique<\/li>\n<li>CC<\/li>\n<\/ul>\n<\/li>\n<li>Couleur: Blanc<\/li>\n<li>Caract\u00e9ristiques:\n<ul>\n<li>T\u00e9moin de fonctionnement LED<\/li>\n<li>T\u00e9moin LED<\/li>\n<li>Guide d&#8217;installation inclus<\/li>\n<\/ul>\n<\/li>\n<li>Connexions:\n<ul>\n<li>RJ45<\/li>\n<li>PoE x 1<\/li>\n<\/ul>\n<\/li>\n<li>Connectivit\u00e9:\n<ul>\n<li>Wi-Fi<\/li>\n<li>Ethernet LAN<\/li>\n<\/ul>\n<\/li>\n<li>Montage: Montage mural<\/li>\n<li>Tension:\n<ul>\n<li>12 V<\/li>\n<li>240 V<\/li>\n<\/ul>\n<\/li>\n<li>Syst\u00e8me d&#8217;exploitation: RouterOS<\/li>\n<li>puissance: 3600 W<\/li>\n<li>Fr\u00e9quence:\n<ul>\n<li>5 GHz<\/li>\n<li>2,4 GHz<\/li>\n<\/ul>\n<\/li>\n<\/ul>","protected":false},"excerpt":{"rendered":"<p>Si vous \u00eates passionn\u00e9 d&#8217;informatique et d&#8217;\u00e9lectronique, si vous \u00eates \u00e0 la pointe de la technologie et qu&#8217;aucun d\u00e9tail ne vous \u00e9chappe, achetez Point d&#8217;Acc\u00e8s Netgear WAX620-100EUS Blanc au meilleur prix. Le point d\u2019acc\u00e8s WAX620-100EUS de Netgear est un appareil avanc\u00e9 con\u00e7u pour offrir une connectivit\u00e9 sans fil robuste et efficace dans des environnements professionnels [&hellip;]<\/p>\n","protected":false},"featured_media":15094,"comment_status":"open","ping_status":"closed","template":"","meta":[],"product_brand":[633],"product_cat":[65,584,591],"product_tag":[106],"class_list":{"0":"post-15097","1":"product","2":"type-product","3":"status-publish","4":"has-post-thumbnail","6":"product_brand-brandp_567","7":"product_cat-informatique-electronique","8":"product_cat-informatique-reseaux-et-composants","9":"product_cat-points-d-acces","10":"product_tag-tag_1295","12":"first","13":"instock","14":"taxable","15":"shipping-taxable","16":"purchasable","17":"product-type-simple"},"_links":{"self":[{"href":"https:\/\/bigbuy.tupique.com\/en\/wp-json\/wp\/v2\/product\/15097","targetHints":{"allow":["GET"]}}],"collection":[{"href":"https:\/\/bigbuy.tupique.com\/en\/wp-json\/wp\/v2\/product"}],"about":[{"href":"https:\/\/bigbuy.tupique.com\/en\/wp-json\/wp\/v2\/types\/product"}],"replies":[{"embeddable":true,"href":"https:\/\/bigbuy.tupique.com\/en\/wp-json\/wp\/v2\/comments?post=15097"}],"wp:featuredmedia":[{"embeddable":true,"href":"https:\/\/bigbuy.tupique.com\/en\/wp-json\/wp\/v2\/media\/15094"}],"wp:attachment":[{"href":"https:\/\/bigbuy.tupique.com\/en\/wp-json\/wp\/v2\/media?parent=15097"}],"wp:term":[{"taxonomy":"product_brand","embeddable":true,"href":"https:\/\/bigbuy.tupique.com\/en\/wp-json\/wp\/v2\/product_brand?post=15097"},{"taxonomy":"product_cat","embeddable":true,"href":"https:\/\/bigbuy.tupique.com\/en\/wp-json\/wp\/v2\/product_cat?post=15097"},{"taxonomy":"product_tag","embeddable":true,"href":"https:\/\/bigbuy.tupique.com\/en\/wp-json\/wp\/v2\/product_tag?post=15097"}],"curies":[{"name":"wp","href":"https:\/\/api.w.org\/{rel}","templated":true}]}}