{"id":15093,"date":"2026-03-29T12:39:44","date_gmt":"2026-03-29T11:39:44","guid":{"rendered":"https:\/\/bigbuy.tupique.com\/produto\/nas-network-storage-qnap-ts-873aeu-rp-4g-black\/"},"modified":"2026-05-11T19:59:13","modified_gmt":"2026-05-11T17:59:13","slug":"nas-network-storage-qnap-ts-873aeu-rp-4g-black","status":"publish","type":"product","link":"https:\/\/bigbuy.tupique.com\/en\/produto\/nas-network-storage-qnap-ts-873aeu-rp-4g-black\/","title":{"rendered":"Stockage en R\u00e9seau NAS Qnap TS-873AEU-RP-4G Noir"},"content":{"rendered":"<p>Si vous \u00eates passionn\u00e9 d&#8217;<b>informatique et d&#8217;\u00e9lectronique<\/b>, si vous \u00eates \u00e0 la pointe de la technologie et qu&#8217;aucun d\u00e9tail ne vous \u00e9chappe, achetez <b>Stockage en R\u00e9seau NAS Qnap TS-873AEU-RP-4G Noir<\/b> au meilleur prix.<\/p>\n<ul>\n<li>Compartiments 3,5&#8243;: x 8<\/li>\n<li>Produit \u00e0 brancher: Oui<\/li>\n<li>Processeur:\n<ul>\n<li>AMD Ryzen V1000<\/li>\n<li>AMD<\/li>\n<li>AMD Ryzen V1500B<\/li>\n<\/ul>\n<\/li>\n<li>Type de prise: Prise EU<\/li>\n<li>Connexions:\n<ul>\n<li>SO-DIMM<\/li>\n<li>RJ45 x 2<\/li>\n<li>Ethernet LAN<\/li>\n<li>2<\/li>\n<li>Sata II<\/li>\n<li>USB<\/li>\n<li>RJ45<\/li>\n<li>USB 3.2<\/li>\n<li>USB-C 3.2 Gen 2 (3.1 Gen 2)<\/li>\n<\/ul>\n<\/li>\n<li>Disque dur: 4 GB<\/li>\n<li>Bloc d\u2019Alimentation:\n<ul>\n<li>r\u00e9seau \u00e9lectrique<\/li>\n<li>300 W<\/li>\n<\/ul>\n<\/li>\n<li>Type:\n<ul>\n<li>DDR4<\/li>\n<li>NAS<\/li>\n<\/ul>\n<\/li>\n<li>Couleur: Noir<\/li>\n<li>M\u00e9moire RAM: 4 GB RAM<\/li>\n<li>vitesse:\n<ul>\n<li>1000 Mbit\/s<\/li>\n<li>10 Gbit\/s<\/li>\n<li>10\/100\/1000 Mbps<\/li>\n<li>2.2 GHz<\/li>\n<\/ul>\n<\/li>\n<li>Tension:\n<ul>\n<li>100-240 V<\/li>\n<li>100 &#8211; 240 V<\/li>\n<\/ul>\n<\/li>\n<li>Compatible: 2,5&#8243;-3,5&#8243;<\/li>\n<li>Caract\u00e9ristiques:\n<ul>\n<li>Interrupteur marche\/arr\u00eat<\/li>\n<li>T\u00e9moin LED<\/li>\n<li>Vibromasseur<\/li>\n<\/ul>\n<\/li>\n<li>Ventillateur: 3<\/li>\n<li>Connectivit\u00e9: Ethernet LAN<\/li>\n<li>Type de m\u00e9moire: DDR4<\/li>\n<li>Facteur de forme: SO-DIMM<\/li>\n<li>M\u00e9moire: x 2<\/li>\n<li>Temp\u00e9rature approximative: &#8211; 20\u00baC \/ 70\u00b0C<\/li>\n<li>Noyaux: 4 Noyaux<\/li>\n<li>Famille de processeurs: AMD<\/li>\n<\/ul>","protected":false},"excerpt":{"rendered":"<p>Si vous \u00eates passionn\u00e9 d&#8217;informatique et d&#8217;\u00e9lectronique, si vous \u00eates \u00e0 la pointe de la technologie et qu&#8217;aucun d\u00e9tail ne vous \u00e9chappe, achetez Stockage en R\u00e9seau NAS Qnap TS-873AEU-RP-4G Noir au meilleur prix. Compartiments 3,5&#8243;: x 8 Produit \u00e0 brancher: Oui Processeur: AMD Ryzen V1000 AMD AMD Ryzen V1500B Type de prise: Prise EU Connexions: [&hellip;]<\/p>\n","protected":false},"featured_media":15090,"comment_status":"open","ping_status":"closed","template":"","meta":[],"product_brand":[646],"product_cat":[588,65,584],"product_tag":[106],"class_list":{"0":"post-15093","1":"product","2":"type-product","3":"status-publish","4":"has-post-thumbnail","6":"product_brand-brandp_4747","7":"product_cat-disques-durs","8":"product_cat-informatique-electronique","9":"product_cat-informatique-reseaux-et-composants","10":"product_tag-tag_1295","12":"first","13":"instock","14":"taxable","15":"shipping-taxable","16":"purchasable","17":"product-type-simple"},"_links":{"self":[{"href":"https:\/\/bigbuy.tupique.com\/en\/wp-json\/wp\/v2\/product\/15093","targetHints":{"allow":["GET"]}}],"collection":[{"href":"https:\/\/bigbuy.tupique.com\/en\/wp-json\/wp\/v2\/product"}],"about":[{"href":"https:\/\/bigbuy.tupique.com\/en\/wp-json\/wp\/v2\/types\/product"}],"replies":[{"embeddable":true,"href":"https:\/\/bigbuy.tupique.com\/en\/wp-json\/wp\/v2\/comments?post=15093"}],"wp:featuredmedia":[{"embeddable":true,"href":"https:\/\/bigbuy.tupique.com\/en\/wp-json\/wp\/v2\/media\/15090"}],"wp:attachment":[{"href":"https:\/\/bigbuy.tupique.com\/en\/wp-json\/wp\/v2\/media?parent=15093"}],"wp:term":[{"taxonomy":"product_brand","embeddable":true,"href":"https:\/\/bigbuy.tupique.com\/en\/wp-json\/wp\/v2\/product_brand?post=15093"},{"taxonomy":"product_cat","embeddable":true,"href":"https:\/\/bigbuy.tupique.com\/en\/wp-json\/wp\/v2\/product_cat?post=15093"},{"taxonomy":"product_tag","embeddable":true,"href":"https:\/\/bigbuy.tupique.com\/en\/wp-json\/wp\/v2\/product_tag?post=15093"}],"curies":[{"name":"wp","href":"https:\/\/api.w.org\/{rel}","templated":true}]}}