{"id":15039,"date":"2026-03-29T12:38:36","date_gmt":"2026-03-29T11:38:36","guid":{"rendered":"https:\/\/bigbuy.tupique.com\/produto\/usb-hub-lenovo-40af0135eu-black\/"},"modified":"2026-04-15T00:12:28","modified_gmt":"2026-04-14T23:12:28","slug":"usb-hub-lenovo-40af0135eu-black","status":"publish","type":"product","link":"https:\/\/bigbuy.tupique.com\/en\/produto\/usb-hub-lenovo-40af0135eu-black\/","title":{"rendered":"Hub USB Lenovo 40AF0135EU Noir"},"content":{"rendered":"<p>Si vous \u00eates passionn\u00e9 d&#8217;<b>informatique et d&#8217;\u00e9lectronique<\/b>, si vous \u00eates \u00e0 la pointe de la technologie et qu&#8217;aucun d\u00e9tail ne vous \u00e9chappe, achetez <b>Hub USB Lenovo 40AF0135EU Noir<\/b> au meilleur prix.<\/p>\n<ul>\n<li>Connexions:\n<ul>\n<li>HDMI<\/li>\n<li>DisplayPort<\/li>\n<li>USB x 6<\/li>\n<li>USB-C<\/li>\n<li>RJ45<\/li>\n<li>USB-A 3.2<\/li>\n<li>Ethernet LAN<\/li>\n<li>USB 2.0<\/li>\n<li>HDMI x 2<\/li>\n<li>USB 3.2 x 3<\/li>\n<li>USB<\/li>\n<li>DisplayPort x 2<\/li>\n<li>SATA<\/li>\n<li>2 x HDMI<\/li>\n<li>USB-C 3.2 Gen 1 (3.1 Gen 1)<\/li>\n<li>C\u00e2ble jack 3,3 mm<\/li>\n<\/ul>\n<\/li>\n<li>Type:\n<ul>\n<li>Avec fil<\/li>\n<li>Hub USB<\/li>\n<\/ul>\n<\/li>\n<li>R\u00e9solution: 4K Ultra HD<\/li>\n<li>Compatible:\n<ul>\n<li>Lenovo<\/li>\n<li>Windows<\/li>\n<li>PC<\/li>\n<\/ul>\n<\/li>\n<li>Couleur: Noir<\/li>\n<li>vitesse:\n<ul>\n<li>10 Gbit\/s<\/li>\n<li>10\/100\/1000 Mbps<\/li>\n<\/ul>\n<\/li>\n<li>Bloc d\u2019Alimentation:\n<ul>\n<li>Courant alternatif<\/li>\n<li>Avec fil<\/li>\n<\/ul>\n<\/li>\n<li>R\u00e9solution (px): 3840 x 2160 px<\/li>\n<li>Ann\u00e9e: 2018<\/li>\n<li>Disque dur: 1 TB SSD<\/li>\n<\/ul>","protected":false},"excerpt":{"rendered":"<p>Si vous \u00eates passionn\u00e9 d&#8217;informatique et d&#8217;\u00e9lectronique, si vous \u00eates \u00e0 la pointe de la technologie et qu&#8217;aucun d\u00e9tail ne vous \u00e9chappe, achetez Hub USB Lenovo 40AF0135EU Noir au meilleur prix. Connexions: HDMI DisplayPort USB x 6 USB-C RJ45 USB-A 3.2 Ethernet LAN USB 2.0 HDMI x 2 USB 3.2 x 3 USB DisplayPort x [&hellip;]<\/p>\n","protected":false},"featured_media":15038,"comment_status":"open","ping_status":"closed","template":"","meta":[],"product_brand":[661],"product_cat":[611,65,584],"product_tag":[106],"class_list":{"0":"post-15039","1":"product","2":"type-product","3":"status-publish","4":"has-post-thumbnail","6":"product_brand-brandp_558","7":"product_cat-hub-usb","8":"product_cat-informatique-electronique","9":"product_cat-informatique-reseaux-et-composants","10":"product_tag-tag_1295","12":"first","13":"instock","14":"taxable","15":"shipping-taxable","16":"purchasable","17":"product-type-simple"},"_links":{"self":[{"href":"https:\/\/bigbuy.tupique.com\/en\/wp-json\/wp\/v2\/product\/15039","targetHints":{"allow":["GET"]}}],"collection":[{"href":"https:\/\/bigbuy.tupique.com\/en\/wp-json\/wp\/v2\/product"}],"about":[{"href":"https:\/\/bigbuy.tupique.com\/en\/wp-json\/wp\/v2\/types\/product"}],"replies":[{"embeddable":true,"href":"https:\/\/bigbuy.tupique.com\/en\/wp-json\/wp\/v2\/comments?post=15039"}],"wp:featuredmedia":[{"embeddable":true,"href":"https:\/\/bigbuy.tupique.com\/en\/wp-json\/wp\/v2\/media\/15038"}],"wp:attachment":[{"href":"https:\/\/bigbuy.tupique.com\/en\/wp-json\/wp\/v2\/media?parent=15039"}],"wp:term":[{"taxonomy":"product_brand","embeddable":true,"href":"https:\/\/bigbuy.tupique.com\/en\/wp-json\/wp\/v2\/product_brand?post=15039"},{"taxonomy":"product_cat","embeddable":true,"href":"https:\/\/bigbuy.tupique.com\/en\/wp-json\/wp\/v2\/product_cat?post=15039"},{"taxonomy":"product_tag","embeddable":true,"href":"https:\/\/bigbuy.tupique.com\/en\/wp-json\/wp\/v2\/product_tag?post=15039"}],"curies":[{"name":"wp","href":"https:\/\/api.w.org\/{rel}","templated":true}]}}