{"id":15002,"date":"2026-03-29T12:37:45","date_gmt":"2026-03-29T11:37:45","guid":{"rendered":"https:\/\/bigbuy.tupique.com\/produto\/replacement-head-hp-f9j81a\/"},"modified":"2026-04-15T00:12:26","modified_gmt":"2026-04-14T23:12:26","slug":"replacement-head-hp-f9j81a","status":"publish","type":"product","link":"https:\/\/bigbuy.tupique.com\/en\/produto\/replacement-head-hp-f9j81a\/","title":{"rendered":"T\u00eate de rechange HP F9J81A"},"content":{"rendered":"<p>Si vous \u00eates passionn\u00e9 d&#8217;<b>informatique et d&#8217;\u00e9lectronique<\/b>, si vous \u00eates \u00e0 la pointe de la technologie et qu&#8217;aucun d\u00e9tail ne vous \u00e9chappe, achetez <b>T\u00eate de rechange HP F9J81A<\/b> au meilleur prix.<\/p>\n<ul>\n<li>Type:\n<ul>\n<li>Rechange<\/li>\n<li>T\u00eate de rechange<\/li>\n<\/ul>\n<\/li>\n<li>Couleur:\n<ul>\n<li>Noir<\/li>\n<li>Cyan<\/li>\n<li>Magenta<\/li>\n<\/ul>\n<\/li>\n<li>Technologie: Injection d&#8217;encre<\/li>\n<li>Taille: A4<\/li>\n<li>Connectivit\u00e9: Bluetooth<\/li>\n<li>Pr\u00e9cision (humidit\u00e9 relative): 20 % &#8211; 80 %<\/li>\n<\/ul>","protected":false},"excerpt":{"rendered":"<p>Si vous \u00eates passionn\u00e9 d&#8217;informatique et d&#8217;\u00e9lectronique, si vous \u00eates \u00e0 la pointe de la technologie et qu&#8217;aucun d\u00e9tail ne vous \u00e9chappe, achetez T\u00eate de rechange HP F9J81A au meilleur prix. Type: Rechange T\u00eate de rechange Couleur: Noir Cyan Magenta Technologie: Injection d&#8217;encre Taille: A4 Connectivit\u00e9: Bluetooth Pr\u00e9cision (humidit\u00e9 relative): 20 % &#8211; 80 %<\/p>","protected":false},"featured_media":15001,"comment_status":"open","ping_status":"closed","template":"","meta":[],"product_brand":[630],"product_cat":[592,65,581],"product_tag":[213,106],"class_list":{"0":"post-15002","1":"product","2":"type-product","3":"status-publish","4":"has-post-thumbnail","6":"product_brand-brandp_909","7":"product_cat-imprimantes","8":"product_cat-informatique-electronique","9":"product_cat-informatique-peripheriques-et-consommables","10":"product_tag-tag_933","11":"product_tag-tag_1295","13":"first","14":"instock","15":"taxable","16":"shipping-taxable","17":"purchasable","18":"product-type-simple"},"_links":{"self":[{"href":"https:\/\/bigbuy.tupique.com\/en\/wp-json\/wp\/v2\/product\/15002","targetHints":{"allow":["GET"]}}],"collection":[{"href":"https:\/\/bigbuy.tupique.com\/en\/wp-json\/wp\/v2\/product"}],"about":[{"href":"https:\/\/bigbuy.tupique.com\/en\/wp-json\/wp\/v2\/types\/product"}],"replies":[{"embeddable":true,"href":"https:\/\/bigbuy.tupique.com\/en\/wp-json\/wp\/v2\/comments?post=15002"}],"wp:featuredmedia":[{"embeddable":true,"href":"https:\/\/bigbuy.tupique.com\/en\/wp-json\/wp\/v2\/media\/15001"}],"wp:attachment":[{"href":"https:\/\/bigbuy.tupique.com\/en\/wp-json\/wp\/v2\/media?parent=15002"}],"wp:term":[{"taxonomy":"product_brand","embeddable":true,"href":"https:\/\/bigbuy.tupique.com\/en\/wp-json\/wp\/v2\/product_brand?post=15002"},{"taxonomy":"product_cat","embeddable":true,"href":"https:\/\/bigbuy.tupique.com\/en\/wp-json\/wp\/v2\/product_cat?post=15002"},{"taxonomy":"product_tag","embeddable":true,"href":"https:\/\/bigbuy.tupique.com\/en\/wp-json\/wp\/v2\/product_tag?post=15002"}],"curies":[{"name":"wp","href":"https:\/\/api.w.org\/{rel}","templated":true}]}}