{"id":14980,"date":"2026-03-29T12:37:16","date_gmt":"2026-03-29T11:37:16","guid":{"rendered":"https:\/\/bigbuy.tupique.com\/produto\/projector-acer-mr-jtv11-001-4500-lm-wi-fi\/"},"modified":"2026-05-11T19:59:11","modified_gmt":"2026-05-11T17:59:11","slug":"projector-acer-mr-jtv11-001-4500-lm-wi-fi","status":"publish","type":"product","link":"https:\/\/bigbuy.tupique.com\/en\/produto\/projector-acer-mr-jtv11-001-4500-lm-wi-fi\/","title":{"rendered":"Projecteur Acer MR.JTV11.001 4500 Lm Wi-Fi"},"content":{"rendered":"<p>Si vous \u00eates passionn\u00e9 d&#8217;<b>informatique et d&#8217;\u00e9lectronique<\/b>, si vous \u00eates \u00e0 la pointe de la technologie et qu&#8217;aucun d\u00e9tail ne vous \u00e9chappe, achetez <b>Projecteur Acer MR.JTV11.001 4500 Lm Wi-Fi<\/b> au meilleur prix.<\/p>\n<ul>\n<li>Type de prise: Prise EU<\/li>\n<li>R\u00e9solution: SVGA<\/li>\n<li>Technologie: DLP<\/li>\n<li>Type:\n<ul>\n<li>Projecteur<\/li>\n<li>De toit<\/li>\n<\/ul>\n<\/li>\n<li>Couleur: Noir<\/li>\n<li>Connexions:\n<ul>\n<li>USB 2.0<\/li>\n<li>VGA<\/li>\n<li>PC Audio-in x 1<\/li>\n<\/ul>\n<\/li>\n<li>Ethernet: Non<\/li>\n<li>Pays \/ r\u00e9gion de fabrication: Espagne<\/li>\n<li>Rapport d&#8217;aspect: 4:3<\/li>\n<li>Format: 4:3<\/li>\n<li>Bloc d\u2019Alimentation: Cordon d&#8217;alimentation CA<\/li>\n<li>TV intelligente: Non<\/li>\n<li>Sortie audio: Oui<\/li>\n<li>Tension: 100 &#8211; 240 V<\/li>\n<li>puissance: 220 W<\/li>\n<li>R\u00e9cepteur: NTSC,PAL,SECAM<\/li>\n<li>Non inclut: Wi-Fi<\/li>\n<li>Flux lumineux: 4500 Lm<\/li>\n<li>\u00c9cran integr\u00e9: Non<\/li>\n<li>Full HD: Non<\/li>\n<li>Caract\u00e9ristiques: Haut-parleurs int\u00e9gr\u00e9s<\/li>\n<li>Rapport de contraste: 20000:1<\/li>\n<\/ul>","protected":false},"excerpt":{"rendered":"<p>Si vous \u00eates passionn\u00e9 d&#8217;informatique et d&#8217;\u00e9lectronique, si vous \u00eates \u00e0 la pointe de la technologie et qu&#8217;aucun d\u00e9tail ne vous \u00e9chappe, achetez Projecteur Acer MR.JTV11.001 4500 Lm Wi-Fi au meilleur prix. Type de prise: Prise EU R\u00e9solution: SVGA Technologie: DLP Type: Projecteur De toit Couleur: Noir Connexions: USB 2.0 VGA PC Audio-in x 1 [&hellip;]<\/p>\n","protected":false},"featured_media":14975,"comment_status":"open","ping_status":"closed","template":"","meta":[],"product_brand":[653],"product_cat":[65,581,583],"product_tag":[],"class_list":{"0":"post-14980","1":"product","2":"type-product","3":"status-publish","4":"has-post-thumbnail","6":"product_brand-brandp_529","7":"product_cat-informatique-electronique","8":"product_cat-informatique-peripheriques-et-consommables","9":"product_cat-projecteurs","11":"first","12":"instock","13":"taxable","14":"shipping-taxable","15":"purchasable","16":"product-type-simple"},"_links":{"self":[{"href":"https:\/\/bigbuy.tupique.com\/en\/wp-json\/wp\/v2\/product\/14980","targetHints":{"allow":["GET"]}}],"collection":[{"href":"https:\/\/bigbuy.tupique.com\/en\/wp-json\/wp\/v2\/product"}],"about":[{"href":"https:\/\/bigbuy.tupique.com\/en\/wp-json\/wp\/v2\/types\/product"}],"replies":[{"embeddable":true,"href":"https:\/\/bigbuy.tupique.com\/en\/wp-json\/wp\/v2\/comments?post=14980"}],"wp:featuredmedia":[{"embeddable":true,"href":"https:\/\/bigbuy.tupique.com\/en\/wp-json\/wp\/v2\/media\/14975"}],"wp:attachment":[{"href":"https:\/\/bigbuy.tupique.com\/en\/wp-json\/wp\/v2\/media?parent=14980"}],"wp:term":[{"taxonomy":"product_brand","embeddable":true,"href":"https:\/\/bigbuy.tupique.com\/en\/wp-json\/wp\/v2\/product_brand?post=14980"},{"taxonomy":"product_cat","embeddable":true,"href":"https:\/\/bigbuy.tupique.com\/en\/wp-json\/wp\/v2\/product_cat?post=14980"},{"taxonomy":"product_tag","embeddable":true,"href":"https:\/\/bigbuy.tupique.com\/en\/wp-json\/wp\/v2\/product_tag?post=14980"}],"curies":[{"name":"wp","href":"https:\/\/api.w.org\/{rel}","templated":true}]}}