{"id":14910,"date":"2026-03-29T12:24:32","date_gmt":"2026-03-29T11:24:32","guid":{"rendered":"https:\/\/bigbuy.tupique.com\/produto\/switch-trendnet-teg-s708\/"},"modified":"2026-05-11T19:59:15","modified_gmt":"2026-05-11T17:59:15","slug":"switch-trendnet-teg-s708","status":"publish","type":"product","link":"https:\/\/bigbuy.tupique.com\/en\/produto\/switch-trendnet-teg-s708\/","title":{"rendered":"Switch Trendnet TEG-S708"},"content":{"rendered":"<p>Si vous \u00eates passionn\u00e9 d&#8217;<b>informatique et d&#8217;\u00e9lectronique<\/b>, si vous \u00eates \u00e0 la pointe de la technologie et qu&#8217;aucun d\u00e9tail ne vous \u00e9chappe, achetez <b>Switch Trendnet TEG-S708<\/b> au meilleur prix.<\/p>\n<p>Le <b>switch<\/b> <b>TEG-S708<\/b> de Trendnet est un appareil <b>non g\u00e9r\u00e9 Multi-Gigabit<\/b> con\u00e7u pour offrir des connexions r\u00e9seau \u00e0 haute vitesse avec <b>8 ports RJ45 d\u00e9di\u00e9s \u00e0 10G<\/b>, id\u00e9al pour les environnements n\u00e9cessitant des performances avanc\u00e9es et stables. Ce switch offre une capacit\u00e9 de commutation de <b>160 Gbps<\/b>, permettant de g\u00e9rer d\u2019importants volumes de trafic efficacement et supportant des connexions jusqu\u2019\u00e0 10 gigabits par seconde, ce qui le rend adapt\u00e9 aux infrastructures exigeant des d\u00e9bits \u00e9lev\u00e9s, comme les serveurs, centres de donn\u00e9es ou r\u00e9seaux d\u2019entreprise. De plus, il pr\u00e9sente une construction robuste avec un <b>bo\u00eetier m\u00e9tallique<\/b> con\u00e7u pour montage en rack, am\u00e9liorant la durabilit\u00e9 et la dissipation thermique, tandis que ses \u00e9l\u00e9ments en <b>plastique noir<\/b> facilitent une int\u00e9gration esth\u00e9tique dans les environnements professionnels. Son design compact et type switch d\u2019armoire le rend id\u00e9al pour les installations n\u00e9cessitant une optimisation de l\u2019espace sans sacrifier la capacit\u00e9 ni les performances. La simplicit\u00e9 de sa configuration non g\u00e9r\u00e9e facilite son installation et son utilisation, sans n\u00e9cessiter de connaissances avanc\u00e9es, constituant une solution \u00e9conomique et fiable pour \u00e9tendre l\u2019infrastructure r\u00e9seau avec des technologies \u00e0 large bande passante. En r\u00e9sum\u00e9, le Trendnet TEG-S708 se positionne comme une option pratique et efficace pour les environnements technologiques qui ont besoin d\u2019un <b>switch 10G robuste et facile \u00e0 d\u00e9ployer<\/b>.<\/p>\n<ul>\n<li>Type:\n<ul>\n<li>Commutateur R\u00e9seau Armoire<\/li>\n<li>Switch<\/li>\n<\/ul>\n<\/li>\n<li>Couleur: Noir<\/li>\n<li>Produit \u00e0 brancher: Oui<\/li>\n<li>Type de prise: Prise EU<\/li>\n<li>Bloc d\u2019Alimentation: r\u00e9seau \u00e9lectrique<\/li>\n<li>Connexions: RJ45<\/li>\n<li>Mati\u00e8re:\n<ul>\n<li>M\u00e9tal<\/li>\n<li>Plastique<\/li>\n<\/ul>\n<\/li>\n<li>Caract\u00e9ristiques: Interrupteur marche\/arr\u00eat<\/li>\n<li>Ports: 8<\/li>\n<li>puissance: 9,5 W<\/li>\n<\/ul>","protected":false},"excerpt":{"rendered":"<p>Si vous \u00eates passionn\u00e9 d&#8217;informatique et d&#8217;\u00e9lectronique, si vous \u00eates \u00e0 la pointe de la technologie et qu&#8217;aucun d\u00e9tail ne vous \u00e9chappe, achetez Switch Trendnet TEG-S708 au meilleur prix. Le switch TEG-S708 de Trendnet est un appareil non g\u00e9r\u00e9 Multi-Gigabit con\u00e7u pour offrir des connexions r\u00e9seau \u00e0 haute vitesse avec 8 ports RJ45 d\u00e9di\u00e9s \u00e0 [&hellip;]<\/p>\n","protected":false},"featured_media":14907,"comment_status":"open","ping_status":"closed","template":"","meta":[],"product_brand":[635],"product_cat":[65,584,585],"product_tag":[106],"class_list":{"0":"post-14910","1":"product","2":"type-product","3":"status-publish","4":"has-post-thumbnail","6":"product_brand-brandp_4777","7":"product_cat-informatique-electronique","8":"product_cat-informatique-reseaux-et-composants","9":"product_cat-switch","10":"product_tag-tag_1295","12":"first","13":"instock","14":"taxable","15":"shipping-taxable","16":"purchasable","17":"product-type-simple"},"_links":{"self":[{"href":"https:\/\/bigbuy.tupique.com\/en\/wp-json\/wp\/v2\/product\/14910","targetHints":{"allow":["GET"]}}],"collection":[{"href":"https:\/\/bigbuy.tupique.com\/en\/wp-json\/wp\/v2\/product"}],"about":[{"href":"https:\/\/bigbuy.tupique.com\/en\/wp-json\/wp\/v2\/types\/product"}],"replies":[{"embeddable":true,"href":"https:\/\/bigbuy.tupique.com\/en\/wp-json\/wp\/v2\/comments?post=14910"}],"wp:featuredmedia":[{"embeddable":true,"href":"https:\/\/bigbuy.tupique.com\/en\/wp-json\/wp\/v2\/media\/14907"}],"wp:attachment":[{"href":"https:\/\/bigbuy.tupique.com\/en\/wp-json\/wp\/v2\/media?parent=14910"}],"wp:term":[{"taxonomy":"product_brand","embeddable":true,"href":"https:\/\/bigbuy.tupique.com\/en\/wp-json\/wp\/v2\/product_brand?post=14910"},{"taxonomy":"product_cat","embeddable":true,"href":"https:\/\/bigbuy.tupique.com\/en\/wp-json\/wp\/v2\/product_cat?post=14910"},{"taxonomy":"product_tag","embeddable":true,"href":"https:\/\/bigbuy.tupique.com\/en\/wp-json\/wp\/v2\/product_tag?post=14910"}],"curies":[{"name":"wp","href":"https:\/\/api.w.org\/{rel}","templated":true}]}}