{"id":148857,"date":"2026-04-08T18:33:32","date_gmt":"2026-04-08T17:33:32","guid":{"rendered":"https:\/\/bigbuy.tupique.com\/produto\/hard-drive-samsung-mz-vap1t0bw-1-tb-ssd\/"},"modified":"2026-04-16T13:59:47","modified_gmt":"2026-04-16T12:59:47","slug":"hard-drive-samsung-mz-vap1t0bw-1-tb-ssd","status":"publish","type":"product","link":"https:\/\/bigbuy.tupique.com\/en\/produto\/hard-drive-samsung-mz-vap1t0bw-1-tb-ssd\/","title":{"rendered":"Disque dur Samsung MZ-VAP1T0BW 1 TB SSD"},"content":{"rendered":"<p>Si vous \u00eates passionn\u00e9 d&#8217;<b>informatique et d&#8217;\u00e9lectronique<\/b>, si vous \u00eates \u00e0 la pointe de la technologie et qu&#8217;aucun d\u00e9tail ne vous \u00e9chappe, achetez <b>Disque dur Samsung MZ-VAP1T0BW 1 TB SSD<\/b> au meilleur prix.<\/p>\n<p>Le <b>disque dur SSD<\/b> interne <b>Samsung MZ-VAP1T0BW 9100 PRO<\/b> est con\u00e7u pour offrir des performances tr\u00e8s \u00e9lev\u00e9es sur les PC de bureau et ordinateurs portables compatibles gr\u00e2ce \u00e0 son format <b>M.2 NVMe<\/b> et \u00e0 son interface <b>PCI Express 5.0 x4<\/b>, r\u00e9trocompatible avec le <b>PCIe 4.0<\/b> pour une int\u00e9gration flexible sur diff\u00e9rentes plateformes. Avec une <b>capacit\u00e9 de 1 To SSD<\/b>, il offre suffisamment d\u2019espace pour le syst\u00e8me d\u2019exploitation, les applications exigeantes et les biblioth\u00e8ques de donn\u00e9es, tout en r\u00e9duisant les temps de chargement par rapport aux disques durs classiques. Sa technologie NVMe permet d\u2019atteindre des <b>vitesses de lecture jusqu\u2019\u00e0 14 800 Mo\/s<\/b>, assurant un acc\u00e8s ultra\u2011rapide aux fichiers volumineux, id\u00e9al pour le montage vid\u00e9o, la cr\u00e9ation de contenu, les jeux de derni\u00e8re g\u00e9n\u00e9ration ou le travail avec de grandes bases de donn\u00e9es. Il int\u00e8gre un <b>chiffrement AES 256 bits<\/b> qui aide \u00e0 prot\u00e9ger les donn\u00e9es stock\u00e9es au niveau mat\u00e9riel, adapt\u00e9 aux environnements professionnels ou aux utilisateurs manipulant des informations sensibles. Son format compact M.2 et sa faible consommation en <b>3,3 V<\/b> facilitent l\u2019installation dans tout type de <b>PC et notebook<\/b>, tandis que la plage de fonctionnement de <b>0 \u00baC \u00e0 70 \u00baC<\/b> correspond aux conditions d\u2019utilisation habituelles des syst\u00e8mes modernes. Sa finition <b>noire<\/b> permet une int\u00e9gration visuelle discr\u00e8te sur les cartes m\u00e8res et dans les bo\u00eetiers avec fen\u00eatre. Ce SSD interne Samsung 9100 PRO se pr\u00e9sente comme une solution de stockage haute performance au format compact pour les configurations actuelles qui exigent une grande vitesse et une fiabilit\u00e9 \u00e9lev\u00e9e.<\/p>\n<ul>\n<li>Dimensions approx.: 8 x 2,2 x 0,22 cm<\/li>\n<li>Utilisation recommand\u00e9e: PC de bureau<\/li>\n<li>Poids approx.: 9 g<\/li>\n<li>Largeur:\n<ul>\n<li>8 cm<\/li>\n<li>80,2 mm<\/li>\n<\/ul>\n<\/li>\n<li>\u00c9lev\u00e9: 2.2 cm<\/li>\n<li>Type de m\u00e9moire: V-NAND TLC<\/li>\n<li>Disque dur: 1 TB SSD<\/li>\n<li>Type: SSD<\/li>\n<li>Connexions:\n<ul>\n<li>PCIe<\/li>\n<li>M.2 2280<\/li>\n<li>M.2<\/li>\n<li>PCI Express 4.0<\/li>\n<li>PCI Express 5.0<\/li>\n<\/ul>\n<\/li>\n<li>Couleur: Noir<\/li>\n<li>Compatible:\n<ul>\n<li>SSD NVMe<\/li>\n<li>PC\/Notebook<\/li>\n<\/ul>\n<\/li>\n<li>S\u00e9curit\u00e9: AES 256-bits<\/li>\n<li>Plage de temp\u00e9ratures de travail: 0\u00ba \/ 70\u00ba<\/li>\n<li>Tension: 3,3 V<\/li>\n<li>Type de stockage: SSD<\/li>\n<\/ul>","protected":false},"excerpt":{"rendered":"<p>Si vous \u00eates passionn\u00e9 d&#8217;informatique et d&#8217;\u00e9lectronique, si vous \u00eates \u00e0 la pointe de la technologie et qu&#8217;aucun d\u00e9tail ne vous \u00e9chappe, achetez Disque dur Samsung MZ-VAP1T0BW 1 TB SSD au meilleur prix. Le disque dur SSD interne Samsung MZ-VAP1T0BW 9100 PRO est con\u00e7u pour offrir des performances tr\u00e8s \u00e9lev\u00e9es sur les PC de bureau [&hellip;]<\/p>\n","protected":false},"featured_media":149734,"comment_status":"open","ping_status":"closed","template":"","meta":[],"product_brand":[183],"product_cat":[588,65,584],"product_tag":[106],"class_list":{"0":"post-148857","1":"product","2":"type-product","3":"status-publish","4":"has-post-thumbnail","6":"product_brand-brandp_576","7":"product_cat-disques-durs","8":"product_cat-informatique-electronique","9":"product_cat-informatique-reseaux-et-composants","10":"product_tag-tag_1295","12":"first","13":"instock","14":"taxable","15":"shipping-taxable","16":"purchasable","17":"product-type-simple"},"_links":{"self":[{"href":"https:\/\/bigbuy.tupique.com\/en\/wp-json\/wp\/v2\/product\/148857","targetHints":{"allow":["GET"]}}],"collection":[{"href":"https:\/\/bigbuy.tupique.com\/en\/wp-json\/wp\/v2\/product"}],"about":[{"href":"https:\/\/bigbuy.tupique.com\/en\/wp-json\/wp\/v2\/types\/product"}],"replies":[{"embeddable":true,"href":"https:\/\/bigbuy.tupique.com\/en\/wp-json\/wp\/v2\/comments?post=148857"}],"wp:featuredmedia":[{"embeddable":true,"href":"https:\/\/bigbuy.tupique.com\/en\/wp-json\/wp\/v2\/media\/149734"}],"wp:attachment":[{"href":"https:\/\/bigbuy.tupique.com\/en\/wp-json\/wp\/v2\/media?parent=148857"}],"wp:term":[{"taxonomy":"product_brand","embeddable":true,"href":"https:\/\/bigbuy.tupique.com\/en\/wp-json\/wp\/v2\/product_brand?post=148857"},{"taxonomy":"product_cat","embeddable":true,"href":"https:\/\/bigbuy.tupique.com\/en\/wp-json\/wp\/v2\/product_cat?post=148857"},{"taxonomy":"product_tag","embeddable":true,"href":"https:\/\/bigbuy.tupique.com\/en\/wp-json\/wp\/v2\/product_tag?post=148857"}],"curies":[{"name":"wp","href":"https:\/\/api.w.org\/{rel}","templated":true}]}}