{"id":14879,"date":"2026-03-29T12:23:50","date_gmt":"2026-03-29T11:23:50","guid":{"rendered":"https:\/\/bigbuy.tupique.com\/produto\/headphones-gn-audio-volve2-75-link380a-black\/"},"modified":"2026-04-16T08:20:51","modified_gmt":"2026-04-16T07:20:51","slug":"headphones-gn-audio-volve2-75-link380a-black","status":"publish","type":"product","link":"https:\/\/bigbuy.tupique.com\/en\/produto\/headphones-gn-audio-volve2-75-link380a-black\/","title":{"rendered":"Casque GN Audio VOLVE2 75 LINK380A Noir"},"content":{"rendered":"<p>Si vous \u00eates passionn\u00e9 d&#8217;<b>informatique et d&#8217;\u00e9lectronique<\/b>, si vous \u00eates \u00e0 la pointe de la technologie et qu&#8217;aucun d\u00e9tail ne vous \u00e9chappe, achetez <b>Casque GN Audio VOLVE2 75 LINK380A Noir<\/b> au meilleur prix.<\/p>\n<ul>\n<li>Couleur: Noir<\/li>\n<li>Type:\n<ul>\n<li>Casques avec Microphone<\/li>\n<li>Casque<\/li>\n<li>Sans fil<\/li>\n<li>Intra-auriculaires<\/li>\n<\/ul>\n<\/li>\n<li>Connexions:\n<ul>\n<li>USB-C<\/li>\n<li>USB<\/li>\n<\/ul>\n<\/li>\n<li>Caract\u00e9ristiques:\n<ul>\n<li>Sans fil<\/li>\n<li>Annulation de bruit<\/li>\n<li>Batterie int\u00e9gr\u00e9e<\/li>\n<li>R\u00e9duction du bruit<\/li>\n<li>Interrupteur marche\/arr\u00eat<\/li>\n<li>T\u00e9moin LED<\/li>\n<li>Guide d&#8217;installation inclus<\/li>\n<li>LED indicateur de chargement<\/li>\n<li>Guide vocal<\/li>\n<\/ul>\n<\/li>\n<li>Autonomie approx.: 24 heures<\/li>\n<li>Type de batterie:\n<ul>\n<li>Litio Ion<\/li>\n<li>Batterie au lithium rechargeable<\/li>\n<\/ul>\n<\/li>\n<li>Connectivit\u00e9:\n<ul>\n<li>Bluetooth<\/li>\n<li>Sans fil<\/li>\n<li>Bluetooth 5.2<\/li>\n<\/ul>\n<\/li>\n<li>Port\u00e9e: 30 m<\/li>\n<li>Utilisation recommand\u00e9e: Oficina\/Centro de llamadas<\/li>\n<li>Mati\u00e8re: Plastique<\/li>\n<li>Contr\u00f4le: Boutons<\/li>\n<li>\u00c2ge recommand\u00e9: Adultes<\/li>\n<li>Casque: Binaural<\/li>\n<li>Ann\u00e9e: 2021<\/li>\n<li>Inclut: Housse de transport<\/li>\n<\/ul>","protected":false},"excerpt":{"rendered":"<p>Si vous \u00eates passionn\u00e9 d&#8217;informatique et d&#8217;\u00e9lectronique, si vous \u00eates \u00e0 la pointe de la technologie et qu&#8217;aucun d\u00e9tail ne vous \u00e9chappe, achetez Casque GN Audio VOLVE2 75 LINK380A Noir au meilleur prix. Couleur: Noir Type: Casques avec Microphone Casque Sans fil Intra-auriculaires Connexions: USB-C USB Caract\u00e9ristiques: Sans fil Annulation de bruit Batterie int\u00e9gr\u00e9e R\u00e9duction [&hellip;]<\/p>\n","protected":false},"featured_media":14877,"comment_status":"open","ping_status":"closed","template":"","meta":[],"product_brand":[663],"product_cat":[65,581,594],"product_tag":[213,566,106],"class_list":{"0":"post-14879","1":"product","2":"type-product","3":"status-publish","4":"has-post-thumbnail","6":"product_brand-brandp_4843","7":"product_cat-informatique-electronique","8":"product_cat-informatique-peripheriques-et-consommables","9":"product_cat-micros-et-ecouteurs","10":"product_tag-tag_933","11":"product_tag-tag_547","12":"product_tag-tag_1295","14":"first","15":"instock","16":"taxable","17":"shipping-taxable","18":"purchasable","19":"product-type-simple"},"_links":{"self":[{"href":"https:\/\/bigbuy.tupique.com\/en\/wp-json\/wp\/v2\/product\/14879","targetHints":{"allow":["GET"]}}],"collection":[{"href":"https:\/\/bigbuy.tupique.com\/en\/wp-json\/wp\/v2\/product"}],"about":[{"href":"https:\/\/bigbuy.tupique.com\/en\/wp-json\/wp\/v2\/types\/product"}],"replies":[{"embeddable":true,"href":"https:\/\/bigbuy.tupique.com\/en\/wp-json\/wp\/v2\/comments?post=14879"}],"wp:featuredmedia":[{"embeddable":true,"href":"https:\/\/bigbuy.tupique.com\/en\/wp-json\/wp\/v2\/media\/14877"}],"wp:attachment":[{"href":"https:\/\/bigbuy.tupique.com\/en\/wp-json\/wp\/v2\/media?parent=14879"}],"wp:term":[{"taxonomy":"product_brand","embeddable":true,"href":"https:\/\/bigbuy.tupique.com\/en\/wp-json\/wp\/v2\/product_brand?post=14879"},{"taxonomy":"product_cat","embeddable":true,"href":"https:\/\/bigbuy.tupique.com\/en\/wp-json\/wp\/v2\/product_cat?post=14879"},{"taxonomy":"product_tag","embeddable":true,"href":"https:\/\/bigbuy.tupique.com\/en\/wp-json\/wp\/v2\/product_tag?post=14879"}],"curies":[{"name":"wp","href":"https:\/\/api.w.org\/{rel}","templated":true}]}}