{"id":14876,"date":"2026-03-29T12:23:47","date_gmt":"2026-03-29T11:23:47","guid":{"rendered":"https:\/\/bigbuy.tupique.com\/produto\/access-point-cisco-c9115axi-e-bluetooth-5-ghz-white-grey\/"},"modified":"2026-04-16T09:05:55","modified_gmt":"2026-04-16T08:05:55","slug":"access-point-cisco-c9115axi-e-bluetooth-5-ghz-white-grey","status":"publish","type":"product","link":"https:\/\/bigbuy.tupique.com\/en\/produto\/access-point-cisco-c9115axi-e-bluetooth-5-ghz-white-grey\/","title":{"rendered":"Point d&#8217;Acc\u00e8s CISCO C9115AXI-E Bluetooth 5 GHz Blanc Gris"},"content":{"rendered":"<p>Si vous \u00eates passionn\u00e9 d&#8217;<b>informatique et d&#8217;\u00e9lectronique<\/b>, si vous \u00eates \u00e0 la pointe de la technologie et qu&#8217;aucun d\u00e9tail ne vous \u00e9chappe, achetez <b>Point d&#8217;Acc\u00e8s CISCO C9115AXI-E Bluetooth 5 GHz Blanc Gris<\/b> au meilleur prix.<\/p>\n<ul>\n<li>Couleur:\n<ul>\n<li>Blanc<\/li>\n<li>Gris<\/li>\n<\/ul>\n<\/li>\n<li>Type:\n<ul>\n<li>Acc\u00e8s \u00e0 distance<\/li>\n<li>Point d&#8217;Acc\u00e8s<\/li>\n<\/ul>\n<\/li>\n<li>Produit \u00e0 brancher: Oui<\/li>\n<li>Type de prise: Prise EU<\/li>\n<li>Bloc d\u2019Alimentation: r\u00e9seau \u00e9lectrique<\/li>\n<li>Connexions:\n<ul>\n<li>USB 2.0<\/li>\n<li>RJ45<\/li>\n<li>PoE x 1<\/li>\n<\/ul>\n<\/li>\n<li>M\u00e9moire Flash: 1024 Mb<\/li>\n<li>Caract\u00e9ristiques: T\u00e9moin LED<\/li>\n<li>Connectivit\u00e9: Bluetooth<\/li>\n<li>Syst\u00e8me d&#8217;exploitation: Cisco IOS<\/li>\n<li>Fr\u00e9quence:\n<ul>\n<li>2,4GHz<\/li>\n<li>5 GHz<\/li>\n<li>2,4 GHz<\/li>\n<\/ul>\n<\/li>\n<li>Contr\u00f4le: App<\/li>\n<li>Plage d&#8217;humidit\u00e9 de travail: 10 % &#8211; 90 %<\/li>\n<li>M\u00e9moire RAM: 2 GB<\/li>\n<\/ul>","protected":false},"excerpt":{"rendered":"<p>Si vous \u00eates passionn\u00e9 d&#8217;informatique et d&#8217;\u00e9lectronique, si vous \u00eates \u00e0 la pointe de la technologie et qu&#8217;aucun d\u00e9tail ne vous \u00e9chappe, achetez Point d&#8217;Acc\u00e8s CISCO C9115AXI-E Bluetooth 5 GHz Blanc Gris au meilleur prix. Couleur: Blanc Gris Type: Acc\u00e8s \u00e0 distance Point d&#8217;Acc\u00e8s Produit \u00e0 brancher: Oui Type de prise: Prise EU Bloc d\u2019Alimentation: [&hellip;]<\/p>\n","protected":false},"featured_media":14875,"comment_status":"open","ping_status":"closed","template":"","meta":[],"product_brand":[656],"product_cat":[65,584,591],"product_tag":[106],"class_list":{"0":"post-14876","1":"product","2":"type-product","3":"status-publish","4":"has-post-thumbnail","6":"product_brand-brandp_1036","7":"product_cat-informatique-electronique","8":"product_cat-informatique-reseaux-et-composants","9":"product_cat-points-d-acces","10":"product_tag-tag_1295","12":"first","13":"instock","14":"taxable","15":"shipping-taxable","16":"purchasable","17":"product-type-simple"},"_links":{"self":[{"href":"https:\/\/bigbuy.tupique.com\/en\/wp-json\/wp\/v2\/product\/14876","targetHints":{"allow":["GET"]}}],"collection":[{"href":"https:\/\/bigbuy.tupique.com\/en\/wp-json\/wp\/v2\/product"}],"about":[{"href":"https:\/\/bigbuy.tupique.com\/en\/wp-json\/wp\/v2\/types\/product"}],"replies":[{"embeddable":true,"href":"https:\/\/bigbuy.tupique.com\/en\/wp-json\/wp\/v2\/comments?post=14876"}],"wp:featuredmedia":[{"embeddable":true,"href":"https:\/\/bigbuy.tupique.com\/en\/wp-json\/wp\/v2\/media\/14875"}],"wp:attachment":[{"href":"https:\/\/bigbuy.tupique.com\/en\/wp-json\/wp\/v2\/media?parent=14876"}],"wp:term":[{"taxonomy":"product_brand","embeddable":true,"href":"https:\/\/bigbuy.tupique.com\/en\/wp-json\/wp\/v2\/product_brand?post=14876"},{"taxonomy":"product_cat","embeddable":true,"href":"https:\/\/bigbuy.tupique.com\/en\/wp-json\/wp\/v2\/product_cat?post=14876"},{"taxonomy":"product_tag","embeddable":true,"href":"https:\/\/bigbuy.tupique.com\/en\/wp-json\/wp\/v2\/product_tag?post=14876"}],"curies":[{"name":"wp","href":"https:\/\/api.w.org\/{rel}","templated":true}]}}