{"id":148753,"date":"2026-04-08T18:29:00","date_gmt":"2026-04-08T17:29:00","guid":{"rendered":"https:\/\/bigbuy.tupique.com\/produto\/hard-drive-samsung-mz-vap2t0bw-2-tb-ssd\/"},"modified":"2026-04-15T08:50:56","modified_gmt":"2026-04-15T07:50:56","slug":"hard-drive-samsung-mz-vap2t0bw-2-tb-ssd","status":"publish","type":"product","link":"https:\/\/bigbuy.tupique.com\/en\/produto\/hard-drive-samsung-mz-vap2t0bw-2-tb-ssd\/","title":{"rendered":"Disque dur Samsung MZ-VAP2T0BW 2 TB SSD"},"content":{"rendered":"<p>Si vous \u00eates passionn\u00e9 d&#8217;<b>informatique et d&#8217;\u00e9lectronique<\/b>, si vous \u00eates \u00e0 la pointe de la technologie et qu&#8217;aucun d\u00e9tail ne vous \u00e9chappe, achetez <b>Disque dur Samsung MZ-VAP2T0BW 2 TB SSD<\/b> au meilleur prix.<\/p>\n<p>Le <b>disque dur SSD<\/b> interne <b>Samsung MZ-VAP2T0BW 990 PRO<\/b> est con\u00e7u pour les ordinateurs haute performance qui exigent une grande vitesse et une fiabilit\u00e9 \u00e9lev\u00e9e dans un format compact. Il offre une <b>capacit\u00e9 de 2 To SSD<\/b>, id\u00e9ale pour les syst\u00e8mes d\u2019exploitation, les applications exigeantes, les jeux et de gros volumes de donn\u00e9es, en utilisant une m\u00e9moire \u00e0 semi-conducteurs pour r\u00e9duire les temps de chargement et am\u00e9liorer la r\u00e9activit\u00e9 globale du syst\u00e8me par rapport aux disques durs classiques. Son interface <b>M.2 NVMe<\/b> et la compatibilit\u00e9 avec <b>PCI Express 4.0<\/b> et <b>PCI Express 5.0<\/b> permettent de tirer pleinement parti des cartes m\u00e8res et ordinateurs portables modernes, avec une bande passante bien sup\u00e9rieure \u00e0 celle des SSD SATA classiques. Il est optimis\u00e9 pour une utilisation sur <b>PC et ordinateurs portables<\/b>, fonctionnant \u00e0 une tension de <b>3,3 V<\/b> et dans une plage thermique standard de <b>0 \u00b0C \u00e0 70 \u00b0C<\/b>, ce qui facilite son int\u00e9gration dans les PC de bureau compacts et les configurations gaming ou professionnelles. Il int\u00e8gre un chiffrement mat\u00e9riel <b>AES 256 bits<\/b>, caract\u00e9ristique cl\u00e9 pour prot\u00e9ger les donn\u00e9es sensibles en environnement professionnel ou pour un usage personnel avanc\u00e9, en r\u00e9duisant l\u2019impact sur les performances par rapport au chiffrement logiciel. Le format <b>M.2<\/b> et sa finition de couleur <b>noire<\/b> contribuent \u00e0 une installation propre et ordonn\u00e9e dans les bo\u00eetiers au design soign\u00e9, tout en assurant une excellente gestion de l\u2019espace interne. Gr\u00e2ce \u00e0 sa combinaison de grande capacit\u00e9, de format M.2 NVMe et de prise en charge des PCIe de nouvelle g\u00e9n\u00e9ration, ce SSD interne Samsung s\u2019impose comme une solution fiable pour mettre \u00e0 niveau ou assembler des syst\u00e8mes rapides, stables et pr\u00eats pour des charges de travail intensives.<\/p>\n<ul>\n<li>Dimensions approx.:\n<ul>\n<li>8 x 2,2 x 0,22 cm<\/li>\n<li>10 x 2 x 15 cm<\/li>\n<\/ul>\n<\/li>\n<li>Type: SSD<\/li>\n<li>Utilisation recommand\u00e9e: PC de bureau<\/li>\n<li>Poids approx.: 9 g<\/li>\n<li>Largeur:\n<ul>\n<li>8 cm<\/li>\n<li>80,2 mm<\/li>\n<\/ul>\n<\/li>\n<li>Connexions:\n<ul>\n<li>PCIe<\/li>\n<li>M.2 2280<\/li>\n<li>PCI Express<\/li>\n<li>PCI Express x4<\/li>\n<li>M.2<\/li>\n<li>PCI Express 4.0<\/li>\n<li>PCI Express 5.0<\/li>\n<\/ul>\n<\/li>\n<li>\u00c9lev\u00e9: 2.2 cm<\/li>\n<li>Type de m\u00e9moire: V-NAND TLC<\/li>\n<li>Disque dur: 2 TB SSD<\/li>\n<li>Couleur: Noir<\/li>\n<li>Compatible:\n<ul>\n<li>SSD NVMe<\/li>\n<li>PC\/Notebook<\/li>\n<\/ul>\n<\/li>\n<li>S\u00e9curit\u00e9: AES 256-bits<\/li>\n<li>Plage de temp\u00e9ratures de travail: 0\u00ba \/ 70\u00ba<\/li>\n<li>Tension: 3,3 V<\/li>\n<li>Type de stockage: SSD<\/li>\n<\/ul>","protected":false},"excerpt":{"rendered":"<p>Si vous \u00eates passionn\u00e9 d&#8217;informatique et d&#8217;\u00e9lectronique, si vous \u00eates \u00e0 la pointe de la technologie et qu&#8217;aucun d\u00e9tail ne vous \u00e9chappe, achetez Disque dur Samsung MZ-VAP2T0BW 2 TB SSD au meilleur prix. Le disque dur SSD interne Samsung MZ-VAP2T0BW 990 PRO est con\u00e7u pour les ordinateurs haute performance qui exigent une grande vitesse et [&hellip;]<\/p>\n","protected":false},"featured_media":149777,"comment_status":"open","ping_status":"closed","template":"","meta":[],"product_brand":[183],"product_cat":[588,65,584],"product_tag":[106],"class_list":{"0":"post-148753","1":"product","2":"type-product","3":"status-publish","4":"has-post-thumbnail","6":"product_brand-brandp_576","7":"product_cat-disques-durs","8":"product_cat-informatique-electronique","9":"product_cat-informatique-reseaux-et-composants","10":"product_tag-tag_1295","12":"first","13":"instock","14":"taxable","15":"shipping-taxable","16":"purchasable","17":"product-type-simple"},"_links":{"self":[{"href":"https:\/\/bigbuy.tupique.com\/en\/wp-json\/wp\/v2\/product\/148753","targetHints":{"allow":["GET"]}}],"collection":[{"href":"https:\/\/bigbuy.tupique.com\/en\/wp-json\/wp\/v2\/product"}],"about":[{"href":"https:\/\/bigbuy.tupique.com\/en\/wp-json\/wp\/v2\/types\/product"}],"replies":[{"embeddable":true,"href":"https:\/\/bigbuy.tupique.com\/en\/wp-json\/wp\/v2\/comments?post=148753"}],"wp:featuredmedia":[{"embeddable":true,"href":"https:\/\/bigbuy.tupique.com\/en\/wp-json\/wp\/v2\/media\/149777"}],"wp:attachment":[{"href":"https:\/\/bigbuy.tupique.com\/en\/wp-json\/wp\/v2\/media?parent=148753"}],"wp:term":[{"taxonomy":"product_brand","embeddable":true,"href":"https:\/\/bigbuy.tupique.com\/en\/wp-json\/wp\/v2\/product_brand?post=148753"},{"taxonomy":"product_cat","embeddable":true,"href":"https:\/\/bigbuy.tupique.com\/en\/wp-json\/wp\/v2\/product_cat?post=148753"},{"taxonomy":"product_tag","embeddable":true,"href":"https:\/\/bigbuy.tupique.com\/en\/wp-json\/wp\/v2\/product_tag?post=148753"}],"curies":[{"name":"wp","href":"https:\/\/api.w.org\/{rel}","templated":true}]}}