{"id":148658,"date":"2026-04-08T18:17:22","date_gmt":"2026-04-08T17:17:22","guid":{"rendered":"https:\/\/bigbuy.tupique.com\/produto\/multimode-sfp-fibre-module-d-link-dem-310gt-10-10-units\/"},"modified":"2026-04-15T08:51:02","modified_gmt":"2026-04-15T07:51:02","slug":"multimode-sfp-fibre-module-d-link-dem-310gt-10-10-units","status":"publish","type":"product","link":"https:\/\/bigbuy.tupique.com\/en\/produto\/multimode-sfp-fibre-module-d-link-dem-310gt-10-10-units\/","title":{"rendered":"Module SFP \u00e0 fibre optique multimode D-Link DEM-310GT\/10 10 Unit\u00e9s"},"content":{"rendered":"<p>Si vous \u00eates passionn\u00e9 d&#8217;<b>informatique et d&#8217;\u00e9lectronique<\/b>, si vous \u00eates \u00e0 la pointe de la technologie et qu&#8217;aucun d\u00e9tail ne vous \u00e9chappe, achetez <b>Module SFP \u00e0 fibre optique multimode D-Link DEM-310GT\/10 10 Unit\u00e9s<\/b> au meilleur prix.<\/p>\n<ul>\n<li>Type: Module SFP+ \u00e0 fibre optique multimode<\/li>\n<li>Couleur:\n<ul>\n<li>Noir<\/li>\n<li>Acier<\/li>\n<\/ul>\n<\/li>\n<li>Connexions:\n<ul>\n<li>SFP<\/li>\n<li>LC<\/li>\n<\/ul>\n<\/li>\n<li>vitesse: 1000 Mbit\/s<\/li>\n<li>Port\u00e9e: 10 km<\/li>\n<li>Tension d&#8217;entr\u00e9e AC: 3.3 V<\/li>\n<li>Longueur d&#8217;onde: 1310 nm<\/li>\n<li>Plage d&#8217;humidit\u00e9 de travail: 10 % &#8211; 90 %<\/li>\n<li>Compatible: Hot-Plug<\/li>\n<li>Tension: 3,3 V<\/li>\n<li>Unit\u00e9s: 10 Unit\u00e9s<\/li>\n<\/ul>","protected":false},"excerpt":{"rendered":"<p><span class=\"unit-info\">28.0990 &euro; \/ 1 unit<\/span><\/p>","protected":false},"featured_media":148655,"comment_status":"open","ping_status":"closed","template":"","meta":[],"product_brand":[640],"product_cat":[65,584,597],"product_tag":[106],"class_list":{"0":"post-148658","1":"product","2":"type-product","3":"status-publish","4":"has-post-thumbnail","6":"product_brand-brandp_543","7":"product_cat-informatique-electronique","8":"product_cat-informatique-reseaux-et-composants","9":"product_cat-reseaux-cables","10":"product_tag-tag_1295","12":"first","13":"instock","14":"taxable","15":"shipping-taxable","16":"purchasable","17":"product-type-simple"},"_links":{"self":[{"href":"https:\/\/bigbuy.tupique.com\/en\/wp-json\/wp\/v2\/product\/148658","targetHints":{"allow":["GET"]}}],"collection":[{"href":"https:\/\/bigbuy.tupique.com\/en\/wp-json\/wp\/v2\/product"}],"about":[{"href":"https:\/\/bigbuy.tupique.com\/en\/wp-json\/wp\/v2\/types\/product"}],"replies":[{"embeddable":true,"href":"https:\/\/bigbuy.tupique.com\/en\/wp-json\/wp\/v2\/comments?post=148658"}],"wp:featuredmedia":[{"embeddable":true,"href":"https:\/\/bigbuy.tupique.com\/en\/wp-json\/wp\/v2\/media\/148655"}],"wp:attachment":[{"href":"https:\/\/bigbuy.tupique.com\/en\/wp-json\/wp\/v2\/media?parent=148658"}],"wp:term":[{"taxonomy":"product_brand","embeddable":true,"href":"https:\/\/bigbuy.tupique.com\/en\/wp-json\/wp\/v2\/product_brand?post=148658"},{"taxonomy":"product_cat","embeddable":true,"href":"https:\/\/bigbuy.tupique.com\/en\/wp-json\/wp\/v2\/product_cat?post=148658"},{"taxonomy":"product_tag","embeddable":true,"href":"https:\/\/bigbuy.tupique.com\/en\/wp-json\/wp\/v2\/product_tag?post=148658"}],"curies":[{"name":"wp","href":"https:\/\/api.w.org\/{rel}","templated":true}]}}