{"id":14863,"date":"2026-03-29T12:23:32","date_gmt":"2026-03-29T11:23:32","guid":{"rendered":"https:\/\/bigbuy.tupique.com\/produto\/tv-mount-vogels-7368510-80-kg\/"},"modified":"2026-04-15T00:12:09","modified_gmt":"2026-04-14T23:12:09","slug":"tv-mount-vogels-7368510-80-kg","status":"publish","type":"product","link":"https:\/\/bigbuy.tupique.com\/en\/produto\/tv-mount-vogels-7368510-80-kg\/","title":{"rendered":"Support de TV Vogel&#8217;s 7368510              80 kg"},"content":{"rendered":"<p>Si vous \u00eates passionn\u00e9 d&#8217;<b>informatique et d&#8217;\u00e9lectronique<\/b>, si vous \u00eates \u00e0 la pointe de la technologie et qu&#8217;aucun d\u00e9tail ne vous \u00e9chappe, achetez <b>Support de TV Vogel&#8217;s 7368510              80 kg<\/b> au meilleur prix.<\/p>\n<p>Le <b>support TV PFW 6851<\/b> de Vogel&#8217;s est une solution robuste et fonctionnelle con\u00e7ue pour le <b>montage de t\u00e9l\u00e9viseurs jusqu\u2019\u00e0 42 pouces<\/b>, offrant une installation murale s\u00fbre et stable. Fabriqu\u00e9 avec des mat\u00e9riaux de haute qualit\u00e9, ce support pr\u00e9sente une finition \u00e9l\u00e9gante en <b>noir<\/b> qui s\u2019int\u00e8gre discr\u00e8tement dans tout environnement domestique ou professionnel. Son design permet de supporter un <b>poids maximal de 80 kg<\/b>, garantissant la compatibilit\u00e9 avec des t\u00e9l\u00e9viseurs volumineux et lourds. Son syst\u00e8me de <b>montage mural<\/b> optimise l\u2019espace et \u00e9vite toute g\u00eane dans la zone de vision, id\u00e9al pour ceux qui souhaitent am\u00e9liorer la disposition de leur espace sans compromettre la s\u00e9curit\u00e9 et la solidit\u00e9 du support. De plus, sa structure assure une installation simple et fiable, adapt\u00e9e \u00e0 la plupart des configurations d\u2019\u00e9cran standard, avec un accent sur la durabilit\u00e9 et la r\u00e9sistance \u00e0 long terme. Ce mod\u00e8le Vogel&#8217;s se distingue par son \u00e9quilibre entre fonctionnalit\u00e9 et discr\u00e9tion, contribuant \u00e0 une exp\u00e9rience visuelle am\u00e9lior\u00e9e et s\u00e9curis\u00e9e dans les foyers ou environnements professionnels. En r\u00e9sum\u00e9, le support PFW 6851 repr\u00e9sente une option pratique et solide pour un montage mural efficace et s\u00fbr de t\u00e9l\u00e9viseurs jusqu\u2019\u00e0 42 pouces.<\/p>\n<ul>\n<li>Type: Montage mural<\/li>\n<li>Couleur: Noir<\/li>\n<li>Pouces:\n<ul>\n<li>42&#8243;<\/li>\n<li>75&#8243;<\/li>\n<\/ul>\n<\/li>\n<li>Poids Max. support\u00e9: 80 kg<\/li>\n<li>Compatible: VESA 200 x 200 mm<\/li>\n<\/ul>","protected":false},"excerpt":{"rendered":"<p>Si vous \u00eates passionn\u00e9 d&#8217;informatique et d&#8217;\u00e9lectronique, si vous \u00eates \u00e0 la pointe de la technologie et qu&#8217;aucun d\u00e9tail ne vous \u00e9chappe, achetez Support de TV Vogel&#8217;s 7368510 80 kg au meilleur prix. Le support TV PFW 6851 de Vogel&#8217;s est une solution robuste et fonctionnelle con\u00e7ue pour le montage de t\u00e9l\u00e9viseurs jusqu\u2019\u00e0 42 pouces, [&hellip;]<\/p>\n","protected":false},"featured_media":170422,"comment_status":"open","ping_status":"closed","template":"","meta":[],"product_brand":[643],"product_cat":[589,65,590],"product_tag":[210],"class_list":{"0":"post-14863","1":"product","2":"type-product","3":"status-publish","4":"has-post-thumbnail","6":"product_brand-brandp_920","7":"product_cat-electronique-television","8":"product_cat-informatique-electronique","9":"product_cat-supports-de-television","10":"product_tag-tag_25","12":"first","13":"instock","14":"taxable","15":"shipping-taxable","16":"purchasable","17":"product-type-simple"},"_links":{"self":[{"href":"https:\/\/bigbuy.tupique.com\/en\/wp-json\/wp\/v2\/product\/14863","targetHints":{"allow":["GET"]}}],"collection":[{"href":"https:\/\/bigbuy.tupique.com\/en\/wp-json\/wp\/v2\/product"}],"about":[{"href":"https:\/\/bigbuy.tupique.com\/en\/wp-json\/wp\/v2\/types\/product"}],"replies":[{"embeddable":true,"href":"https:\/\/bigbuy.tupique.com\/en\/wp-json\/wp\/v2\/comments?post=14863"}],"wp:featuredmedia":[{"embeddable":true,"href":"https:\/\/bigbuy.tupique.com\/en\/wp-json\/wp\/v2\/media\/170422"}],"wp:attachment":[{"href":"https:\/\/bigbuy.tupique.com\/en\/wp-json\/wp\/v2\/media?parent=14863"}],"wp:term":[{"taxonomy":"product_brand","embeddable":true,"href":"https:\/\/bigbuy.tupique.com\/en\/wp-json\/wp\/v2\/product_brand?post=14863"},{"taxonomy":"product_cat","embeddable":true,"href":"https:\/\/bigbuy.tupique.com\/en\/wp-json\/wp\/v2\/product_cat?post=14863"},{"taxonomy":"product_tag","embeddable":true,"href":"https:\/\/bigbuy.tupique.com\/en\/wp-json\/wp\/v2\/product_tag?post=14863"}],"curies":[{"name":"wp","href":"https:\/\/api.w.org\/{rel}","templated":true}]}}